{"id":2806,"date":"2026-03-11T04:00:09","date_gmt":"2026-03-11T08:00:09","guid":{"rendered":"https:\/\/www.paysagesrossignol.com\/product\/physocarpe-a-feuilles-dobier-diabolo\/"},"modified":"2026-05-04T11:17:32","modified_gmt":"2026-05-04T15:17:32","slug":"physocarpe-a-feuilles-dobier-diabolo","status":"publish","type":"product","link":"https:\/\/www.paysagesrossignol.com\/en\/product\/physocarpe-a-feuilles-dobier-diabolo\/","title":{"rendered":"Physocarpe A Feuilles D&#8217;Obier Diabolo"},"content":{"rendered":"<h1><strong>Voir disponibilit\u00e9 en magasin<\/strong><\/h1>\n<h3><strong>Nom latin : Physocarpus opulifolius Diabolo<\/strong><\/h3>\n<p>Arbuste ornemental tr\u00e8s appr\u00e9ci\u00e9 pour son <strong data-start=\"233\" data-end=\"273\">feuillage pourpre fonc\u00e9 presque noir<\/strong>, son <strong data-start=\"279\" data-end=\"306\">port arrondi et compact<\/strong>, et ses <strong data-start=\"315\" data-end=\"366\">petites fleurs blanches en grappes au printemps<\/strong>. Tr\u00e8s tol\u00e9rant aux <strong data-start=\"386\" data-end=\"436\">conditions urbaines, sols vari\u00e9s et s\u00e9cheresse<\/strong>, il est parfait pour <strong data-start=\"458\" data-end=\"520\">haies color\u00e9es, massifs d\u00e9coratifs et plantations en isol\u00e9<\/strong>.<\/p>\n<h3 data-section-id=\"fo4qqk\" data-start=\"528\" data-end=\"551\">Caract\u00e9ristiques<\/h3>\n<ul data-start=\"553\" data-end=\"833\">\n<li data-section-id=\"1dv4w3a\" data-start=\"553\" data-end=\"582\"><strong data-start=\"555\" data-end=\"568\">Hauteur :<\/strong> 1,5 \u00e0 2,5 m<\/li>\n<li data-section-id=\"1nu1u4m\" data-start=\"583\" data-end=\"612\"><strong data-start=\"585\" data-end=\"598\">Largeur :<\/strong> 1,5 \u00e0 2,5 m<\/li>\n<li data-section-id=\"1fqa3rr\" data-start=\"613\" data-end=\"641\"><strong data-start=\"615\" data-end=\"631\">Croissance :<\/strong> Moyenne<\/li>\n<li data-section-id=\"17dp8qg\" data-start=\"643\" data-end=\"681\"><strong data-start=\"645\" data-end=\"661\">Exposition :<\/strong> Soleil \u00e0 mi-ombre<\/li>\n<li data-section-id=\"55val7\" data-start=\"682\" data-end=\"736\"><strong data-start=\"684\" data-end=\"693\">Sol :<\/strong> Bien drain\u00e9, tol\u00e8re sols secs et urbains<\/li>\n<li data-section-id=\"13nbwbf\" data-start=\"737\" data-end=\"755\"><strong data-start=\"739\" data-end=\"749\">Zone :<\/strong> 3\u20137<\/li>\n<li data-section-id=\"nxviqk\" data-start=\"757\" data-end=\"790\"><strong data-start=\"759\" data-end=\"774\">Feuillage :<\/strong> Pourpre fonc\u00e9<\/li>\n<li data-section-id=\"byueph\" data-start=\"791\" data-end=\"833\"><strong data-start=\"793\" data-end=\"816\">Couleur automnale :<\/strong> Pourpre \u00e0 brun<\/li>\n<\/ul>\n","protected":false},"excerpt":{"rendered":"<p>Voir disponibilit\u00e9 en magasin Nom latin : Physocarpus opulifolius Diabolo Arbuste ornemental tr\u00e8s appr\u00e9ci\u00e9 pour son feuillage pourpre fonc\u00e9 presque noir, son port arrondi et compact, et ses petites fleurs blanches en grappes au printemps. Tr\u00e8s tol\u00e9rant aux conditions urbaines, sols vari\u00e9s et s\u00e9cheresse, il est parfait pour haies color\u00e9es, massifs d\u00e9coratifs et plantations en [&hellip;]<\/p>\n","protected":false},"featured_media":2634,"comment_status":"closed","ping_status":"open","template":"","meta":{"_acf_changed":false,"_seopress_robots_primary_cat":"","_seopress_titles_title":"","_seopress_titles_desc":"","_seopress_robots_index":"","_seopress_analysis_target_kw":""},"product_brand":[],"product_cat":[44,43],"product_tag":[53],"class_list":{"0":"post-2806","1":"product","2":"type-product","3":"status-publish","4":"has-post-thumbnail","6":"product_cat-arbres","7":"product_cat-vegetaux","8":"product_tag-vegetaux-sur-mesure","9":"pa_format-sur-tige","11":"first","12":"instock","13":"taxable","14":"shipping-taxable","15":"purchasable","16":"product-type-variable"},"acf":[],"_links":{"self":[{"href":"https:\/\/www.paysagesrossignol.com\/en\/wp-json\/wp\/v2\/product\/2806","targetHints":{"allow":["GET"]}}],"collection":[{"href":"https:\/\/www.paysagesrossignol.com\/en\/wp-json\/wp\/v2\/product"}],"about":[{"href":"https:\/\/www.paysagesrossignol.com\/en\/wp-json\/wp\/v2\/types\/product"}],"replies":[{"embeddable":true,"href":"https:\/\/www.paysagesrossignol.com\/en\/wp-json\/wp\/v2\/comments?post=2806"}],"wp:featuredmedia":[{"embeddable":true,"href":"https:\/\/www.paysagesrossignol.com\/en\/wp-json\/wp\/v2\/media\/2634"}],"wp:attachment":[{"href":"https:\/\/www.paysagesrossignol.com\/en\/wp-json\/wp\/v2\/media?parent=2806"}],"wp:term":[{"taxonomy":"product_brand","embeddable":true,"href":"https:\/\/www.paysagesrossignol.com\/en\/wp-json\/wp\/v2\/product_brand?post=2806"},{"taxonomy":"product_cat","embeddable":true,"href":"https:\/\/www.paysagesrossignol.com\/en\/wp-json\/wp\/v2\/product_cat?post=2806"},{"taxonomy":"product_tag","embeddable":true,"href":"https:\/\/www.paysagesrossignol.com\/en\/wp-json\/wp\/v2\/product_tag?post=2806"}],"curies":[{"name":"wp","href":"https:\/\/api.w.org\/{rel}","templated":true}]}}