{"id":29275,"date":"2026-03-10T00:00:28","date_gmt":"2026-03-10T04:00:28","guid":{"rendered":"https:\/\/www.paysagesrossignol.com\/?post_type=product&#038;p=29275"},"modified":"2026-03-10T14:47:42","modified_gmt":"2026-03-10T18:47:42","slug":"piment-piccante-de-cayenna-2","status":"publish","type":"product","link":"https:\/\/www.paysagesrossignol.com\/en\/produit\/piment-piccante-de-cayenna-2\/","title":{"rendered":"Piment Piccante de Cayenna"},"content":{"rendered":"<h1><strong>Voir disponibilit\u00e9 en magasin<\/strong><\/h1>\n<p>Tr\u00e8s tr\u00e8s piquant! Excellant dans les mets exotiques ou cajuns. Commence par un poivron vert, puis devient rouge. Pr\u00e9f\u00e8re un emplacement prot\u00e9g\u00e9 du vent, maintenez le sol uniform\u00e9ment humide.<\/p>\n<p>75-80 jours \u00e0 la r\u00e9colte<\/p>\n<p>McKenzie<\/p>\n","protected":false},"excerpt":{"rendered":"<p>Voir disponibilit\u00e9 en magasin Tr\u00e8s tr\u00e8s piquant! Excellant dans les mets exotiques ou cajuns. Commence par un poivron vert, puis devient rouge. Pr\u00e9f\u00e8re un emplacement prot\u00e9g\u00e9 du vent, maintenez le sol uniform\u00e9ment humide. 75-80 jours \u00e0 la r\u00e9colte McKenzie<\/p>\n","protected":false},"featured_media":29276,"template":"","meta":[],"product_cat":[125],"product_tag":[],"acf":[],"_links":{"self":[{"href":"https:\/\/www.paysagesrossignol.com\/en\/wp-json\/wp\/v2\/product\/29275"}],"collection":[{"href":"https:\/\/www.paysagesrossignol.com\/en\/wp-json\/wp\/v2\/product"}],"about":[{"href":"https:\/\/www.paysagesrossignol.com\/en\/wp-json\/wp\/v2\/types\/product"}],"wp:featuredmedia":[{"embeddable":true,"href":"https:\/\/www.paysagesrossignol.com\/en\/wp-json\/wp\/v2\/media\/29276"}],"wp:attachment":[{"href":"https:\/\/www.paysagesrossignol.com\/en\/wp-json\/wp\/v2\/media?parent=29275"}],"wp:term":[{"taxonomy":"product_cat","embeddable":true,"href":"https:\/\/www.paysagesrossignol.com\/en\/wp-json\/wp\/v2\/product_cat?post=29275"},{"taxonomy":"product_tag","embeddable":true,"href":"https:\/\/www.paysagesrossignol.com\/en\/wp-json\/wp\/v2\/product_tag?post=29275"}],"curies":[{"name":"wp","href":"https:\/\/api.w.org\/{rel}","templated":true}]}}