{"id":29284,"date":"2026-03-10T15:01:16","date_gmt":"2026-03-10T19:01:16","guid":{"rendered":"https:\/\/www.paysagesrossignol.com\/?post_type=product&#038;p=29284"},"modified":"2026-03-10T15:01:16","modified_gmt":"2026-03-10T19:01:16","slug":"zucchini-alberello-di-sarzana-2","status":"publish","type":"product","link":"https:\/\/www.paysagesrossignol.com\/en\/produit\/zucchini-alberello-di-sarzana-2\/","title":{"rendered":"Zucchini Alberello Di Sarzana"},"content":{"rendered":"<h1>Voir disponibilit\u00e9 en magasin<\/h1>\n<p>Surnomm\u00e9e &#8220;Petit arbre de Sarzana&#8221;, cette courgette merceilleuse produits des fruits vert clair marqu\u00e9s de points blancs. Son port non coureur court et compact la rend id\u00e9ale pour les petits potagers. Cette vari\u00e9t\u00e9 offre une r\u00e9sistance naturelle au blanc.<\/p>\n<p>50-55 jours \u00e0 la r\u00e9colte<\/p>\n<p>McKenzie<\/p>\n","protected":false},"excerpt":{"rendered":"<p>Voir disponibilit\u00e9 en magasin Surnomm\u00e9e &#8220;Petit arbre de Sarzana&#8221;, cette courgette merceilleuse produits des fruits vert clair marqu\u00e9s de points blancs. Son port non coureur court et compact la rend id\u00e9ale pour les petits potagers. Cette vari\u00e9t\u00e9 offre une r\u00e9sistance naturelle au blanc. 50-55 jours \u00e0 la r\u00e9colte McKenzie<\/p>\n","protected":false},"featured_media":29285,"template":"","meta":[],"product_cat":[125],"product_tag":[],"acf":[],"_links":{"self":[{"href":"https:\/\/www.paysagesrossignol.com\/en\/wp-json\/wp\/v2\/product\/29284"}],"collection":[{"href":"https:\/\/www.paysagesrossignol.com\/en\/wp-json\/wp\/v2\/product"}],"about":[{"href":"https:\/\/www.paysagesrossignol.com\/en\/wp-json\/wp\/v2\/types\/product"}],"wp:featuredmedia":[{"embeddable":true,"href":"https:\/\/www.paysagesrossignol.com\/en\/wp-json\/wp\/v2\/media\/29285"}],"wp:attachment":[{"href":"https:\/\/www.paysagesrossignol.com\/en\/wp-json\/wp\/v2\/media?parent=29284"}],"wp:term":[{"taxonomy":"product_cat","embeddable":true,"href":"https:\/\/www.paysagesrossignol.com\/en\/wp-json\/wp\/v2\/product_cat?post=29284"},{"taxonomy":"product_tag","embeddable":true,"href":"https:\/\/www.paysagesrossignol.com\/en\/wp-json\/wp\/v2\/product_tag?post=29284"}],"curies":[{"name":"wp","href":"https:\/\/api.w.org\/{rel}","templated":true}]}}