{"id":29293,"date":"2026-03-10T15:27:26","date_gmt":"2026-03-10T19:27:26","guid":{"rendered":"https:\/\/www.paysagesrossignol.com\/?post_type=product&#038;p=29293"},"modified":"2026-03-10T15:27:26","modified_gmt":"2026-03-10T19:27:26","slug":"tomate-super-doux-hybride-2","status":"publish","type":"product","link":"https:\/\/www.paysagesrossignol.com\/en\/produit\/tomate-super-doux-hybride-2\/","title":{"rendered":"Tomate Super Doux Hybride"},"content":{"rendered":"<h1>Voir disponibilit\u00e9 en magasin<\/h1>\n<p>Plantes vigoureuses qui produisent des milliers de fruits brillants, cerises, de moins de 2.5cm (1&#8243;) de taille. Les grappes abondantes et continues de tomates tr\u00e8s sucr\u00e9es ont un indice brix de 6.5. Les plantes sont r\u00e9sistantes au crack, au fusarium et \u00e0 l&#8217;anthracnose. Ind\u00e9termin\u00e9 &#8211; Exige un tuteur<\/p>\n<p>70 jours \u00e0 la r\u00e9colte<\/p>\n<p>McKenzie<\/p>\n","protected":false},"excerpt":{"rendered":"<p>Voir disponibilit\u00e9 en magasin Plantes vigoureuses qui produisent des milliers de fruits brillants, cerises, de moins de 2.5cm (1&#8243;) de taille. Les grappes abondantes et continues de tomates tr\u00e8s sucr\u00e9es ont un indice brix de 6.5. Les plantes sont r\u00e9sistantes au crack, au fusarium et \u00e0 l&#8217;anthracnose. Ind\u00e9termin\u00e9 &#8211; Exige un tuteur 70 jours \u00e0 [&hellip;]<\/p>\n","protected":false},"featured_media":29294,"template":"","meta":[],"product_cat":[125],"product_tag":[],"acf":[],"_links":{"self":[{"href":"https:\/\/www.paysagesrossignol.com\/en\/wp-json\/wp\/v2\/product\/29293"}],"collection":[{"href":"https:\/\/www.paysagesrossignol.com\/en\/wp-json\/wp\/v2\/product"}],"about":[{"href":"https:\/\/www.paysagesrossignol.com\/en\/wp-json\/wp\/v2\/types\/product"}],"wp:featuredmedia":[{"embeddable":true,"href":"https:\/\/www.paysagesrossignol.com\/en\/wp-json\/wp\/v2\/media\/29294"}],"wp:attachment":[{"href":"https:\/\/www.paysagesrossignol.com\/en\/wp-json\/wp\/v2\/media?parent=29293"}],"wp:term":[{"taxonomy":"product_cat","embeddable":true,"href":"https:\/\/www.paysagesrossignol.com\/en\/wp-json\/wp\/v2\/product_cat?post=29293"},{"taxonomy":"product_tag","embeddable":true,"href":"https:\/\/www.paysagesrossignol.com\/en\/wp-json\/wp\/v2\/product_tag?post=29293"}],"curies":[{"name":"wp","href":"https:\/\/api.w.org\/{rel}","templated":true}]}}