{"id":29304,"date":"2026-03-10T15:39:08","date_gmt":"2026-03-10T19:39:08","guid":{"rendered":"https:\/\/www.paysagesrossignol.com\/?post_type=product&#038;p=29304"},"modified":"2026-03-30T14:41:37","modified_gmt":"2026-03-30T18:41:37","slug":"melon-deau-crimson-sweet-2","status":"publish","type":"product","link":"https:\/\/www.paysagesrossignol.com\/en\/produit\/melon-deau-crimson-sweet-2\/","title":{"rendered":"Melon d&#8217;eau Crimson Sweet"},"content":{"rendered":"<h1>Voir disponibilit\u00e9 en magasin<\/h1>\n<p>Id\u00e9al pour les journ\u00e9es chaudes d&#8217;\u00e9t\u00e9. Ce melon gros et rond d&#8217;environ 11kg (25 lbs) est vert p\u00e2le avec des rayures vert fonc\u00e9. Ferme et de texture fine, sa chair rouge fonc\u00e9e est juteuse et \u00e0 un go\u00fbt sucr\u00e9.<\/p>\n<p>80 jours \u00e0 la r\u00e9colte<\/p>\n<p>McKenzie<\/p>\n","protected":false},"excerpt":{"rendered":"<p>Voir disponibilit\u00e9 en magasin Id\u00e9al pour les journ\u00e9es chaudes d&#8217;\u00e9t\u00e9. Ce melon gros et rond d&#8217;environ 11kg (25 lbs) est vert p\u00e2le avec des rayures vert fonc\u00e9. Ferme et de texture fine, sa chair rouge fonc\u00e9e est juteuse et \u00e0 un go\u00fbt sucr\u00e9. 80 jours \u00e0 la r\u00e9colte McKenzie<\/p>\n","protected":false},"featured_media":29305,"template":"","meta":[],"product_cat":[125],"product_tag":[],"acf":[],"_links":{"self":[{"href":"https:\/\/www.paysagesrossignol.com\/en\/wp-json\/wp\/v2\/product\/29304"}],"collection":[{"href":"https:\/\/www.paysagesrossignol.com\/en\/wp-json\/wp\/v2\/product"}],"about":[{"href":"https:\/\/www.paysagesrossignol.com\/en\/wp-json\/wp\/v2\/types\/product"}],"wp:featuredmedia":[{"embeddable":true,"href":"https:\/\/www.paysagesrossignol.com\/en\/wp-json\/wp\/v2\/media\/29305"}],"wp:attachment":[{"href":"https:\/\/www.paysagesrossignol.com\/en\/wp-json\/wp\/v2\/media?parent=29304"}],"wp:term":[{"taxonomy":"product_cat","embeddable":true,"href":"https:\/\/www.paysagesrossignol.com\/en\/wp-json\/wp\/v2\/product_cat?post=29304"},{"taxonomy":"product_tag","embeddable":true,"href":"https:\/\/www.paysagesrossignol.com\/en\/wp-json\/wp\/v2\/product_tag?post=29304"}],"curies":[{"name":"wp","href":"https:\/\/api.w.org\/{rel}","templated":true}]}}