{"id":29323,"date":"2026-03-10T16:11:39","date_gmt":"2026-03-10T20:11:39","guid":{"rendered":"https:\/\/www.paysagesrossignol.com\/?post_type=product&#038;p=29323"},"modified":"2026-03-10T16:11:39","modified_gmt":"2026-03-10T20:11:39","slug":"radis-crimson-giant-champion","status":"publish","type":"product","link":"https:\/\/www.paysagesrossignol.com\/en\/produit\/radis-crimson-giant-champion\/","title":{"rendered":"Radis Crimson Giant Champion"},"content":{"rendered":"<h1>Voir disponibilit\u00e9 en magasin<\/h1>\n<p>Une vari\u00e9t\u00e9 de taille important qui grossit sans devenir creuse. Forme un globe parfait de couleur de couleur cramoisie avec une chair enti\u00e8rement blanche. 3,5 cm (1 1\/2&#8243;) de diam\u00e8tre. Ferme, croustillant et tendre \u00e0 saveur douce et sucr\u00e9e. L\u00e9gume de saison froide. Faites plusieurs semis \u00e0 10 jours d&#8217;intervale, arr\u00eatant lorsque la temp\u00e9rature se r\u00e9chauffe. Pour une r\u00e9colte automnale, semez-en de nouveau losrque la temp\u00e9rature se rafra\u00eechit.<\/p>\n<p>20-30 jours \u00e0 la r\u00e9colte<\/p>\n<p>McKenzie<\/p>\n","protected":false},"excerpt":{"rendered":"<p>Voir disponibilit\u00e9 en magasin Une vari\u00e9t\u00e9 de taille important qui grossit sans devenir creuse. Forme un globe parfait de couleur de couleur cramoisie avec une chair enti\u00e8rement blanche. 3,5 cm (1 1\/2&#8243;) de diam\u00e8tre. Ferme, croustillant et tendre \u00e0 saveur douce et sucr\u00e9e. L\u00e9gume de saison froide. Faites plusieurs semis \u00e0 10 jours d&#8217;intervale, arr\u00eatant [&hellip;]<\/p>\n","protected":false},"featured_media":29324,"template":"","meta":[],"product_cat":[125],"product_tag":[],"acf":[],"_links":{"self":[{"href":"https:\/\/www.paysagesrossignol.com\/en\/wp-json\/wp\/v2\/product\/29323"}],"collection":[{"href":"https:\/\/www.paysagesrossignol.com\/en\/wp-json\/wp\/v2\/product"}],"about":[{"href":"https:\/\/www.paysagesrossignol.com\/en\/wp-json\/wp\/v2\/types\/product"}],"wp:featuredmedia":[{"embeddable":true,"href":"https:\/\/www.paysagesrossignol.com\/en\/wp-json\/wp\/v2\/media\/29324"}],"wp:attachment":[{"href":"https:\/\/www.paysagesrossignol.com\/en\/wp-json\/wp\/v2\/media?parent=29323"}],"wp:term":[{"taxonomy":"product_cat","embeddable":true,"href":"https:\/\/www.paysagesrossignol.com\/en\/wp-json\/wp\/v2\/product_cat?post=29323"},{"taxonomy":"product_tag","embeddable":true,"href":"https:\/\/www.paysagesrossignol.com\/en\/wp-json\/wp\/v2\/product_tag?post=29323"}],"curies":[{"name":"wp","href":"https:\/\/api.w.org\/{rel}","templated":true}]}}