{"id":29328,"date":"2026-03-10T16:18:16","date_gmt":"2026-03-10T20:18:16","guid":{"rendered":"https:\/\/www.paysagesrossignol.com\/?post_type=product&#038;p=29328"},"modified":"2026-03-10T16:18:16","modified_gmt":"2026-03-10T20:18:16","slug":"pois-alaska","status":"publish","type":"product","link":"https:\/\/www.paysagesrossignol.com\/en\/produit\/pois-alaska\/","title":{"rendered":"Pois Alaska"},"content":{"rendered":"<h1>Voir disponibilit\u00e9 en magasin<\/h1>\n<p>Tr\u00e8s h\u00e2tif et \u00e0 tr\u00e8s bon rendement. Les cosses de 5 \u00e0 8 cm (2-3&#8243;) de long contiennent de 6 \u00e0 8 petits pois. R\u00e9sistant aux maladies, au fl\u00e9trissement et au froid. Les pois poussent mieux lorsque sem\u00e9s dans un sol frais et bien drain\u00e9. Faites des semis successifs \u00e0 toutes les deux semaines jusqu&#8217;\u00e0 la mi-juin pour une saison de r\u00e9colte prolong\u00e9e. Hauteur de la plante : 75 cm (30&#8243;)<\/p>\n<p>50-55 jours \u00e0 la r\u00e9colte<\/p>\n<p>McKenzie<\/p>\n","protected":false},"excerpt":{"rendered":"<p>Voir disponibilit\u00e9 en magasin Tr\u00e8s h\u00e2tif et \u00e0 tr\u00e8s bon rendement. Les cosses de 5 \u00e0 8 cm (2-3&#8243;) de long contiennent de 6 \u00e0 8 petits pois. R\u00e9sistant aux maladies, au fl\u00e9trissement et au froid. Les pois poussent mieux lorsque sem\u00e9s dans un sol frais et bien drain\u00e9. Faites des semis successifs \u00e0 toutes [&hellip;]<\/p>\n","protected":false},"featured_media":29329,"template":"","meta":[],"product_cat":[125],"product_tag":[],"acf":[],"_links":{"self":[{"href":"https:\/\/www.paysagesrossignol.com\/en\/wp-json\/wp\/v2\/product\/29328"}],"collection":[{"href":"https:\/\/www.paysagesrossignol.com\/en\/wp-json\/wp\/v2\/product"}],"about":[{"href":"https:\/\/www.paysagesrossignol.com\/en\/wp-json\/wp\/v2\/types\/product"}],"wp:featuredmedia":[{"embeddable":true,"href":"https:\/\/www.paysagesrossignol.com\/en\/wp-json\/wp\/v2\/media\/29329"}],"wp:attachment":[{"href":"https:\/\/www.paysagesrossignol.com\/en\/wp-json\/wp\/v2\/media?parent=29328"}],"wp:term":[{"taxonomy":"product_cat","embeddable":true,"href":"https:\/\/www.paysagesrossignol.com\/en\/wp-json\/wp\/v2\/product_cat?post=29328"},{"taxonomy":"product_tag","embeddable":true,"href":"https:\/\/www.paysagesrossignol.com\/en\/wp-json\/wp\/v2\/product_tag?post=29328"}],"curies":[{"name":"wp","href":"https:\/\/api.w.org\/{rel}","templated":true}]}}