{"id":29468,"date":"2026-03-13T08:34:27","date_gmt":"2026-03-13T12:34:27","guid":{"rendered":"https:\/\/www.paysagesrossignol.com\/?post_type=product&#038;p=29468"},"modified":"2026-03-13T08:34:27","modified_gmt":"2026-03-13T12:34:27","slug":"tomate-chocolate-cherry","status":"publish","type":"product","link":"https:\/\/www.paysagesrossignol.com\/en\/produit\/tomate-chocolate-cherry\/","title":{"rendered":"Tomate Chocolate Cherry"},"content":{"rendered":"<h1>Voir disponibilit\u00e9 en magasin<\/h1>\n<p>Une tomate gourmande sucr\u00e9 avec une saveur incroyable. Un h\u00e9ritage qui produit des rendements prolifiques de rouge miniature de 2,5 cm (1&#8243;) avec une nuance de chocolat qui ne se fissure pas ou ne se fend pas. Les fruits poussent en grappes de 6 \u00e0 8 fruits sur des grappes. Ind\u00e9termin\u00e9 &#8211; Tuteurage requis<\/p>\n<p>70 jours \u00e0 la r\u00e9colte<\/p>\n<p>McKenzie<\/p>\n","protected":false},"excerpt":{"rendered":"<p>Voir disponibilit\u00e9 en magasin Une tomate gourmande sucr\u00e9 avec une saveur incroyable. Un h\u00e9ritage qui produit des rendements prolifiques de rouge miniature de 2,5 cm (1&#8243;) avec une nuance de chocolat qui ne se fissure pas ou ne se fend pas. Les fruits poussent en grappes de 6 \u00e0 8 fruits sur des grappes. Ind\u00e9termin\u00e9 [&hellip;]<\/p>\n","protected":false},"featured_media":29469,"template":"","meta":[],"product_cat":[125],"product_tag":[],"acf":[],"_links":{"self":[{"href":"https:\/\/www.paysagesrossignol.com\/en\/wp-json\/wp\/v2\/product\/29468"}],"collection":[{"href":"https:\/\/www.paysagesrossignol.com\/en\/wp-json\/wp\/v2\/product"}],"about":[{"href":"https:\/\/www.paysagesrossignol.com\/en\/wp-json\/wp\/v2\/types\/product"}],"wp:featuredmedia":[{"embeddable":true,"href":"https:\/\/www.paysagesrossignol.com\/en\/wp-json\/wp\/v2\/media\/29469"}],"wp:attachment":[{"href":"https:\/\/www.paysagesrossignol.com\/en\/wp-json\/wp\/v2\/media?parent=29468"}],"wp:term":[{"taxonomy":"product_cat","embeddable":true,"href":"https:\/\/www.paysagesrossignol.com\/en\/wp-json\/wp\/v2\/product_cat?post=29468"},{"taxonomy":"product_tag","embeddable":true,"href":"https:\/\/www.paysagesrossignol.com\/en\/wp-json\/wp\/v2\/product_tag?post=29468"}],"curies":[{"name":"wp","href":"https:\/\/api.w.org\/{rel}","templated":true}]}}