{"id":29483,"date":"2026-03-13T08:59:20","date_gmt":"2026-03-13T12:59:20","guid":{"rendered":"https:\/\/www.paysagesrossignol.com\/?post_type=product&#038;p=29483"},"modified":"2026-03-13T08:59:21","modified_gmt":"2026-03-13T12:59:21","slug":"radis-german-giant","status":"publish","type":"product","link":"https:\/\/www.paysagesrossignol.com\/en\/produit\/radis-german-giant\/","title":{"rendered":"Radis German Giant"},"content":{"rendered":"<h1>Voir disponibilit\u00e9 en magasin<\/h1>\n<p>Ces merveilleux radis peuvent atteindre la grosseur des balles de baseball! Malgr\u00e9 leur grosseur, ces sph\u00e8res rouges \u00e9carlates ont une chair blanche croustillante. L\u00e9gume de saison froide. Faites plusieurs semis \u00e0 10 jours d&#8217;intervalle, arr\u00eatant lorsque la temp\u00e9rature se r\u00e9chauffe. Pour une r\u00e9colte automnale, semez en de nouveau lorsque la temp\u00e9rature se rafra\u00eechit.<\/p>\n<p>29 jours \u00e0 la r\u00e9colte<\/p>\n<p>McKenzie<\/p>\n<p>&nbsp;<\/p>\n","protected":false},"excerpt":{"rendered":"<p>Voir disponibilit\u00e9 en magasin Ces merveilleux radis peuvent atteindre la grosseur des balles de baseball! Malgr\u00e9 leur grosseur, ces sph\u00e8res rouges \u00e9carlates ont une chair blanche croustillante. L\u00e9gume de saison froide. Faites plusieurs semis \u00e0 10 jours d&#8217;intervalle, arr\u00eatant lorsque la temp\u00e9rature se r\u00e9chauffe. Pour une r\u00e9colte automnale, semez en de nouveau lorsque la temp\u00e9rature [&hellip;]<\/p>\n","protected":false},"featured_media":29484,"template":"","meta":[],"product_cat":[125],"product_tag":[],"acf":[],"_links":{"self":[{"href":"https:\/\/www.paysagesrossignol.com\/en\/wp-json\/wp\/v2\/product\/29483"}],"collection":[{"href":"https:\/\/www.paysagesrossignol.com\/en\/wp-json\/wp\/v2\/product"}],"about":[{"href":"https:\/\/www.paysagesrossignol.com\/en\/wp-json\/wp\/v2\/types\/product"}],"wp:featuredmedia":[{"embeddable":true,"href":"https:\/\/www.paysagesrossignol.com\/en\/wp-json\/wp\/v2\/media\/29484"}],"wp:attachment":[{"href":"https:\/\/www.paysagesrossignol.com\/en\/wp-json\/wp\/v2\/media?parent=29483"}],"wp:term":[{"taxonomy":"product_cat","embeddable":true,"href":"https:\/\/www.paysagesrossignol.com\/en\/wp-json\/wp\/v2\/product_cat?post=29483"},{"taxonomy":"product_tag","embeddable":true,"href":"https:\/\/www.paysagesrossignol.com\/en\/wp-json\/wp\/v2\/product_tag?post=29483"}],"curies":[{"name":"wp","href":"https:\/\/api.w.org\/{rel}","templated":true}]}}