{"id":29535,"date":"2026-03-26T09:34:10","date_gmt":"2026-03-26T13:34:10","guid":{"rendered":"https:\/\/www.paysagesrossignol.com\/?post_type=product&#038;p=29535"},"modified":"2026-03-30T11:46:42","modified_gmt":"2026-03-30T15:46:42","slug":"erable-de-norvege-columnare","status":"publish","type":"product","link":"https:\/\/www.paysagesrossignol.com\/en\/produit\/erable-de-norvege-columnare\/","title":{"rendered":"\u00c9rable de Norv\u00e8ge Columnare"},"content":{"rendered":"<h1>Voir disponibilit\u00e9 en magasin<\/h1>\n<h3>Nom latin : Acer Platanoides Columnare<\/h3>\n<p>Arbre au port \u00e9troit et colonnaire, &#8216;Columnare&#8217; est appr\u00e9ci\u00e9 pour les espaces restreints et les plantations en alignement. Tr\u00e8s tol\u00e9rant aux conditions urbaines, il offre une structure dense et r\u00e9guli\u00e8re ainsi qu&#8217;un feuillage abondant, typique des \u00e9rables de Norv\u00e8ge.<\/p>\n<p>Caract\u00e9ristiques<\/p>\n<ul>\n<li>Hauteur : 12 \u00e0 15 m<\/li>\n<li>Largeur : 5 \u00e0 7 m<\/li>\n<li>Croissance : Moyenne<\/li>\n<li>Exposition : Soleil \u00e0 mi-ombre<\/li>\n<li>Sol : Tr\u00e8s adaptable, tol\u00e8re l&#8217;argile, compaction et pollution<\/li>\n<li>Zone : 3<\/li>\n<li>Feuillage : Vert fonc\u00e9, large et dense<\/li>\n<li>Couleur automnale : Jaune<\/li>\n<\/ul>\n","protected":false},"excerpt":{"rendered":"<p>Voir disponibilit\u00e9 en magasin Nom latin : Acer Platanoides Columnare Arbre au port \u00e9troit et colonnaire, &#8216;Columnare&#8217; est appr\u00e9ci\u00e9 pour les espaces restreints et les plantations en alignement. Tr\u00e8s tol\u00e9rant aux conditions urbaines, il offre une structure dense et r\u00e9guli\u00e8re ainsi qu&#8217;un feuillage abondant, typique des \u00e9rables de Norv\u00e8ge. Caract\u00e9ristiques Hauteur : 12 \u00e0 15 [&hellip;]<\/p>\n","protected":false},"featured_media":29539,"template":"","meta":[],"product_cat":[86],"product_tag":[],"acf":[],"_links":{"self":[{"href":"https:\/\/www.paysagesrossignol.com\/en\/wp-json\/wp\/v2\/product\/29535"}],"collection":[{"href":"https:\/\/www.paysagesrossignol.com\/en\/wp-json\/wp\/v2\/product"}],"about":[{"href":"https:\/\/www.paysagesrossignol.com\/en\/wp-json\/wp\/v2\/types\/product"}],"wp:featuredmedia":[{"embeddable":true,"href":"https:\/\/www.paysagesrossignol.com\/en\/wp-json\/wp\/v2\/media\/29539"}],"wp:attachment":[{"href":"https:\/\/www.paysagesrossignol.com\/en\/wp-json\/wp\/v2\/media?parent=29535"}],"wp:term":[{"taxonomy":"product_cat","embeddable":true,"href":"https:\/\/www.paysagesrossignol.com\/en\/wp-json\/wp\/v2\/product_cat?post=29535"},{"taxonomy":"product_tag","embeddable":true,"href":"https:\/\/www.paysagesrossignol.com\/en\/wp-json\/wp\/v2\/product_tag?post=29535"}],"curies":[{"name":"wp","href":"https:\/\/api.w.org\/{rel}","templated":true}]}}