{"id":29545,"date":"2026-03-26T10:05:22","date_gmt":"2026-03-26T14:05:22","guid":{"rendered":"https:\/\/www.paysagesrossignol.com\/?post_type=product&#038;p=29545"},"modified":"2026-03-30T11:52:31","modified_gmt":"2026-03-30T15:52:31","slug":"erable-plane-crimson-king","status":"publish","type":"product","link":"https:\/\/www.paysagesrossignol.com\/en\/produit\/erable-plane-crimson-king\/","title":{"rendered":"\u00c9rable de Norv\u00e8ge Crimson King"},"content":{"rendered":"<h1><strong>Voir disponibilit\u00e9 en magasin<\/strong><\/h1>\n<h3><strong>Nom latin : Acer platanoides Crimson King<\/strong><\/h3>\n<p>Arbre ornemental tr\u00e8s populaire pour son feuillage pourpre fonc\u00e9 tout au long de la saison, &#8216;Crimson King&#8217; forme une large couronne dense et offre une forte pr\u00e9sence visuelle, tout en \u00e9tant tr\u00e8s tol\u00e9rant aux conditions urbaines, ci qui en fait un choix fr\u00e9quent pour les parcs et les grands terrain.<\/p>\n<p>Caract\u00e9ristiques<\/p>\n<ul>\n<li>Hauteur : 12 \u00e0 15 m<\/li>\n<li>Largeur : 10 \u00e0 12 m<\/li>\n<li>Croissance : Moyenne<\/li>\n<li>Exposition : Soleil \u00e0 mi-ombre<\/li>\n<li>Sol : Tr\u00e8s adaptable, tol\u00e8re argile, compaction et pollution<\/li>\n<li>Zone : 3<\/li>\n<li>Feuillage : Pourpre fonc\u00e9, dense<\/li>\n<li>Couleur automnale : Pourpre \u00e0 brun\u00e2tre<\/li>\n<\/ul>\n","protected":false},"excerpt":{"rendered":"<p>Voir disponibilit\u00e9 en magasin Nom latin : Acer platanoides Crimson King Arbre ornemental tr\u00e8s populaire pour son feuillage pourpre fonc\u00e9 tout au long de la saison, &#8216;Crimson King&#8217; forme une large couronne dense et offre une forte pr\u00e9sence visuelle, tout en \u00e9tant tr\u00e8s tol\u00e9rant aux conditions urbaines, ci qui en fait un choix fr\u00e9quent pour [&hellip;]<\/p>\n","protected":false},"featured_media":29539,"template":"","meta":[],"product_cat":[86],"product_tag":[],"acf":[],"_links":{"self":[{"href":"https:\/\/www.paysagesrossignol.com\/en\/wp-json\/wp\/v2\/product\/29545"}],"collection":[{"href":"https:\/\/www.paysagesrossignol.com\/en\/wp-json\/wp\/v2\/product"}],"about":[{"href":"https:\/\/www.paysagesrossignol.com\/en\/wp-json\/wp\/v2\/types\/product"}],"wp:featuredmedia":[{"embeddable":true,"href":"https:\/\/www.paysagesrossignol.com\/en\/wp-json\/wp\/v2\/media\/29539"}],"wp:attachment":[{"href":"https:\/\/www.paysagesrossignol.com\/en\/wp-json\/wp\/v2\/media?parent=29545"}],"wp:term":[{"taxonomy":"product_cat","embeddable":true,"href":"https:\/\/www.paysagesrossignol.com\/en\/wp-json\/wp\/v2\/product_cat?post=29545"},{"taxonomy":"product_tag","embeddable":true,"href":"https:\/\/www.paysagesrossignol.com\/en\/wp-json\/wp\/v2\/product_tag?post=29545"}],"curies":[{"name":"wp","href":"https:\/\/api.w.org\/{rel}","templated":true}]}}