{"id":29547,"date":"2026-03-11T00:00:31","date_gmt":"2026-03-11T04:00:31","guid":{"rendered":"https:\/\/www.paysagesrossignol.com\/?post_type=product&#038;p=29547"},"modified":"2026-03-30T12:02:12","modified_gmt":"2026-03-30T16:02:12","slug":"erable-crimson-sentry","status":"publish","type":"product","link":"https:\/\/www.paysagesrossignol.com\/en\/produit\/erable-crimson-sentry\/","title":{"rendered":"\u00c9rable de Norv\u00e8ge Crimson Sentry"},"content":{"rendered":"<h1><strong>Voir disponibilit\u00e9 en magasin<\/strong><\/h1>\n<h3><strong>Nom latin : Acer Platanoides Crimson Sentry<\/strong><\/h3>\n<p data-start=\"183\" data-end=\"483\">Arbre \u00e0 port \u00e9troit et colonnaire avec un feuillage pourpre fonc\u00e9, &#8216;Crimson Sentry&#8217; est id\u00e9al pour les espaces restreints o\u00f9 l&#8217;on souhaite conserver l&#8217;effet d\u00e9coratif des \u00e9rables pourpres. Il offre une bonne tol\u00e9rance aux conditions urbaines tout en prenant moins d&#8217;espaces que les cultivars plus larges.<\/p>\n<p data-start=\"490\" data-end=\"513\">Caract\u00e9ristiques<\/p>\n<ul data-start=\"515\" data-end=\"807\">\n<li data-start=\"515\" data-end=\"542\">Hauteur : 10 \u00e0 12 m<\/li>\n<li data-start=\"543\" data-end=\"568\">Largeur : 4 \u00e0 6 m<\/li>\n<li data-start=\"569\" data-end=\"597\">Croissance : Moyenne<\/li>\n<li data-start=\"599\" data-end=\"637\">Exposition : Soleil \u00e0 mi-ombre<\/li>\n<li data-start=\"638\" data-end=\"699\">Sol : Tr\u00e8s adaptable, tol\u00e8re argile, compaction et pollution<\/li>\n<li data-start=\"700\" data-end=\"716\">Zone : 4<\/li>\n<li data-start=\"718\" data-end=\"758\">Feuillage : Pourpre fonc\u00e9, dense<\/li>\n<li data-start=\"759\" data-end=\"807\">Couleur automnale : Pourpre \u00e0 brun\u00e2tre<\/li>\n<\/ul>\n<p>&nbsp;<\/p>\n","protected":false},"excerpt":{"rendered":"<p>Voir disponibilit\u00e9 en magasin Nom latin : Acer Platanoides Crimson Sentry Arbre \u00e0 port \u00e9troit et colonnaire avec un feuillage pourpre fonc\u00e9, &#8216;Crimson Sentry&#8217; est id\u00e9al pour les espaces restreints o\u00f9 l&#8217;on souhaite conserver l&#8217;effet d\u00e9coratif des \u00e9rables pourpres. Il offre une bonne tol\u00e9rance aux conditions urbaines tout en prenant moins d&#8217;espaces que les cultivars [&hellip;]<\/p>\n","protected":false},"featured_media":29539,"template":"","meta":[],"product_cat":[86],"product_tag":[],"acf":[],"_links":{"self":[{"href":"https:\/\/www.paysagesrossignol.com\/en\/wp-json\/wp\/v2\/product\/29547"}],"collection":[{"href":"https:\/\/www.paysagesrossignol.com\/en\/wp-json\/wp\/v2\/product"}],"about":[{"href":"https:\/\/www.paysagesrossignol.com\/en\/wp-json\/wp\/v2\/types\/product"}],"wp:featuredmedia":[{"embeddable":true,"href":"https:\/\/www.paysagesrossignol.com\/en\/wp-json\/wp\/v2\/media\/29539"}],"wp:attachment":[{"href":"https:\/\/www.paysagesrossignol.com\/en\/wp-json\/wp\/v2\/media?parent=29547"}],"wp:term":[{"taxonomy":"product_cat","embeddable":true,"href":"https:\/\/www.paysagesrossignol.com\/en\/wp-json\/wp\/v2\/product_cat?post=29547"},{"taxonomy":"product_tag","embeddable":true,"href":"https:\/\/www.paysagesrossignol.com\/en\/wp-json\/wp\/v2\/product_tag?post=29547"}],"curies":[{"name":"wp","href":"https:\/\/api.w.org\/{rel}","templated":true}]}}