{"id":29569,"date":"2026-03-26T11:41:01","date_gmt":"2026-03-26T15:41:01","guid":{"rendered":"https:\/\/www.paysagesrossignol.com\/?post_type=product&#038;p=29569"},"modified":"2026-03-30T16:29:01","modified_gmt":"2026-03-30T20:29:01","slug":"erable-de-pensylvanie","status":"publish","type":"product","link":"https:\/\/www.paysagesrossignol.com\/en\/produit\/erable-de-pensylvanie\/","title":{"rendered":"\u00c9rable de Pennsylvanie"},"content":{"rendered":"<h1><strong>Voir disponibilit\u00e9 en magasin<\/strong><\/h1>\n<h3><strong>Nom latin : Acer Pensylvanicum<\/strong><\/h3>\n<p>Petit arbre indig\u00e8ne d&#8217;ombre, l&#8217;\u00e9rable de Pennsylvanie est appr\u00e9ci\u00e9 pour son \u00e9corce verte stri\u00e9e de blanc tr\u00e8s d\u00e9corative. Adapt\u00e9 aux milieux forestiers et aux zones ombrag\u00e9es, il offre un aspect unique dans les am\u00e9nagements naturels, mais est moins adapt\u00e9 aux conditions urbaines difficiles.<\/p>\n<p data-section-id=\"fo4qqk\" data-start=\"488\" data-end=\"511\">Caract\u00e9ristiques<\/p>\n<ul data-start=\"513\" data-end=\"828\">\n<li data-section-id=\"10wjige\" data-start=\"513\" data-end=\"539\">Hauteur : 6 \u00e0 10 m<\/li>\n<li data-section-id=\"ukopxk\" data-start=\"540\" data-end=\"565\">Largeur : 4 \u00e0 6 m<\/li>\n<li data-section-id=\"1fqa3rr\" data-start=\"566\" data-end=\"594\">Croissance : Moyenne<\/li>\n<li data-section-id=\"17dp8qg\" data-start=\"596\" data-end=\"634\">Exposition : Mi-ombre \u00e0 ombre<\/li>\n<li data-section-id=\"pvm6x7\" data-start=\"635\" data-end=\"700\">Sol : Frais, riche et bien drain\u00e9<\/li>\n<li data-section-id=\"13fqotb\" data-start=\"701\" data-end=\"717\">Zone : 3<\/li>\n<li data-section-id=\"ur77v\" data-start=\"719\" data-end=\"785\">Feuillage : Vert clair, grandes feuilles trilob\u00e9es<\/li>\n<li data-section-id=\"1jfjilk\" data-start=\"786\" data-end=\"828\">Couleur automnale : Jaune<\/li>\n<\/ul>\n","protected":false},"excerpt":{"rendered":"<p>Voir disponibilit\u00e9 en magasin Nom latin : Acer Pensylvanicum Petit arbre indig\u00e8ne d&#8217;ombre, l&#8217;\u00e9rable de Pennsylvanie est appr\u00e9ci\u00e9 pour son \u00e9corce verte stri\u00e9e de blanc tr\u00e8s d\u00e9corative. Adapt\u00e9 aux milieux forestiers et aux zones ombrag\u00e9es, il offre un aspect unique dans les am\u00e9nagements naturels, mais est moins adapt\u00e9 aux conditions urbaines difficiles. Caract\u00e9ristiques Hauteur : [&hellip;]<\/p>\n","protected":false},"featured_media":29539,"template":"","meta":[],"product_cat":[86],"product_tag":[],"acf":[],"_links":{"self":[{"href":"https:\/\/www.paysagesrossignol.com\/en\/wp-json\/wp\/v2\/product\/29569"}],"collection":[{"href":"https:\/\/www.paysagesrossignol.com\/en\/wp-json\/wp\/v2\/product"}],"about":[{"href":"https:\/\/www.paysagesrossignol.com\/en\/wp-json\/wp\/v2\/types\/product"}],"wp:featuredmedia":[{"embeddable":true,"href":"https:\/\/www.paysagesrossignol.com\/en\/wp-json\/wp\/v2\/media\/29539"}],"wp:attachment":[{"href":"https:\/\/www.paysagesrossignol.com\/en\/wp-json\/wp\/v2\/media?parent=29569"}],"wp:term":[{"taxonomy":"product_cat","embeddable":true,"href":"https:\/\/www.paysagesrossignol.com\/en\/wp-json\/wp\/v2\/product_cat?post=29569"},{"taxonomy":"product_tag","embeddable":true,"href":"https:\/\/www.paysagesrossignol.com\/en\/wp-json\/wp\/v2\/product_tag?post=29569"}],"curies":[{"name":"wp","href":"https:\/\/api.w.org\/{rel}","templated":true}]}}