{"id":29589,"date":"2026-03-26T13:10:55","date_gmt":"2026-03-26T17:10:55","guid":{"rendered":"https:\/\/www.paysagesrossignol.com\/?post_type=product&#038;p=29589"},"modified":"2026-03-26T13:10:55","modified_gmt":"2026-03-26T17:10:55","slug":"fevier-damerique-imperial","status":"publish","type":"product","link":"https:\/\/www.paysagesrossignol.com\/en\/produit\/fevier-damerique-imperial\/","title":{"rendered":"F\u00e9vier d&#8217;Am\u00e9rique Imperial"},"content":{"rendered":"<h1>Voir disponibilit\u00e9 en magasin<\/h1>\n<h3>Nom Latin : Gleditsia Triacanthos Imperial<\/h3>\n<p>Petit \u00e0 moyen arbre au port compact et arrondi, &#8216;Imperial&#8217; est un f\u00e9vier sans \u00e9pines appr\u00e9ci\u00e9 pour sa grande tol\u00e9rance aux conditions urbaines. Son feuillage fin et l\u00e9ger cr\u00e9e une ombre douce, id\u00e9ale pour les espaces restreints et les am\u00e9nagements pr\u00e8s des b\u00e2timents.<\/p>\n<p>Caract\u00e9ristiques<\/p>\n<ul>\n<li>Hauteur : 8 \u00e0 12 m<\/li>\n<li>Largeur : 6 \u00e0 10 m<\/li>\n<li>Croissance : Moyenne \u00e0 rapide<\/li>\n<li>Exposition : Soleil<\/li>\n<li>Sol : Tr\u00e8s adaptable, tol\u00e8re sols pauvres, secs et compaction<\/li>\n<li>Zone : 4<\/li>\n<li>Feuillage : Vert, tr\u00e8s fin et l\u00e9ger (aspect a\u00e9rien)<\/li>\n<li>Couleur automnale : Jaune<\/li>\n<\/ul>\n","protected":false},"excerpt":{"rendered":"<p>Voir disponibilit\u00e9 en magasin Nom Latin : Gleditsia Triacanthos Imperial Petit \u00e0 moyen arbre au port compact et arrondi, &#8216;Imperial&#8217; est un f\u00e9vier sans \u00e9pines appr\u00e9ci\u00e9 pour sa grande tol\u00e9rance aux conditions urbaines. Son feuillage fin et l\u00e9ger cr\u00e9e une ombre douce, id\u00e9ale pour les espaces restreints et les am\u00e9nagements pr\u00e8s des b\u00e2timents. Caract\u00e9ristiques Hauteur [&hellip;]<\/p>\n","protected":false},"featured_media":29595,"template":"","meta":[],"product_cat":[86],"product_tag":[],"acf":[],"_links":{"self":[{"href":"https:\/\/www.paysagesrossignol.com\/en\/wp-json\/wp\/v2\/product\/29589"}],"collection":[{"href":"https:\/\/www.paysagesrossignol.com\/en\/wp-json\/wp\/v2\/product"}],"about":[{"href":"https:\/\/www.paysagesrossignol.com\/en\/wp-json\/wp\/v2\/types\/product"}],"wp:featuredmedia":[{"embeddable":true,"href":"https:\/\/www.paysagesrossignol.com\/en\/wp-json\/wp\/v2\/media\/29595"}],"wp:attachment":[{"href":"https:\/\/www.paysagesrossignol.com\/en\/wp-json\/wp\/v2\/media?parent=29589"}],"wp:term":[{"taxonomy":"product_cat","embeddable":true,"href":"https:\/\/www.paysagesrossignol.com\/en\/wp-json\/wp\/v2\/product_cat?post=29589"},{"taxonomy":"product_tag","embeddable":true,"href":"https:\/\/www.paysagesrossignol.com\/en\/wp-json\/wp\/v2\/product_tag?post=29589"}],"curies":[{"name":"wp","href":"https:\/\/api.w.org\/{rel}","templated":true}]}}