{"id":29611,"date":"2026-03-26T14:06:42","date_gmt":"2026-03-26T18:06:42","guid":{"rendered":"https:\/\/www.paysagesrossignol.com\/?post_type=product&#038;p=29611"},"modified":"2026-03-26T14:06:42","modified_gmt":"2026-03-26T18:06:42","slug":"fevier-damerique-northern-sentinel","status":"publish","type":"product","link":"https:\/\/www.paysagesrossignol.com\/en\/produit\/fevier-damerique-northern-sentinel\/","title":{"rendered":"F\u00e9vier d&#8217;Am\u00e9rique Northern Sentinel"},"content":{"rendered":"<h1>Voir disponibilit\u00e9 en magasin<\/h1>\n<h3>Nom Latin : Gleditsia Triacanthos Northern Sentinel<\/h3>\n<p>F\u00e9vier sans \u00e9pines \u00e0 port \u00e9troit et colonnaire, &#8216;Northern Sentinel&#8217; est sp\u00e9cialement s\u00e9lectionn\u00e9 pour les espces restreints et les rues \u00e9troites. Tr\u00e8s tol\u00e9rant aux conditions urbaines, il offre une ombre l\u00e9g\u00e8re gr\u00e2ce \u00e0 son feuillage fin , tout en \u00e9tant bien adapt\u00e9 aux climats nordiques.<\/p>\n<p>Caract\u00e9risques<\/p>\n<ul>\n<li>Hauteur : 12 \u00e0 15 m<\/li>\n<li>Largeur : 6 \u00e0 8 m<\/li>\n<li>Croissance : Rapide<\/li>\n<li>Exposition : Soleil<\/li>\n<li>Sol : Tr\u00e8s adaptable, tol\u00e8re sols pauvres, secs, compaction et sel (mod\u00e9r\u00e9)<\/li>\n<li>Zone : 3<\/li>\n<li>Feuillage : Vert, fin et l\u00e9ger (aspect a\u00e9rien)<\/li>\n<li>Couleur automnale : Jaune<\/li>\n<\/ul>\n","protected":false},"excerpt":{"rendered":"<p>Voir disponibilit\u00e9 en magasin Nom Latin : Gleditsia Triacanthos Northern Sentinel F\u00e9vier sans \u00e9pines \u00e0 port \u00e9troit et colonnaire, &#8216;Northern Sentinel&#8217; est sp\u00e9cialement s\u00e9lectionn\u00e9 pour les espces restreints et les rues \u00e9troites. Tr\u00e8s tol\u00e9rant aux conditions urbaines, il offre une ombre l\u00e9g\u00e8re gr\u00e2ce \u00e0 son feuillage fin , tout en \u00e9tant bien adapt\u00e9 aux climats [&hellip;]<\/p>\n","protected":false},"featured_media":29539,"template":"","meta":[],"product_cat":[86],"product_tag":[],"acf":[],"_links":{"self":[{"href":"https:\/\/www.paysagesrossignol.com\/en\/wp-json\/wp\/v2\/product\/29611"}],"collection":[{"href":"https:\/\/www.paysagesrossignol.com\/en\/wp-json\/wp\/v2\/product"}],"about":[{"href":"https:\/\/www.paysagesrossignol.com\/en\/wp-json\/wp\/v2\/types\/product"}],"wp:featuredmedia":[{"embeddable":true,"href":"https:\/\/www.paysagesrossignol.com\/en\/wp-json\/wp\/v2\/media\/29539"}],"wp:attachment":[{"href":"https:\/\/www.paysagesrossignol.com\/en\/wp-json\/wp\/v2\/media?parent=29611"}],"wp:term":[{"taxonomy":"product_cat","embeddable":true,"href":"https:\/\/www.paysagesrossignol.com\/en\/wp-json\/wp\/v2\/product_cat?post=29611"},{"taxonomy":"product_tag","embeddable":true,"href":"https:\/\/www.paysagesrossignol.com\/en\/wp-json\/wp\/v2\/product_tag?post=29611"}],"curies":[{"name":"wp","href":"https:\/\/api.w.org\/{rel}","templated":true}]}}