{"id":29619,"date":"2026-03-26T14:20:26","date_gmt":"2026-03-26T18:20:26","guid":{"rendered":"https:\/\/www.paysagesrossignol.com\/?post_type=product&#038;p=29619"},"modified":"2026-03-26T14:20:26","modified_gmt":"2026-03-26T18:20:26","slug":"fevier-damerique-shademaster","status":"publish","type":"product","link":"https:\/\/www.paysagesrossignol.com\/en\/produit\/fevier-damerique-shademaster\/","title":{"rendered":"F\u00e9vier d&#8217;Am\u00e9rique Shademaster"},"content":{"rendered":"<h1>Voir disponibilit\u00e9 en magasin<\/h1>\n<h3>Nom Latin : Gleditsia Triacanthos Shademaster<\/h3>\n<p>Arbre sans \u00e9pines tr\u00e8s populaire en milieu urbain, &#8216;Shademaster&#8217; est appr\u00e9ci\u00e9 pour son port large et \u00e9quilibr\u00e9 ainsi que son feuillage l\u00e9ger qui procure une ombre filtr\u00e9e agr\u00e9able. Il est reconnu pour sa grande tol\u00e9rance aux conditions difficiles, ce qui en fait un excellent choix pour les rues, stationnements et grands espaces.<\/p>\n<p>Caract\u00e9ristiques<\/p>\n<ul>\n<li>Hauteur : 15 \u00e0 18 m<\/li>\n<li>Largeur : 12 \u00e0 15 m<\/li>\n<li>Croissance : Rapide<\/li>\n<li>Exposition : Soleil<\/li>\n<li>Sol : Tr\u00e8s adaptable, tol\u00e8re sols pauvres, secs, compaction et sel (mod\u00e9r\u00e9)<\/li>\n<li>Zone : 4<\/li>\n<li>Feuillage : Vert, fin et l\u00e9ger (aspect a\u00e9rien)<\/li>\n<li>Couleur automnale : Jaune<\/li>\n<\/ul>\n","protected":false},"excerpt":{"rendered":"<p>Voir disponibilit\u00e9 en magasin Nom Latin : Gleditsia Triacanthos Shademaster Arbre sans \u00e9pines tr\u00e8s populaire en milieu urbain, &#8216;Shademaster&#8217; est appr\u00e9ci\u00e9 pour son port large et \u00e9quilibr\u00e9 ainsi que son feuillage l\u00e9ger qui procure une ombre filtr\u00e9e agr\u00e9able. Il est reconnu pour sa grande tol\u00e9rance aux conditions difficiles, ce qui en fait un excellent choix [&hellip;]<\/p>\n","protected":false},"featured_media":29623,"template":"","meta":[],"product_cat":[86],"product_tag":[],"acf":[],"_links":{"self":[{"href":"https:\/\/www.paysagesrossignol.com\/en\/wp-json\/wp\/v2\/product\/29619"}],"collection":[{"href":"https:\/\/www.paysagesrossignol.com\/en\/wp-json\/wp\/v2\/product"}],"about":[{"href":"https:\/\/www.paysagesrossignol.com\/en\/wp-json\/wp\/v2\/types\/product"}],"wp:featuredmedia":[{"embeddable":true,"href":"https:\/\/www.paysagesrossignol.com\/en\/wp-json\/wp\/v2\/media\/29623"}],"wp:attachment":[{"href":"https:\/\/www.paysagesrossignol.com\/en\/wp-json\/wp\/v2\/media?parent=29619"}],"wp:term":[{"taxonomy":"product_cat","embeddable":true,"href":"https:\/\/www.paysagesrossignol.com\/en\/wp-json\/wp\/v2\/product_cat?post=29619"},{"taxonomy":"product_tag","embeddable":true,"href":"https:\/\/www.paysagesrossignol.com\/en\/wp-json\/wp\/v2\/product_tag?post=29619"}],"curies":[{"name":"wp","href":"https:\/\/api.w.org\/{rel}","templated":true}]}}