{"id":29642,"date":"2026-03-26T14:53:52","date_gmt":"2026-03-26T18:53:52","guid":{"rendered":"https:\/\/www.paysagesrossignol.com\/?post_type=product&#038;p=29642"},"modified":"2026-03-26T14:53:53","modified_gmt":"2026-03-26T18:53:53","slug":"amelanchier-obelisk","status":"publish","type":"product","link":"https:\/\/www.paysagesrossignol.com\/en\/produit\/amelanchier-obelisk\/","title":{"rendered":"Amelanchier Obelisk"},"content":{"rendered":"<h1><strong>Voir disponibilit\u00e9 en magasin<\/strong><\/h1>\n<h3><strong>Nom latin : Amelanchier alnifolia Obelisk<\/strong><\/h3>\n<p data-start=\"147\" data-end=\"430\">Petit arbre \u00e0 <strong data-start=\"161\" data-end=\"190\">port \u00e9troit et colonnaire<\/strong>, \u2018Obelisk\u2019 est id\u00e9al pour les <strong data-start=\"221\" data-end=\"271\">espaces restreints et les plantations urbaines<\/strong>. Il offre une <strong data-start=\"286\" data-end=\"330\">floraison blanche abondante au printemps<\/strong>, suivie de petits fruits comestibles, et une <strong data-start=\"376\" data-end=\"413\">coloration automnale rouge orang\u00e9<\/strong> tr\u00e8s d\u00e9corative.<\/p>\n<h3 data-section-id=\"fo4qqk\" data-start=\"437\" data-end=\"460\">Caract\u00e9ristiques<\/h3>\n<ul data-start=\"462\" data-end=\"733\">\n<li data-section-id=\"stfczf\" data-start=\"462\" data-end=\"487\"><strong data-start=\"464\" data-end=\"477\">Hauteur :<\/strong> 6 \u00e0 8 m<\/li>\n<li data-section-id=\"1d650sk\" data-start=\"488\" data-end=\"513\"><strong data-start=\"490\" data-end=\"503\">Largeur :<\/strong> 2 \u00e0 3 m<\/li>\n<li data-section-id=\"1fqa3rr\" data-start=\"514\" data-end=\"542\"><strong data-start=\"516\" data-end=\"532\">Croissance :<\/strong> Moyenne<\/li>\n<li data-section-id=\"17dp8qg\" data-start=\"544\" data-end=\"582\"><strong data-start=\"546\" data-end=\"562\">Exposition :<\/strong> Soleil \u00e0 mi-ombre<\/li>\n<li data-section-id=\"xtlyb3\" data-start=\"583\" data-end=\"627\"><strong data-start=\"585\" data-end=\"594\">Sol :<\/strong> Adaptable, pr\u00e9f\u00e8re bien drain\u00e9<\/li>\n<li data-section-id=\"13mo40u\" data-start=\"628\" data-end=\"646\"><strong data-start=\"630\" data-end=\"640\">Zone :<\/strong> 2\u20133<\/li>\n<li data-section-id=\"1ug0lb6\" data-start=\"648\" data-end=\"692\"><strong data-start=\"650\" data-end=\"665\">Feuillage :<\/strong> Vert moyen, fin et l\u00e9ger<\/li>\n<li data-section-id=\"1nv5quv\" data-start=\"693\" data-end=\"733\"><strong data-start=\"695\" data-end=\"718\">Couleur automnale :<\/strong> Rouge orang\u00e9<\/li>\n<\/ul>\n","protected":false},"excerpt":{"rendered":"<p>Voir disponibilit\u00e9 en magasin Nom latin : Amelanchier alnifolia Obelisk Petit arbre \u00e0 port \u00e9troit et colonnaire, \u2018Obelisk\u2019 est id\u00e9al pour les espaces restreints et les plantations urbaines. Il offre une floraison blanche abondante au printemps, suivie de petits fruits comestibles, et une coloration automnale rouge orang\u00e9 tr\u00e8s d\u00e9corative. Caract\u00e9ristiques Hauteur : 6 \u00e0 8 [&hellip;]<\/p>\n","protected":false},"featured_media":29537,"template":"","meta":[],"product_cat":[86],"product_tag":[],"acf":[],"_links":{"self":[{"href":"https:\/\/www.paysagesrossignol.com\/en\/wp-json\/wp\/v2\/product\/29642"}],"collection":[{"href":"https:\/\/www.paysagesrossignol.com\/en\/wp-json\/wp\/v2\/product"}],"about":[{"href":"https:\/\/www.paysagesrossignol.com\/en\/wp-json\/wp\/v2\/types\/product"}],"wp:featuredmedia":[{"embeddable":true,"href":"https:\/\/www.paysagesrossignol.com\/en\/wp-json\/wp\/v2\/media\/29537"}],"wp:attachment":[{"href":"https:\/\/www.paysagesrossignol.com\/en\/wp-json\/wp\/v2\/media?parent=29642"}],"wp:term":[{"taxonomy":"product_cat","embeddable":true,"href":"https:\/\/www.paysagesrossignol.com\/en\/wp-json\/wp\/v2\/product_cat?post=29642"},{"taxonomy":"product_tag","embeddable":true,"href":"https:\/\/www.paysagesrossignol.com\/en\/wp-json\/wp\/v2\/product_tag?post=29642"}],"curies":[{"name":"wp","href":"https:\/\/api.w.org\/{rel}","templated":true}]}}