{"id":29645,"date":"2026-03-26T15:16:40","date_gmt":"2026-03-26T19:16:40","guid":{"rendered":"https:\/\/www.paysagesrossignol.com\/?post_type=product&#038;p=29645"},"modified":"2026-03-26T15:16:40","modified_gmt":"2026-03-26T19:16:40","slug":"fevier-damerique-street-keeper","status":"publish","type":"product","link":"https:\/\/www.paysagesrossignol.com\/en\/produit\/fevier-damerique-street-keeper\/","title":{"rendered":"F\u00e9vier d&#8217;Am\u00e9rique Street Keeper"},"content":{"rendered":"<h1>Voir disponibilit\u00e9 en magasin<\/h1>\n<h3>Nom Latin : Gleditsia Triacanthos Street Keeper<\/h3>\n<p>F\u00e9vier sans \u00e9pines \u00e0 port \u00e9troit et uniforme, &#8216;Street Keeper&#8217; est sp\u00e9cialement s\u00e9lectionn\u00e9 pour les plantations en rue et espaces restreints. Il combine une structure solide, une grande tol\u00e9rance aux conditions urbaines et un feuillage l\u00e9ger procurant une ombre filtr\u00e9e, id\u00e9ale pour les environnements contraignants.<\/p>\n<p>Caract\u00e9ristiques<\/p>\n<ul>\n<li>Hauteur : 12 \u00e0 15 m<\/li>\n<li>Largeur : 6 \u00e0 8 m<\/li>\n<li>Croissance : Rapide<\/li>\n<li>Exposition : Soleil<\/li>\n<li>Sol : Tr\u00e8s adaptable, tol\u00e8re sols pauvres, secs, compaction et sel (mod\u00e9r\u00e9)<\/li>\n<li>Zone : 4<\/li>\n<li>Feuillage : Vert, fin et l\u00e9ger (aspect a\u00e9rien)<\/li>\n<li>Couleur automnale : Jaune<\/li>\n<\/ul>\n","protected":false},"excerpt":{"rendered":"<p>Voir disponibilit\u00e9 en magasin Nom Latin : Gleditsia Triacanthos Street Keeper F\u00e9vier sans \u00e9pines \u00e0 port \u00e9troit et uniforme, &#8216;Street Keeper&#8217; est sp\u00e9cialement s\u00e9lectionn\u00e9 pour les plantations en rue et espaces restreints. Il combine une structure solide, une grande tol\u00e9rance aux conditions urbaines et un feuillage l\u00e9ger procurant une ombre filtr\u00e9e, id\u00e9ale pour les environnements [&hellip;]<\/p>\n","protected":false},"featured_media":29650,"template":"","meta":[],"product_cat":[86],"product_tag":[],"acf":[],"_links":{"self":[{"href":"https:\/\/www.paysagesrossignol.com\/en\/wp-json\/wp\/v2\/product\/29645"}],"collection":[{"href":"https:\/\/www.paysagesrossignol.com\/en\/wp-json\/wp\/v2\/product"}],"about":[{"href":"https:\/\/www.paysagesrossignol.com\/en\/wp-json\/wp\/v2\/types\/product"}],"wp:featuredmedia":[{"embeddable":true,"href":"https:\/\/www.paysagesrossignol.com\/en\/wp-json\/wp\/v2\/media\/29650"}],"wp:attachment":[{"href":"https:\/\/www.paysagesrossignol.com\/en\/wp-json\/wp\/v2\/media?parent=29645"}],"wp:term":[{"taxonomy":"product_cat","embeddable":true,"href":"https:\/\/www.paysagesrossignol.com\/en\/wp-json\/wp\/v2\/product_cat?post=29645"},{"taxonomy":"product_tag","embeddable":true,"href":"https:\/\/www.paysagesrossignol.com\/en\/wp-json\/wp\/v2\/product_tag?post=29645"}],"curies":[{"name":"wp","href":"https:\/\/api.w.org\/{rel}","templated":true}]}}