{"id":29649,"date":"2026-03-26T15:20:00","date_gmt":"2026-03-26T19:20:00","guid":{"rendered":"https:\/\/www.paysagesrossignol.com\/?post_type=product&#038;p=29649"},"modified":"2026-03-26T15:20:00","modified_gmt":"2026-03-26T19:20:00","slug":"amelanchier-spring-flurry","status":"publish","type":"product","link":"https:\/\/www.paysagesrossignol.com\/en\/produit\/amelanchier-spring-flurry\/","title":{"rendered":"Amelanchier Spring Flurry"},"content":{"rendered":"<h1><strong>Voir disponibilit\u00e9 en magasin<\/strong><\/h1>\n<h3><strong>Nom latin : Amelanchier x grandiflora Spring Flurry<\/strong><\/h3>\n<p>Petit arbre ornemental reconnu pour sa <strong data-start=\"416\" data-end=\"468\">floraison printani\u00e8re tr\u00e8s abondante et uniforme<\/strong>, \u2018Spring Flurry\u2019 est appr\u00e9ci\u00e9 pour son <strong data-start=\"508\" data-end=\"525\">port r\u00e9gulier<\/strong>, sa <strong data-start=\"530\" data-end=\"563\">bonne r\u00e9sistance aux maladies<\/strong> et sa capacit\u00e9 \u00e0 s\u2019adapter aux <strong data-start=\"595\" data-end=\"618\">conditions urbaines<\/strong>. Il est id\u00e9al pour les <strong data-start=\"642\" data-end=\"692\">petits terrains et les plantations d\u00e9coratives<\/strong>.<\/p>\n<h3 data-section-id=\"fo4qqk\" data-start=\"700\" data-end=\"723\">Caract\u00e9ristiques<\/h3>\n<ul data-start=\"725\" data-end=\"990\">\n<li data-section-id=\"63bk03\" data-start=\"725\" data-end=\"751\"><strong data-start=\"727\" data-end=\"740\">Hauteur :<\/strong> 7 \u00e0 10 m<\/li>\n<li data-section-id=\"upkx8n\" data-start=\"752\" data-end=\"777\"><strong data-start=\"754\" data-end=\"767\">Largeur :<\/strong> 5 \u00e0 7 m<\/li>\n<li data-section-id=\"1fqa3rr\" data-start=\"778\" data-end=\"806\"><strong data-start=\"780\" data-end=\"796\">Croissance :<\/strong> Moyenne<\/li>\n<li data-section-id=\"17dp8qg\" data-start=\"808\" data-end=\"846\"><strong data-start=\"810\" data-end=\"826\">Exposition :<\/strong> Soleil \u00e0 mi-ombre<\/li>\n<li data-section-id=\"xtlyb3\" data-start=\"847\" data-end=\"891\"><strong data-start=\"849\" data-end=\"858\">Sol :<\/strong> Adaptable, pr\u00e9f\u00e8re bien drain\u00e9<\/li>\n<li data-section-id=\"13nbvfc\" data-start=\"892\" data-end=\"910\"><strong data-start=\"894\" data-end=\"904\">Zone :<\/strong> 3\u20134<\/li>\n<li data-section-id=\"1u21voj\" data-start=\"912\" data-end=\"949\"><strong data-start=\"914\" data-end=\"929\">Feuillage :<\/strong> Vert fonc\u00e9, dense<\/li>\n<li data-section-id=\"1nv5quv\" data-start=\"950\" data-end=\"990\"><strong data-start=\"952\" data-end=\"975\">Couleur automnale :<\/strong> Rouge orang\u00e9<\/li>\n<\/ul>\n","protected":false},"excerpt":{"rendered":"<p>Voir disponibilit\u00e9 en magasin Nom latin : Amelanchier x grandiflora Spring Flurry Petit arbre ornemental reconnu pour sa floraison printani\u00e8re tr\u00e8s abondante et uniforme, \u2018Spring Flurry\u2019 est appr\u00e9ci\u00e9 pour son port r\u00e9gulier, sa bonne r\u00e9sistance aux maladies et sa capacit\u00e9 \u00e0 s\u2019adapter aux conditions urbaines. Il est id\u00e9al pour les petits terrains et les plantations [&hellip;]<\/p>\n","protected":false},"featured_media":29539,"template":"","meta":[],"product_cat":[86],"product_tag":[],"acf":[],"_links":{"self":[{"href":"https:\/\/www.paysagesrossignol.com\/en\/wp-json\/wp\/v2\/product\/29649"}],"collection":[{"href":"https:\/\/www.paysagesrossignol.com\/en\/wp-json\/wp\/v2\/product"}],"about":[{"href":"https:\/\/www.paysagesrossignol.com\/en\/wp-json\/wp\/v2\/types\/product"}],"wp:featuredmedia":[{"embeddable":true,"href":"https:\/\/www.paysagesrossignol.com\/en\/wp-json\/wp\/v2\/media\/29539"}],"wp:attachment":[{"href":"https:\/\/www.paysagesrossignol.com\/en\/wp-json\/wp\/v2\/media?parent=29649"}],"wp:term":[{"taxonomy":"product_cat","embeddable":true,"href":"https:\/\/www.paysagesrossignol.com\/en\/wp-json\/wp\/v2\/product_cat?post=29649"},{"taxonomy":"product_tag","embeddable":true,"href":"https:\/\/www.paysagesrossignol.com\/en\/wp-json\/wp\/v2\/product_tag?post=29649"}],"curies":[{"name":"wp","href":"https:\/\/api.w.org\/{rel}","templated":true}]}}