{"id":29654,"date":"2026-03-26T15:24:50","date_gmt":"2026-03-26T19:24:50","guid":{"rendered":"https:\/\/www.paysagesrossignol.com\/?post_type=product&#038;p=29654"},"modified":"2026-03-26T15:24:51","modified_gmt":"2026-03-26T19:24:51","slug":"amelanchier-princess-diana","status":"publish","type":"product","link":"https:\/\/www.paysagesrossignol.com\/en\/produit\/amelanchier-princess-diana\/","title":{"rendered":"Amelanchier Princess Diana"},"content":{"rendered":"<h1><strong>Voir disponibilit\u00e9 en magasin<\/strong><\/h1>\n<h3><strong>Nom latin : Amelanchier x grandiflora Princess Diana<\/strong><\/h3>\n<p>Petit arbre ornemental tr\u00e8s appr\u00e9ci\u00e9 pour sa <strong data-start=\"216\" data-end=\"247\">floraison blanche abondante<\/strong>, ses <strong data-start=\"253\" data-end=\"275\">fruits comestibles<\/strong> et sa <strong data-start=\"282\" data-end=\"315\">bonne r\u00e9sistance aux maladies<\/strong>. \u2018Princess Diana\u2019 se distingue par un <strong data-start=\"354\" data-end=\"382\">port \u00e9l\u00e9gant et r\u00e9gulier<\/strong>, ainsi qu\u2019une <strong data-start=\"397\" data-end=\"434\">coloration automnale rouge orang\u00e9<\/strong>, ce qui en fait un excellent choix pour les <strong data-start=\"479\" data-end=\"519\">am\u00e9nagements urbains et r\u00e9sidentiels<\/strong>.<\/p>\n<h3 data-section-id=\"fo4qqk\" data-start=\"527\" data-end=\"550\">Caract\u00e9ristiques<\/h3>\n<ul data-start=\"552\" data-end=\"818\">\n<li data-section-id=\"stfczf\" data-start=\"552\" data-end=\"577\"><strong data-start=\"554\" data-end=\"567\">Hauteur :<\/strong> 6 \u00e0 8 m<\/li>\n<li data-section-id=\"18ecguf\" data-start=\"578\" data-end=\"603\"><strong data-start=\"580\" data-end=\"593\">Largeur :<\/strong> 4 \u00e0 6 m<\/li>\n<li data-section-id=\"1fqa3rr\" data-start=\"604\" data-end=\"632\"><strong data-start=\"606\" data-end=\"622\">Croissance :<\/strong> Moyenne<\/li>\n<li data-section-id=\"17dp8qg\" data-start=\"634\" data-end=\"672\"><strong data-start=\"636\" data-end=\"652\">Exposition :<\/strong> Soleil \u00e0 mi-ombre<\/li>\n<li data-section-id=\"xtlyb3\" data-start=\"673\" data-end=\"717\"><strong data-start=\"675\" data-end=\"684\">Sol :<\/strong> Adaptable, pr\u00e9f\u00e8re bien drain\u00e9<\/li>\n<li data-section-id=\"13nbvfc\" data-start=\"718\" data-end=\"736\"><strong data-start=\"720\" data-end=\"730\">Zone :<\/strong> 3\u20134<\/li>\n<li data-section-id=\"1u21voj\" data-start=\"738\" data-end=\"775\"><strong data-start=\"740\" data-end=\"755\">Feuillage :<\/strong> Vert fonc\u00e9, dense<\/li>\n<li data-section-id=\"19q2bnf\" data-start=\"776\" data-end=\"818\"><strong data-start=\"778\" data-end=\"801\">Couleur automnale :<\/strong> Rouge \u00e0 orange<\/li>\n<\/ul>\n","protected":false},"excerpt":{"rendered":"<p>Voir disponibilit\u00e9 en magasin Nom latin : Amelanchier x grandiflora Princess Diana Petit arbre ornemental tr\u00e8s appr\u00e9ci\u00e9 pour sa floraison blanche abondante, ses fruits comestibles et sa bonne r\u00e9sistance aux maladies. \u2018Princess Diana\u2019 se distingue par un port \u00e9l\u00e9gant et r\u00e9gulier, ainsi qu\u2019une coloration automnale rouge orang\u00e9, ce qui en fait un excellent choix pour [&hellip;]<\/p>\n","protected":false},"featured_media":29539,"template":"","meta":[],"product_cat":[86],"product_tag":[],"acf":[],"_links":{"self":[{"href":"https:\/\/www.paysagesrossignol.com\/en\/wp-json\/wp\/v2\/product\/29654"}],"collection":[{"href":"https:\/\/www.paysagesrossignol.com\/en\/wp-json\/wp\/v2\/product"}],"about":[{"href":"https:\/\/www.paysagesrossignol.com\/en\/wp-json\/wp\/v2\/types\/product"}],"wp:featuredmedia":[{"embeddable":true,"href":"https:\/\/www.paysagesrossignol.com\/en\/wp-json\/wp\/v2\/media\/29539"}],"wp:attachment":[{"href":"https:\/\/www.paysagesrossignol.com\/en\/wp-json\/wp\/v2\/media?parent=29654"}],"wp:term":[{"taxonomy":"product_cat","embeddable":true,"href":"https:\/\/www.paysagesrossignol.com\/en\/wp-json\/wp\/v2\/product_cat?post=29654"},{"taxonomy":"product_tag","embeddable":true,"href":"https:\/\/www.paysagesrossignol.com\/en\/wp-json\/wp\/v2\/product_tag?post=29654"}],"curies":[{"name":"wp","href":"https:\/\/api.w.org\/{rel}","templated":true}]}}