{"id":29657,"date":"2026-03-26T15:38:41","date_gmt":"2026-03-26T19:38:41","guid":{"rendered":"https:\/\/www.paysagesrossignol.com\/?post_type=product&#038;p=29657"},"modified":"2026-03-26T15:38:41","modified_gmt":"2026-03-26T19:38:41","slug":"bouleau-heritage","status":"publish","type":"product","link":"https:\/\/www.paysagesrossignol.com\/en\/produit\/bouleau-heritage\/","title":{"rendered":"Bouleau H\u00e9ritage"},"content":{"rendered":"<h1><strong>Voir disponibilit\u00e9 en magasin<\/strong><\/h1>\n<h3><strong>Nom latin : Betula nigra Heritage<\/strong><\/h3>\n<p data-start=\"154\" data-end=\"505\">Arbre ornemental tr\u00e8s appr\u00e9ci\u00e9 pour son <strong data-start=\"194\" data-end=\"226\">\u00e9corce d\u00e9corative exfoliante<\/strong> dans des tons cr\u00e8me, beige et brun. \u2018Heritage\u2019 est reconnu pour sa <strong data-start=\"294\" data-end=\"344\">grande r\u00e9sistance aux maladies et aux insectes<\/strong>, ainsi que sa <strong data-start=\"359\" data-end=\"416\">tol\u00e9rance aux conditions urbaines et aux sols humides<\/strong>, ce qui en fait un excellent choix pour les <strong data-start=\"461\" data-end=\"504\">parcs, jardins et plantations en groupe<\/strong>.<\/p>\n<h3 data-section-id=\"fo4qqk\" data-start=\"512\" data-end=\"535\">Caract\u00e9ristiques<\/h3>\n<ul data-start=\"537\" data-end=\"812\">\n<li data-section-id=\"1ojpnfj\" data-start=\"537\" data-end=\"564\"><strong data-start=\"539\" data-end=\"552\">Hauteur :<\/strong> 12 \u00e0 18 m<\/li>\n<li data-section-id=\"76akn3\" data-start=\"565\" data-end=\"591\"><strong data-start=\"567\" data-end=\"580\">Largeur :<\/strong> 9 \u00e0 12 m<\/li>\n<li data-section-id=\"11my5pj\" data-start=\"592\" data-end=\"619\"><strong data-start=\"594\" data-end=\"610\">Croissance :<\/strong> Rapide<\/li>\n<li data-section-id=\"17dp8qg\" data-start=\"621\" data-end=\"659\"><strong data-start=\"623\" data-end=\"639\">Exposition :<\/strong> Soleil \u00e0 mi-ombre<\/li>\n<li data-section-id=\"hth8t5\" data-start=\"660\" data-end=\"708\"><strong data-start=\"662\" data-end=\"671\">Sol :<\/strong> Pr\u00e9f\u00e8re humide, tol\u00e8re sols vari\u00e9s<\/li>\n<li data-section-id=\"13fqkk8\" data-start=\"709\" data-end=\"725\"><strong data-start=\"711\" data-end=\"721\">Zone :<\/strong> 4<\/li>\n<li data-section-id=\"safbd6\" data-start=\"727\" data-end=\"778\"><strong data-start=\"729\" data-end=\"744\">Feuillage :<\/strong> Vert moyen, l\u00e9g\u00e8rement brillant<\/li>\n<li data-section-id=\"qhopv8\" data-start=\"779\" data-end=\"812\"><strong data-start=\"781\" data-end=\"804\">Couleur automnale :<\/strong> Jaune<\/li>\n<\/ul>\n","protected":false},"excerpt":{"rendered":"<p>Voir disponibilit\u00e9 en magasin Nom latin : Betula nigra Heritage Arbre ornemental tr\u00e8s appr\u00e9ci\u00e9 pour son \u00e9corce d\u00e9corative exfoliante dans des tons cr\u00e8me, beige et brun. \u2018Heritage\u2019 est reconnu pour sa grande r\u00e9sistance aux maladies et aux insectes, ainsi que sa tol\u00e9rance aux conditions urbaines et aux sols humides, ce qui en fait un excellent [&hellip;]<\/p>\n","protected":false},"featured_media":29539,"template":"","meta":[],"product_cat":[86],"product_tag":[],"acf":[],"_links":{"self":[{"href":"https:\/\/www.paysagesrossignol.com\/en\/wp-json\/wp\/v2\/product\/29657"}],"collection":[{"href":"https:\/\/www.paysagesrossignol.com\/en\/wp-json\/wp\/v2\/product"}],"about":[{"href":"https:\/\/www.paysagesrossignol.com\/en\/wp-json\/wp\/v2\/types\/product"}],"wp:featuredmedia":[{"embeddable":true,"href":"https:\/\/www.paysagesrossignol.com\/en\/wp-json\/wp\/v2\/media\/29539"}],"wp:attachment":[{"href":"https:\/\/www.paysagesrossignol.com\/en\/wp-json\/wp\/v2\/media?parent=29657"}],"wp:term":[{"taxonomy":"product_cat","embeddable":true,"href":"https:\/\/www.paysagesrossignol.com\/en\/wp-json\/wp\/v2\/product_cat?post=29657"},{"taxonomy":"product_tag","embeddable":true,"href":"https:\/\/www.paysagesrossignol.com\/en\/wp-json\/wp\/v2\/product_tag?post=29657"}],"curies":[{"name":"wp","href":"https:\/\/api.w.org\/{rel}","templated":true}]}}