{"id":29659,"date":"2026-03-26T15:42:51","date_gmt":"2026-03-26T19:42:51","guid":{"rendered":"https:\/\/www.paysagesrossignol.com\/?post_type=product&#038;p=29659"},"modified":"2026-03-26T16:07:14","modified_gmt":"2026-03-26T20:07:14","slug":"bouleau-noir","status":"publish","type":"product","link":"https:\/\/www.paysagesrossignol.com\/en\/produit\/bouleau-noir\/","title":{"rendered":"Bouleau Noir"},"content":{"rendered":"<h1><strong>Voir disponibilit\u00e9 en magasin\u00a0<\/strong><\/h1>\n<h3><strong>Nom latin : Betula nigra<\/strong><\/h3>\n<p data-start=\"115\" data-end=\"485\">Arbre indig\u00e8ne d\u2019Am\u00e9rique du Nord, le bouleau noir est reconnu pour son <strong data-start=\"187\" data-end=\"224\">\u00e9corce exfoliante tr\u00e8s d\u00e9corative<\/strong> dans des tons brun, cr\u00e8me et saumon. Il est particuli\u00e8rement adapt\u00e9 aux <strong data-start=\"297\" data-end=\"327\">sols humides et aux berges<\/strong>, tout en \u00e9tant plus <strong data-start=\"348\" data-end=\"390\">r\u00e9sistant aux maladies et aux insectes<\/strong> que plusieurs autres bouleaux. Id\u00e9al pour les <strong data-start=\"437\" data-end=\"484\">grands espaces et les am\u00e9nagements naturels<\/strong>.<\/p>\n<h3 data-section-id=\"fo4qqk\" data-start=\"492\" data-end=\"515\">Caract\u00e9ristiques<\/h3>\n<ul data-start=\"517\" data-end=\"787\">\n<li data-section-id=\"1pba1kk\" data-start=\"517\" data-end=\"544\"><strong data-start=\"519\" data-end=\"532\">Hauteur :<\/strong> 12 \u00e0 20 m<\/li>\n<li data-section-id=\"79rugo\" data-start=\"545\" data-end=\"571\"><strong data-start=\"547\" data-end=\"560\">Largeur :<\/strong> 9 \u00e0 15 m<\/li>\n<li data-section-id=\"11my5pj\" data-start=\"572\" data-end=\"599\"><strong data-start=\"574\" data-end=\"590\">Croissance :<\/strong> Rapide<\/li>\n<li data-section-id=\"17dp8qg\" data-start=\"601\" data-end=\"639\"><strong data-start=\"603\" data-end=\"619\">Exposition :<\/strong> Soleil \u00e0 mi-ombre<\/li>\n<li data-section-id=\"1lzvhgk\" data-start=\"640\" data-end=\"688\"><strong data-start=\"642\" data-end=\"651\">Sol :<\/strong> Humide \u00e0 frais, tol\u00e8re sols vari\u00e9s<\/li>\n<li data-section-id=\"13iinrx\" data-start=\"689\" data-end=\"707\"><strong data-start=\"691\" data-end=\"701\">Zone :<\/strong> 4\u20136<\/li>\n<li data-section-id=\"nmgqe4\" data-start=\"709\" data-end=\"753\"><strong data-start=\"711\" data-end=\"726\">Feuillage :<\/strong> Vert moyen, texture fine<\/li>\n<li data-section-id=\"qhopv8\" data-start=\"754\" data-end=\"787\"><strong data-start=\"756\" data-end=\"779\">Couleur automnale :<\/strong> Jaune<\/li>\n<\/ul>\n","protected":false},"excerpt":{"rendered":"<p>Voir disponibilit\u00e9 en magasin\u00a0 Nom latin : Betula nigra Arbre indig\u00e8ne d\u2019Am\u00e9rique du Nord, le bouleau noir est reconnu pour son \u00e9corce exfoliante tr\u00e8s d\u00e9corative dans des tons brun, cr\u00e8me et saumon. Il est particuli\u00e8rement adapt\u00e9 aux sols humides et aux berges, tout en \u00e9tant plus r\u00e9sistant aux maladies et aux insectes que plusieurs autres [&hellip;]<\/p>\n","protected":false},"featured_media":29539,"template":"","meta":[],"product_cat":[86],"product_tag":[],"acf":[],"_links":{"self":[{"href":"https:\/\/www.paysagesrossignol.com\/en\/wp-json\/wp\/v2\/product\/29659"}],"collection":[{"href":"https:\/\/www.paysagesrossignol.com\/en\/wp-json\/wp\/v2\/product"}],"about":[{"href":"https:\/\/www.paysagesrossignol.com\/en\/wp-json\/wp\/v2\/types\/product"}],"wp:featuredmedia":[{"embeddable":true,"href":"https:\/\/www.paysagesrossignol.com\/en\/wp-json\/wp\/v2\/media\/29539"}],"wp:attachment":[{"href":"https:\/\/www.paysagesrossignol.com\/en\/wp-json\/wp\/v2\/media?parent=29659"}],"wp:term":[{"taxonomy":"product_cat","embeddable":true,"href":"https:\/\/www.paysagesrossignol.com\/en\/wp-json\/wp\/v2\/product_cat?post=29659"},{"taxonomy":"product_tag","embeddable":true,"href":"https:\/\/www.paysagesrossignol.com\/en\/wp-json\/wp\/v2\/product_tag?post=29659"}],"curies":[{"name":"wp","href":"https:\/\/api.w.org\/{rel}","templated":true}]}}