{"id":29661,"date":"2026-03-26T15:47:34","date_gmt":"2026-03-26T19:47:34","guid":{"rendered":"https:\/\/www.paysagesrossignol.com\/?post_type=product&#038;p=29661"},"modified":"2026-03-26T15:47:34","modified_gmt":"2026-03-26T19:47:34","slug":"bouleau-jeffpark","status":"publish","type":"product","link":"https:\/\/www.paysagesrossignol.com\/en\/produit\/bouleau-jeffpark\/","title":{"rendered":"Bouleau Jeffpark"},"content":{"rendered":"<h1><strong>Voir disponibilit\u00e9 en magasin<\/strong><\/h1>\n<h3><strong>Nom latin : Betula platyphylla var. japonica Jeffpark<\/strong><\/h3>\n<p>Bouleau \u00e0 <strong data-start=\"181\" data-end=\"210\">port \u00e9troit et colonnaire<\/strong>, \u2018Jeffpark\u2019 (Parkland Pillar\u00ae) est appr\u00e9ci\u00e9 pour son <strong data-start=\"264\" data-end=\"292\">\u00e9corce blanche lumineuse<\/strong> et sa <strong data-start=\"299\" data-end=\"348\">bonne r\u00e9sistance au perceur du bouleau bronze<\/strong>. Sa silhouette compacte en fait un excellent choix pour les <strong data-start=\"409\" data-end=\"476\">espaces restreints, les alignements et les am\u00e9nagements urbains<\/strong>.<\/p>\n<h3 data-section-id=\"fo4qqk\" data-start=\"484\" data-end=\"507\">Caract\u00e9ristiques<\/h3>\n<ul data-start=\"509\" data-end=\"795\">\n<li data-section-id=\"5r5dsg\" data-start=\"509\" data-end=\"536\"><strong data-start=\"511\" data-end=\"524\">Hauteur :<\/strong> 10 \u00e0 15 m<\/li>\n<li data-section-id=\"zm9ohv\" data-start=\"537\" data-end=\"562\"><strong data-start=\"539\" data-end=\"552\">Largeur :<\/strong> 3 \u00e0 5 m<\/li>\n<li data-section-id=\"11qi670\" data-start=\"563\" data-end=\"600\"><strong data-start=\"565\" data-end=\"581\">Croissance :<\/strong> Moyenne \u00e0 rapide<\/li>\n<li data-section-id=\"17dp8qg\" data-start=\"602\" data-end=\"640\"><strong data-start=\"604\" data-end=\"620\">Exposition :<\/strong> Soleil \u00e0 mi-ombre<\/li>\n<li data-section-id=\"6xfn8v\" data-start=\"641\" data-end=\"703\"><strong data-start=\"643\" data-end=\"652\">Sol :<\/strong> Pr\u00e9f\u00e8re frais et bien drain\u00e9, tol\u00e8re divers sols<\/li>\n<li data-section-id=\"13mo40u\" data-start=\"704\" data-end=\"722\"><strong data-start=\"706\" data-end=\"716\">Zone :<\/strong> 2\u20133<\/li>\n<li data-section-id=\"nooope\" data-start=\"724\" data-end=\"761\"><strong data-start=\"726\" data-end=\"741\">Feuillage :<\/strong> Vert moyen, l\u00e9ger<\/li>\n<li data-section-id=\"qhopv8\" data-start=\"762\" data-end=\"795\"><strong data-start=\"764\" data-end=\"787\">Couleur automnale :<\/strong> Jaune<\/li>\n<\/ul>\n","protected":false},"excerpt":{"rendered":"<p>Voir disponibilit\u00e9 en magasin Nom latin : Betula platyphylla var. japonica Jeffpark Bouleau \u00e0 port \u00e9troit et colonnaire, \u2018Jeffpark\u2019 (Parkland Pillar\u00ae) est appr\u00e9ci\u00e9 pour son \u00e9corce blanche lumineuse et sa bonne r\u00e9sistance au perceur du bouleau bronze. Sa silhouette compacte en fait un excellent choix pour les espaces restreints, les alignements et les am\u00e9nagements urbains. [&hellip;]<\/p>\n","protected":false},"featured_media":29537,"template":"","meta":[],"product_cat":[86],"product_tag":[],"acf":[],"_links":{"self":[{"href":"https:\/\/www.paysagesrossignol.com\/en\/wp-json\/wp\/v2\/product\/29661"}],"collection":[{"href":"https:\/\/www.paysagesrossignol.com\/en\/wp-json\/wp\/v2\/product"}],"about":[{"href":"https:\/\/www.paysagesrossignol.com\/en\/wp-json\/wp\/v2\/types\/product"}],"wp:featuredmedia":[{"embeddable":true,"href":"https:\/\/www.paysagesrossignol.com\/en\/wp-json\/wp\/v2\/media\/29537"}],"wp:attachment":[{"href":"https:\/\/www.paysagesrossignol.com\/en\/wp-json\/wp\/v2\/media?parent=29661"}],"wp:term":[{"taxonomy":"product_cat","embeddable":true,"href":"https:\/\/www.paysagesrossignol.com\/en\/wp-json\/wp\/v2\/product_cat?post=29661"},{"taxonomy":"product_tag","embeddable":true,"href":"https:\/\/www.paysagesrossignol.com\/en\/wp-json\/wp\/v2\/product_tag?post=29661"}],"curies":[{"name":"wp","href":"https:\/\/api.w.org\/{rel}","templated":true}]}}