{"id":29666,"date":"2026-03-26T15:53:36","date_gmt":"2026-03-26T19:53:36","guid":{"rendered":"https:\/\/www.paysagesrossignol.com\/?post_type=product&#038;p=29666"},"modified":"2026-03-26T16:08:05","modified_gmt":"2026-03-26T20:08:05","slug":"bouleau-a-papier-en-talle","status":"publish","type":"product","link":"https:\/\/www.paysagesrossignol.com\/en\/produit\/bouleau-a-papier-en-talle\/","title":{"rendered":"Bouleau \u00e0 Papier en talle"},"content":{"rendered":"<h1><strong>Voir disponibilit\u00e9 en magasin<\/strong><\/h1>\n<h3><strong>Nom latin : Betula papyrifera<\/strong><\/h3>\n<p data-start=\"116\" data-end=\"474\">Arbre embl\u00e9matique des paysages nordiques, le bouleau \u00e0 papier est reconnu pour son <strong data-start=\"200\" data-end=\"252\">\u00e9corce blanche \u00e9clatante qui s\u2019exfolie en bandes<\/strong>. Il offre un <strong data-start=\"266\" data-end=\"293\">aspect l\u00e9ger et naturel<\/strong> et est tr\u00e8s appr\u00e9ci\u00e9 dans les <strong data-start=\"324\" data-end=\"374\">am\u00e9nagements paysagers et les milieux naturels<\/strong>. Moins tol\u00e9rant aux conditions urbaines difficiles, il pr\u00e9f\u00e8re les <strong data-start=\"442\" data-end=\"473\">sites frais et bien drain\u00e9s<\/strong>.<\/p>\n<h3 data-section-id=\"fo4qqk\" data-start=\"481\" data-end=\"504\">Caract\u00e9ristiques<\/h3>\n<ul data-start=\"506\" data-end=\"792\">\n<li data-section-id=\"11rz0wj\" data-start=\"506\" data-end=\"533\"><strong data-start=\"508\" data-end=\"521\">Hauteur :<\/strong> 15 \u00e0 20 m<\/li>\n<li data-section-id=\"w2xpb2\" data-start=\"534\" data-end=\"560\"><strong data-start=\"536\" data-end=\"549\">Largeur :<\/strong> 8 \u00e0 12 m<\/li>\n<li data-section-id=\"11my5pj\" data-start=\"561\" data-end=\"588\"><strong data-start=\"563\" data-end=\"579\">Croissance :<\/strong> Rapide<\/li>\n<li data-section-id=\"17dp8qg\" data-start=\"590\" data-end=\"628\"><strong data-start=\"592\" data-end=\"608\">Exposition :<\/strong> Soleil \u00e0 mi-ombre<\/li>\n<li data-section-id=\"x6xxbn\" data-start=\"629\" data-end=\"693\"><strong data-start=\"631\" data-end=\"640\">Sol :<\/strong> Frais, bien drain\u00e9, pr\u00e9f\u00e8re sols l\u00e9g\u00e8rement acides<\/li>\n<li data-section-id=\"13mnzvf\" data-start=\"694\" data-end=\"712\"><strong data-start=\"696\" data-end=\"706\">Zone :<\/strong> 2\u20136<\/li>\n<li data-section-id=\"12dl589\" data-start=\"714\" data-end=\"758\"><strong data-start=\"716\" data-end=\"731\">Feuillage :<\/strong> Vert clair, texture fine<\/li>\n<li data-section-id=\"qhopv8\" data-start=\"759\" data-end=\"792\"><strong data-start=\"761\" data-end=\"784\">Couleur automnale :<\/strong> Jaune<\/li>\n<\/ul>\n","protected":false},"excerpt":{"rendered":"<p>Voir disponibilit\u00e9 en magasin Nom latin : Betula papyrifera Arbre embl\u00e9matique des paysages nordiques, le bouleau \u00e0 papier est reconnu pour son \u00e9corce blanche \u00e9clatante qui s\u2019exfolie en bandes. Il offre un aspect l\u00e9ger et naturel et est tr\u00e8s appr\u00e9ci\u00e9 dans les am\u00e9nagements paysagers et les milieux naturels. Moins tol\u00e9rant aux conditions urbaines difficiles, il [&hellip;]<\/p>\n","protected":false},"featured_media":29539,"template":"","meta":[],"product_cat":[86],"product_tag":[],"acf":[],"_links":{"self":[{"href":"https:\/\/www.paysagesrossignol.com\/en\/wp-json\/wp\/v2\/product\/29666"}],"collection":[{"href":"https:\/\/www.paysagesrossignol.com\/en\/wp-json\/wp\/v2\/product"}],"about":[{"href":"https:\/\/www.paysagesrossignol.com\/en\/wp-json\/wp\/v2\/types\/product"}],"wp:featuredmedia":[{"embeddable":true,"href":"https:\/\/www.paysagesrossignol.com\/en\/wp-json\/wp\/v2\/media\/29539"}],"wp:attachment":[{"href":"https:\/\/www.paysagesrossignol.com\/en\/wp-json\/wp\/v2\/media?parent=29666"}],"wp:term":[{"taxonomy":"product_cat","embeddable":true,"href":"https:\/\/www.paysagesrossignol.com\/en\/wp-json\/wp\/v2\/product_cat?post=29666"},{"taxonomy":"product_tag","embeddable":true,"href":"https:\/\/www.paysagesrossignol.com\/en\/wp-json\/wp\/v2\/product_tag?post=29666"}],"curies":[{"name":"wp","href":"https:\/\/api.w.org\/{rel}","templated":true}]}}