{"id":29671,"date":"2026-03-26T16:31:31","date_gmt":"2026-03-26T20:31:31","guid":{"rendered":"https:\/\/www.paysagesrossignol.com\/?post_type=product&#038;p=29671"},"modified":"2026-03-26T16:31:32","modified_gmt":"2026-03-26T20:31:32","slug":"hydrangee-candlelight-sur-tige","status":"publish","type":"product","link":"https:\/\/www.paysagesrossignol.com\/en\/produit\/hydrangee-candlelight-sur-tige\/","title":{"rendered":"Hydrang\u00e9e Candlelight sur tige"},"content":{"rendered":"<h1>Voir disponibilit\u00e9 en magasin<\/h1>\n<h3>Nom Latin : Hydrangea Candlelight ST<\/h3>\n<p>Petit arbre ornemental sur tige tr\u00e8s appr\u00e9ci\u00e9 pour sa floraison abondante et prolong\u00e9e. &#8216;Candlelight&#8217; se distingue par ses panicules cr\u00e8me devenant ros\u00e9es, offrant un effet d\u00e9coratif tout au long de l&#8217;\u00e9t\u00e9. Id\u00e9al pour les petits espaces et am\u00e9nagements d\u00e9coratifs, il apporte structure et couleur.<\/p>\n<p>Caract\u00e9ristiques<\/p>\n<ul>\n<li>Hauteur : 2 \u00e0 3 m (incluant la tige)<\/li>\n<li>Largeur : 1,5 \u00e0 2 m<\/li>\n<li>Croissance : Moyenne \u00e0 rapide<\/li>\n<li>Exposition : Soleil \u00e0 mi-ombre<\/li>\n<li>Sol : Riche, frais et bien drain\u00e9<\/li>\n<li>Zone : 3<\/li>\n<li>Feuillage : Vert fonc\u00e9, dense<\/li>\n<li>Couleur automnale : Jaune (peu marqu\u00e9e)<\/li>\n<\/ul>\n","protected":false},"excerpt":{"rendered":"<p>Voir disponibilit\u00e9 en magasin Nom Latin : Hydrangea Candlelight ST Petit arbre ornemental sur tige tr\u00e8s appr\u00e9ci\u00e9 pour sa floraison abondante et prolong\u00e9e. &#8216;Candlelight&#8217; se distingue par ses panicules cr\u00e8me devenant ros\u00e9es, offrant un effet d\u00e9coratif tout au long de l&#8217;\u00e9t\u00e9. Id\u00e9al pour les petits espaces et am\u00e9nagements d\u00e9coratifs, il apporte structure et couleur. Caract\u00e9ristiques [&hellip;]<\/p>\n","protected":false},"featured_media":29539,"template":"","meta":[],"product_cat":[86],"product_tag":[],"acf":[],"_links":{"self":[{"href":"https:\/\/www.paysagesrossignol.com\/en\/wp-json\/wp\/v2\/product\/29671"}],"collection":[{"href":"https:\/\/www.paysagesrossignol.com\/en\/wp-json\/wp\/v2\/product"}],"about":[{"href":"https:\/\/www.paysagesrossignol.com\/en\/wp-json\/wp\/v2\/types\/product"}],"wp:featuredmedia":[{"embeddable":true,"href":"https:\/\/www.paysagesrossignol.com\/en\/wp-json\/wp\/v2\/media\/29539"}],"wp:attachment":[{"href":"https:\/\/www.paysagesrossignol.com\/en\/wp-json\/wp\/v2\/media?parent=29671"}],"wp:term":[{"taxonomy":"product_cat","embeddable":true,"href":"https:\/\/www.paysagesrossignol.com\/en\/wp-json\/wp\/v2\/product_cat?post=29671"},{"taxonomy":"product_tag","embeddable":true,"href":"https:\/\/www.paysagesrossignol.com\/en\/wp-json\/wp\/v2\/product_tag?post=29671"}],"curies":[{"name":"wp","href":"https:\/\/api.w.org\/{rel}","templated":true}]}}