{"id":29673,"date":"2026-03-27T07:59:02","date_gmt":"2026-03-27T11:59:02","guid":{"rendered":"https:\/\/www.paysagesrossignol.com\/?post_type=product&#038;p=29673"},"modified":"2026-03-27T07:59:02","modified_gmt":"2026-03-27T11:59:02","slug":"caraganier-walker","status":"publish","type":"product","link":"https:\/\/www.paysagesrossignol.com\/en\/produit\/caraganier-walker\/","title":{"rendered":"Caraganier Walker"},"content":{"rendered":"<h1><strong>Voir disponibilit\u00e9 en magasin<\/strong><\/h1>\n<h3><strong>Nom latin : Caragana arborescens Walker<\/strong><\/h3>\n<p>Petit arbre greff\u00e9 \u00e0 <strong data-start=\"156\" data-end=\"189\">port pleureur et tr\u00e8s \u00e9l\u00e9gant<\/strong>, \u2018Walker\u2019 est appr\u00e9ci\u00e9 pour son <strong data-start=\"222\" data-end=\"248\">feuillage fin et l\u00e9ger<\/strong> et sa <strong data-start=\"255\" data-end=\"287\">floraison jaune au printemps<\/strong>. Tr\u00e8s rustique et tol\u00e9rant, il est id\u00e9al pour les <strong data-start=\"338\" data-end=\"409\">petits jardins, les am\u00e9nagements d\u00e9coratifs et les sites difficiles<\/strong> (vent, s\u00e9cheresse, sols pauvres).<\/p>\n<h3 data-section-id=\"fo4qqk\" data-start=\"450\" data-end=\"473\">Caract\u00e9ristiques<\/h3>\n<ul data-start=\"475\" data-end=\"792\">\n<li data-section-id=\"bq4evz\" data-start=\"475\" data-end=\"533\"><strong data-start=\"477\" data-end=\"490\">Hauteur :<\/strong> 1,5 \u00e0 2,5 m (selon la hauteur de greffe)<\/li>\n<li data-section-id=\"101y867\" data-start=\"534\" data-end=\"561\"><strong data-start=\"536\" data-end=\"549\">Largeur :<\/strong> 1,5 \u00e0 2 m<\/li>\n<li data-section-id=\"1jb47hd\" data-start=\"562\" data-end=\"598\"><strong data-start=\"564\" data-end=\"580\">Croissance :<\/strong> Lente \u00e0 moyenne<\/li>\n<li data-section-id=\"1rtnc6\" data-start=\"600\" data-end=\"627\"><strong data-start=\"602\" data-end=\"618\">Exposition :<\/strong> Soleil<\/li>\n<li data-section-id=\"o1w35f\" data-start=\"628\" data-end=\"685\"><strong data-start=\"630\" data-end=\"639\">Sol :<\/strong> Tr\u00e8s adaptable, tol\u00e8re sols secs et pauvres<\/li>\n<li data-section-id=\"13fqplq\" data-start=\"686\" data-end=\"702\"><strong data-start=\"688\" data-end=\"698\">Zone :<\/strong> 2<\/li>\n<li data-section-id=\"v7xg9m\" data-start=\"704\" data-end=\"753\"><strong data-start=\"706\" data-end=\"721\">Feuillage :<\/strong> Vert clair, tr\u00e8s fin et l\u00e9ger<\/li>\n<li data-section-id=\"1ars7nz\" data-start=\"754\" data-end=\"792\"><strong data-start=\"756\" data-end=\"779\">Couleur automnale :<\/strong> Jaune p\u00e2le<\/li>\n<\/ul>\n","protected":false},"excerpt":{"rendered":"<p>Voir disponibilit\u00e9 en magasin Nom latin : Caragana arborescens Walker Petit arbre greff\u00e9 \u00e0 port pleureur et tr\u00e8s \u00e9l\u00e9gant, \u2018Walker\u2019 est appr\u00e9ci\u00e9 pour son feuillage fin et l\u00e9ger et sa floraison jaune au printemps. Tr\u00e8s rustique et tol\u00e9rant, il est id\u00e9al pour les petits jardins, les am\u00e9nagements d\u00e9coratifs et les sites difficiles (vent, s\u00e9cheresse, sols [&hellip;]<\/p>\n","protected":false},"featured_media":29539,"template":"","meta":[],"product_cat":[86],"product_tag":[],"acf":[],"_links":{"self":[{"href":"https:\/\/www.paysagesrossignol.com\/en\/wp-json\/wp\/v2\/product\/29673"}],"collection":[{"href":"https:\/\/www.paysagesrossignol.com\/en\/wp-json\/wp\/v2\/product"}],"about":[{"href":"https:\/\/www.paysagesrossignol.com\/en\/wp-json\/wp\/v2\/types\/product"}],"wp:featuredmedia":[{"embeddable":true,"href":"https:\/\/www.paysagesrossignol.com\/en\/wp-json\/wp\/v2\/media\/29539"}],"wp:attachment":[{"href":"https:\/\/www.paysagesrossignol.com\/en\/wp-json\/wp\/v2\/media?parent=29673"}],"wp:term":[{"taxonomy":"product_cat","embeddable":true,"href":"https:\/\/www.paysagesrossignol.com\/en\/wp-json\/wp\/v2\/product_cat?post=29673"},{"taxonomy":"product_tag","embeddable":true,"href":"https:\/\/www.paysagesrossignol.com\/en\/wp-json\/wp\/v2\/product_tag?post=29673"}],"curies":[{"name":"wp","href":"https:\/\/api.w.org\/{rel}","templated":true}]}}