{"id":29679,"date":"2026-03-27T08:21:49","date_gmt":"2026-03-27T12:21:49","guid":{"rendered":"https:\/\/www.paysagesrossignol.com\/?post_type=product&#038;p=29679"},"modified":"2026-03-27T08:21:49","modified_gmt":"2026-03-27T12:21:49","slug":"charme-de-caroline-2","status":"publish","type":"product","link":"https:\/\/www.paysagesrossignol.com\/en\/produit\/charme-de-caroline-2\/","title":{"rendered":"Charme de Caroline"},"content":{"rendered":"<h1><strong>Voir disponibilit\u00e9 en magasin<\/strong><\/h1>\n<h3><strong>Nom latin : Carpinus Caroliniana<\/strong><\/h3>\n<p>Petit arbre indig\u00e8ne aussi appel\u00e9 <strong data-start=\"158\" data-end=\"173\">bois de fer<\/strong>, le charme de Caroline est appr\u00e9ci\u00e9 pour son <strong data-start=\"219\" data-end=\"244\">tronc lisse et muscl\u00e9<\/strong> \u00e0 l\u2019aspect unique ainsi que son <strong data-start=\"277\" data-end=\"307\">feuillage dense et \u00e9l\u00e9gant<\/strong>. Il est bien adapt\u00e9 aux <strong data-start=\"332\" data-end=\"369\">milieux naturels et aux sous-bois<\/strong>, ce qui en fait un excellent choix pour les <strong data-start=\"414\" data-end=\"454\">am\u00e9nagements ombrag\u00e9s ou naturalis\u00e9s<\/strong>.<\/p>\n<h3 data-section-id=\"fo4qqk\" data-start=\"462\" data-end=\"485\">Caract\u00e9ristiques<\/h3>\n<ul data-start=\"487\" data-end=\"799\">\n<li data-section-id=\"yarjaa\" data-start=\"487\" data-end=\"513\"><strong data-start=\"489\" data-end=\"502\">Hauteur :<\/strong> 6 \u00e0 10 m<\/li>\n<li data-section-id=\"1u050gi\" data-start=\"514\" data-end=\"540\"><strong data-start=\"516\" data-end=\"529\">Largeur :<\/strong> 6 \u00e0 10 m<\/li>\n<li data-section-id=\"1jb47hd\" data-start=\"541\" data-end=\"577\"><strong data-start=\"543\" data-end=\"559\">Croissance :<\/strong> Lente \u00e0 moyenne<\/li>\n<li data-section-id=\"yoeeqm\" data-start=\"579\" data-end=\"633\"><strong data-start=\"581\" data-end=\"597\">Exposition :<\/strong> Soleil \u00e0 mi-ombre, tol\u00e8re l\u2019ombre<\/li>\n<li data-section-id=\"9v07xu\" data-start=\"634\" data-end=\"683\"><strong data-start=\"636\" data-end=\"645\">Sol :<\/strong> Pr\u00e9f\u00e8re frais \u00e0 humide, bien drain\u00e9<\/li>\n<li data-section-id=\"13nbvfc\" data-start=\"684\" data-end=\"702\"><strong data-start=\"686\" data-end=\"696\">Zone :<\/strong> 3\u20134<\/li>\n<li data-section-id=\"1d15q4j\" data-start=\"704\" data-end=\"750\"><strong data-start=\"706\" data-end=\"721\">Feuillage :<\/strong> Vert moyen, finement dent\u00e9<\/li>\n<li data-section-id=\"z7mhu\" data-start=\"751\" data-end=\"799\"><strong data-start=\"753\" data-end=\"776\">Couleur automnale :<\/strong> Jaune \u00e0 rouge orang\u00e9<\/li>\n<\/ul>\n","protected":false},"excerpt":{"rendered":"<p>Voir disponibilit\u00e9 en magasin Nom latin : Carpinus Caroliniana Petit arbre indig\u00e8ne aussi appel\u00e9 bois de fer, le charme de Caroline est appr\u00e9ci\u00e9 pour son tronc lisse et muscl\u00e9 \u00e0 l\u2019aspect unique ainsi que son feuillage dense et \u00e9l\u00e9gant. Il est bien adapt\u00e9 aux milieux naturels et aux sous-bois, ce qui en fait un excellent [&hellip;]<\/p>\n","protected":false},"featured_media":29539,"template":"","meta":[],"product_cat":[86],"product_tag":[],"acf":[],"_links":{"self":[{"href":"https:\/\/www.paysagesrossignol.com\/en\/wp-json\/wp\/v2\/product\/29679"}],"collection":[{"href":"https:\/\/www.paysagesrossignol.com\/en\/wp-json\/wp\/v2\/product"}],"about":[{"href":"https:\/\/www.paysagesrossignol.com\/en\/wp-json\/wp\/v2\/types\/product"}],"wp:featuredmedia":[{"embeddable":true,"href":"https:\/\/www.paysagesrossignol.com\/en\/wp-json\/wp\/v2\/media\/29539"}],"wp:attachment":[{"href":"https:\/\/www.paysagesrossignol.com\/en\/wp-json\/wp\/v2\/media?parent=29679"}],"wp:term":[{"taxonomy":"product_cat","embeddable":true,"href":"https:\/\/www.paysagesrossignol.com\/en\/wp-json\/wp\/v2\/product_cat?post=29679"},{"taxonomy":"product_tag","embeddable":true,"href":"https:\/\/www.paysagesrossignol.com\/en\/wp-json\/wp\/v2\/product_tag?post=29679"}],"curies":[{"name":"wp","href":"https:\/\/api.w.org\/{rel}","templated":true}]}}