{"id":29684,"date":"2026-03-27T08:30:10","date_gmt":"2026-03-27T12:30:10","guid":{"rendered":"https:\/\/www.paysagesrossignol.com\/?post_type=product&#038;p=29684"},"modified":"2026-03-27T08:30:10","modified_gmt":"2026-03-27T12:30:10","slug":"caryer-cordiforme","status":"publish","type":"product","link":"https:\/\/www.paysagesrossignol.com\/en\/produit\/caryer-cordiforme\/","title":{"rendered":"Caryer Cordiforme"},"content":{"rendered":"<h1><strong>Voir disponibilit\u00e9 en magasin<\/strong><\/h1>\n<h3><strong>Nom latin : Carya Cordiformis<\/strong><\/h3>\n<p>Arbre indig\u00e8ne de grande taille, le caryer cordiforme est appr\u00e9ci\u00e9 pour son <strong data-start=\"203\" data-end=\"218\">port \u00e9lanc\u00e9<\/strong>, son <strong data-start=\"224\" data-end=\"253\">feuillage compos\u00e9 \u00e9l\u00e9gant<\/strong> et sa <strong data-start=\"260\" data-end=\"296\">bonne tol\u00e9rance aux sols humides<\/strong>. Il est particuli\u00e8rement adapt\u00e9 aux <strong data-start=\"333\" data-end=\"380\">grands espaces et aux am\u00e9nagements naturels<\/strong>, o\u00f9 il peut se d\u00e9velopper pleinement.<\/p>\n<h3 data-section-id=\"fo4qqk\" data-start=\"425\" data-end=\"448\">Caract\u00e9ristiques<\/h3>\n<ul data-start=\"450\" data-end=\"734\">\n<li data-section-id=\"1uyuz9w\" data-start=\"450\" data-end=\"477\"><strong data-start=\"452\" data-end=\"465\">Hauteur :<\/strong> 20 \u00e0 30 m<\/li>\n<li data-section-id=\"fma5kf\" data-start=\"478\" data-end=\"505\"><strong data-start=\"480\" data-end=\"493\">Largeur :<\/strong> 12 \u00e0 18 m<\/li>\n<li data-section-id=\"1fqa3rr\" data-start=\"506\" data-end=\"534\"><strong data-start=\"508\" data-end=\"524\">Croissance :<\/strong> Moyenne<\/li>\n<li data-section-id=\"1rtnc6\" data-start=\"536\" data-end=\"563\"><strong data-start=\"538\" data-end=\"554\">Exposition :<\/strong> Soleil<\/li>\n<li data-section-id=\"1b69ac6\" data-start=\"564\" data-end=\"620\"><strong data-start=\"566\" data-end=\"575\">Sol :<\/strong> Pr\u00e9f\u00e8re frais \u00e0 humide, tol\u00e8re sols vari\u00e9s<\/li>\n<li data-section-id=\"13iiq8u\" data-start=\"621\" data-end=\"639\"><strong data-start=\"623\" data-end=\"633\">Zone :<\/strong> 4\u20135<\/li>\n<li data-section-id=\"uphewd\" data-start=\"641\" data-end=\"696\"><strong data-start=\"643\" data-end=\"658\">Feuillage :<\/strong> Vert moyen, compos\u00e9, texture l\u00e9g\u00e8re<\/li>\n<li data-section-id=\"11tggp9\" data-start=\"697\" data-end=\"734\"><strong data-start=\"699\" data-end=\"722\">Couleur automnale :<\/strong> Jaune v<\/li>\n<\/ul>\n","protected":false},"excerpt":{"rendered":"<p>Voir disponibilit\u00e9 en magasin Nom latin : Carya Cordiformis Arbre indig\u00e8ne de grande taille, le caryer cordiforme est appr\u00e9ci\u00e9 pour son port \u00e9lanc\u00e9, son feuillage compos\u00e9 \u00e9l\u00e9gant et sa bonne tol\u00e9rance aux sols humides. Il est particuli\u00e8rement adapt\u00e9 aux grands espaces et aux am\u00e9nagements naturels, o\u00f9 il peut se d\u00e9velopper pleinement. Caract\u00e9ristiques Hauteur : 20 [&hellip;]<\/p>\n","protected":false},"featured_media":29539,"template":"","meta":[],"product_cat":[86],"product_tag":[],"acf":[],"_links":{"self":[{"href":"https:\/\/www.paysagesrossignol.com\/en\/wp-json\/wp\/v2\/product\/29684"}],"collection":[{"href":"https:\/\/www.paysagesrossignol.com\/en\/wp-json\/wp\/v2\/product"}],"about":[{"href":"https:\/\/www.paysagesrossignol.com\/en\/wp-json\/wp\/v2\/types\/product"}],"wp:featuredmedia":[{"embeddable":true,"href":"https:\/\/www.paysagesrossignol.com\/en\/wp-json\/wp\/v2\/media\/29539"}],"wp:attachment":[{"href":"https:\/\/www.paysagesrossignol.com\/en\/wp-json\/wp\/v2\/media?parent=29684"}],"wp:term":[{"taxonomy":"product_cat","embeddable":true,"href":"https:\/\/www.paysagesrossignol.com\/en\/wp-json\/wp\/v2\/product_cat?post=29684"},{"taxonomy":"product_tag","embeddable":true,"href":"https:\/\/www.paysagesrossignol.com\/en\/wp-json\/wp\/v2\/product_tag?post=29684"}],"curies":[{"name":"wp","href":"https:\/\/api.w.org\/{rel}","templated":true}]}}