{"id":29686,"date":"2026-03-27T08:50:16","date_gmt":"2026-03-27T12:50:16","guid":{"rendered":"https:\/\/www.paysagesrossignol.com\/?post_type=product&#038;p=29686"},"modified":"2026-03-27T08:50:16","modified_gmt":"2026-03-27T12:50:16","slug":"arbre-a-franges","status":"publish","type":"product","link":"https:\/\/www.paysagesrossignol.com\/en\/produit\/arbre-a-franges\/","title":{"rendered":"Arbre \u00e0 franges"},"content":{"rendered":"<h1><strong>Voir disponibilit\u00e9 en magasin<\/strong><\/h1>\n<h3><strong>Nom latin : Chionanthus virginicus<\/strong><\/h3>\n<p data-start=\"145\" data-end=\"467\">Petit arbre \u00e9l\u00e9gant reconnu pour sa <strong data-start=\"181\" data-end=\"221\">floraison spectaculaire au printemps<\/strong>, compos\u00e9e de <strong data-start=\"235\" data-end=\"271\">fleurs blanches en fines franges<\/strong> tr\u00e8s parfum\u00e9es. Son <strong data-start=\"292\" data-end=\"317\">port arrondi et l\u00e9ger<\/strong> ainsi que sa <strong data-start=\"331\" data-end=\"374\">bonne adaptation aux conditions vari\u00e9es<\/strong> en font un excellent choix pour les <strong data-start=\"411\" data-end=\"466\">jardins r\u00e9sidentiels et les am\u00e9nagements d\u00e9coratifs<\/strong>.<\/p>\n<h3 data-section-id=\"fo4qqk\" data-start=\"474\" data-end=\"497\">Caract\u00e9ristiques<\/h3>\n<ul data-start=\"499\" data-end=\"770\">\n<li data-section-id=\"svhzei\" data-start=\"499\" data-end=\"524\"><strong data-start=\"501\" data-end=\"514\">Hauteur :<\/strong> 6 \u00e0 9 m<\/li>\n<li data-section-id=\"18dol6u\" data-start=\"525\" data-end=\"550\"><strong data-start=\"527\" data-end=\"540\">Largeur :<\/strong> 4 \u00e0 7 m<\/li>\n<li data-section-id=\"1jb47hd\" data-start=\"551\" data-end=\"587\"><strong data-start=\"553\" data-end=\"569\">Croissance :<\/strong> Lente \u00e0 moyenne<\/li>\n<li data-section-id=\"17dp8qg\" data-start=\"589\" data-end=\"627\"><strong data-start=\"591\" data-end=\"607\">Exposition :<\/strong> Soleil \u00e0 mi-ombre<\/li>\n<li data-section-id=\"777yy6\" data-start=\"628\" data-end=\"677\"><strong data-start=\"630\" data-end=\"639\">Sol :<\/strong> Pr\u00e9f\u00e8re riche, frais et bien drain\u00e9<\/li>\n<li data-section-id=\"13iinrx\" data-start=\"678\" data-end=\"696\"><strong data-start=\"680\" data-end=\"690\">Zone :<\/strong> 4\u20136<\/li>\n<li data-section-id=\"1ctw5xb\" data-start=\"698\" data-end=\"736\"><strong data-start=\"700\" data-end=\"715\">Feuillage :<\/strong> Vert fonc\u00e9, lustr\u00e9<\/li>\n<li data-section-id=\"qhopv8\" data-start=\"737\" data-end=\"770\"><strong data-start=\"739\" data-end=\"762\">Couleur automnale :<\/strong> Jaune<\/li>\n<\/ul>\n","protected":false},"excerpt":{"rendered":"<p>Voir disponibilit\u00e9 en magasin Nom latin : Chionanthus virginicus Petit arbre \u00e9l\u00e9gant reconnu pour sa floraison spectaculaire au printemps, compos\u00e9e de fleurs blanches en fines franges tr\u00e8s parfum\u00e9es. Son port arrondi et l\u00e9ger ainsi que sa bonne adaptation aux conditions vari\u00e9es en font un excellent choix pour les jardins r\u00e9sidentiels et les am\u00e9nagements d\u00e9coratifs. Caract\u00e9ristiques [&hellip;]<\/p>\n","protected":false},"featured_media":29537,"template":"","meta":[],"product_cat":[86],"product_tag":[],"acf":[],"_links":{"self":[{"href":"https:\/\/www.paysagesrossignol.com\/en\/wp-json\/wp\/v2\/product\/29686"}],"collection":[{"href":"https:\/\/www.paysagesrossignol.com\/en\/wp-json\/wp\/v2\/product"}],"about":[{"href":"https:\/\/www.paysagesrossignol.com\/en\/wp-json\/wp\/v2\/types\/product"}],"wp:featuredmedia":[{"embeddable":true,"href":"https:\/\/www.paysagesrossignol.com\/en\/wp-json\/wp\/v2\/media\/29537"}],"wp:attachment":[{"href":"https:\/\/www.paysagesrossignol.com\/en\/wp-json\/wp\/v2\/media?parent=29686"}],"wp:term":[{"taxonomy":"product_cat","embeddable":true,"href":"https:\/\/www.paysagesrossignol.com\/en\/wp-json\/wp\/v2\/product_cat?post=29686"},{"taxonomy":"product_tag","embeddable":true,"href":"https:\/\/www.paysagesrossignol.com\/en\/wp-json\/wp\/v2\/product_tag?post=29686"}],"curies":[{"name":"wp","href":"https:\/\/api.w.org\/{rel}","templated":true}]}}