{"id":29690,"date":"2026-03-27T13:02:37","date_gmt":"2026-03-27T17:02:37","guid":{"rendered":"https:\/\/www.paysagesrossignol.com\/?post_type=product&#038;p=29690"},"modified":"2026-03-27T13:02:37","modified_gmt":"2026-03-27T17:02:37","slug":"aubepine-winter-king","status":"publish","type":"product","link":"https:\/\/www.paysagesrossignol.com\/en\/produit\/aubepine-winter-king\/","title":{"rendered":"Aub\u00e9pine Winter King"},"content":{"rendered":"<h1><strong>Voir disponibilit\u00e9 en magasin<\/strong><\/h1>\n<h3><strong>Nom latin : Crataegus Viridis Winter King<\/strong><\/h3>\n<p>S\u00e9lection d\u2019aub\u00e9pine d\u00e9corative, \u2018Winter King\u2019 est reconnue pour sa <strong data-start=\"244\" data-end=\"288\">floraison blanche abondante au printemps<\/strong>, ses <strong data-start=\"294\" data-end=\"346\">fruits rouges persistants en automne et en hiver<\/strong>, et son <strong data-start=\"355\" data-end=\"383\">port r\u00e9gulier et arrondi<\/strong>. Peu \u00e9pineux et rustique, il est id\u00e9al pour les <strong data-start=\"432\" data-end=\"500\">am\u00e9nagements urbains, haies ornementales et jardins r\u00e9sidentiels<\/strong>, tout en \u00e9tant tr\u00e8s tol\u00e9rant aux sols vari\u00e9s et aux conditions urbaines.<\/p>\n<h3 data-section-id=\"fo4qqk\" data-start=\"582\" data-end=\"605\">Caract\u00e9ristiques<\/h3>\n<ul data-start=\"607\" data-end=\"875\">\n<li data-section-id=\"yarjaa\" data-start=\"607\" data-end=\"633\"><strong data-start=\"609\" data-end=\"622\">Hauteur :<\/strong> 6 \u00e0 10 m<\/li>\n<li data-section-id=\"1u050gi\" data-start=\"634\" data-end=\"660\"><strong data-start=\"636\" data-end=\"649\">Largeur :<\/strong> 6 \u00e0 10 m<\/li>\n<li data-section-id=\"1fqa3rr\" data-start=\"661\" data-end=\"689\"><strong data-start=\"663\" data-end=\"679\">Croissance :<\/strong> Moyenne<\/li>\n<li data-section-id=\"1rtnc6\" data-start=\"691\" data-end=\"718\"><strong data-start=\"693\" data-end=\"709\">Exposition :<\/strong> Soleil<\/li>\n<li data-section-id=\"1u0pbsp\" data-start=\"719\" data-end=\"774\"><strong data-start=\"721\" data-end=\"730\">Sol :<\/strong> Bien drain\u00e9, tol\u00e8re sols secs ou argileux<\/li>\n<li data-section-id=\"13iiokc\" data-start=\"775\" data-end=\"793\"><strong data-start=\"777\" data-end=\"787\">Zone :<\/strong> 4\u20137<\/li>\n<li data-section-id=\"irk0qz\" data-start=\"795\" data-end=\"825\"><strong data-start=\"797\" data-end=\"812\">Feuillage :<\/strong> Vert moyen<\/li>\n<li data-section-id=\"rzqyac\" data-start=\"826\" data-end=\"875\"><strong data-start=\"828\" data-end=\"851\">Couleur automnale :<\/strong> Jaune, parfois orang\u00e9<\/li>\n<\/ul>\n","protected":false},"excerpt":{"rendered":"<p>Voir disponibilit\u00e9 en magasin Nom latin : Crataegus Viridis Winter King S\u00e9lection d\u2019aub\u00e9pine d\u00e9corative, \u2018Winter King\u2019 est reconnue pour sa floraison blanche abondante au printemps, ses fruits rouges persistants en automne et en hiver, et son port r\u00e9gulier et arrondi. Peu \u00e9pineux et rustique, il est id\u00e9al pour les am\u00e9nagements urbains, haies ornementales et jardins [&hellip;]<\/p>\n","protected":false},"featured_media":29537,"template":"","meta":[],"product_cat":[86],"product_tag":[],"acf":[],"_links":{"self":[{"href":"https:\/\/www.paysagesrossignol.com\/en\/wp-json\/wp\/v2\/product\/29690"}],"collection":[{"href":"https:\/\/www.paysagesrossignol.com\/en\/wp-json\/wp\/v2\/product"}],"about":[{"href":"https:\/\/www.paysagesrossignol.com\/en\/wp-json\/wp\/v2\/types\/product"}],"wp:featuredmedia":[{"embeddable":true,"href":"https:\/\/www.paysagesrossignol.com\/en\/wp-json\/wp\/v2\/media\/29537"}],"wp:attachment":[{"href":"https:\/\/www.paysagesrossignol.com\/en\/wp-json\/wp\/v2\/media?parent=29690"}],"wp:term":[{"taxonomy":"product_cat","embeddable":true,"href":"https:\/\/www.paysagesrossignol.com\/en\/wp-json\/wp\/v2\/product_cat?post=29690"},{"taxonomy":"product_tag","embeddable":true,"href":"https:\/\/www.paysagesrossignol.com\/en\/wp-json\/wp\/v2\/product_tag?post=29690"}],"curies":[{"name":"wp","href":"https:\/\/api.w.org\/{rel}","templated":true}]}}