{"id":29695,"date":"2026-03-11T13:31:32","date_gmt":"2026-03-11T17:31:32","guid":{"rendered":"https:\/\/www.paysagesrossignol.com\/?post_type=product&#038;p=29695"},"modified":"2026-03-27T13:33:25","modified_gmt":"2026-03-27T17:33:25","slug":"fusain-red-cascade-en-talle","status":"publish","type":"product","link":"https:\/\/www.paysagesrossignol.com\/en\/produit\/fusain-red-cascade-en-talle\/","title":{"rendered":"Fusain Red Cascade en talle"},"content":{"rendered":"<h1><strong>Voir disponibilit\u00e9 en magasin<\/strong><\/h1>\n<h3><strong>Nom latin : Euonymus europaeus Red Cascade<\/strong><\/h3>\n<p data-start=\"139\" data-end=\"468\">Petit arbre ornemental tr\u00e8s appr\u00e9ci\u00e9 pour son <strong data-start=\"185\" data-end=\"220\">effet spectaculaire \u00e0 l\u2019automne<\/strong>, avec une <strong data-start=\"231\" data-end=\"272\">abondance de fruits rose vif \u00e0 orang\u00e9<\/strong> et un <strong data-start=\"279\" data-end=\"307\">feuillage rouge \u00e9clatant<\/strong>. Son port l\u00e9ger et sa facilit\u00e9 de culture en font un excellent choix pour les <strong data-start=\"386\" data-end=\"467\">jardins r\u00e9sidentiels, les am\u00e9nagements d\u00e9coratifs et les plantations d\u2019accent<\/strong>.<\/p>\n<h3 data-section-id=\"fo4qqk\" data-start=\"475\" data-end=\"498\">Caract\u00e9ristiques<\/h3>\n<ul data-start=\"500\" data-end=\"754\">\n<li data-section-id=\"16l0e47\" data-start=\"500\" data-end=\"525\"><strong data-start=\"502\" data-end=\"515\">Hauteur :<\/strong> 5 \u00e0 7 m<\/li>\n<li data-section-id=\"zm9ohv\" data-start=\"526\" data-end=\"551\"><strong data-start=\"528\" data-end=\"541\">Largeur :<\/strong> 3 \u00e0 5 m<\/li>\n<li data-section-id=\"1fqa3rr\" data-start=\"552\" data-end=\"580\"><strong data-start=\"554\" data-end=\"570\">Croissance :<\/strong> Moyenne<\/li>\n<li data-section-id=\"17dp8qg\" data-start=\"582\" data-end=\"620\"><strong data-start=\"584\" data-end=\"600\">Exposition :<\/strong> Soleil \u00e0 mi-ombre<\/li>\n<li data-section-id=\"xtlyb3\" data-start=\"621\" data-end=\"665\"><strong data-start=\"623\" data-end=\"632\">Sol :<\/strong> Adaptable, pr\u00e9f\u00e8re bien drain\u00e9<\/li>\n<li data-section-id=\"13iinrx\" data-start=\"666\" data-end=\"684\"><strong data-start=\"668\" data-end=\"678\">Zone :<\/strong> 4\u20136<\/li>\n<li data-section-id=\"irk0qz\" data-start=\"686\" data-end=\"716\"><strong data-start=\"688\" data-end=\"703\">Feuillage :<\/strong> Vert moyen<\/li>\n<li data-section-id=\"qxzh2q\" data-start=\"717\" data-end=\"754\"><strong data-start=\"719\" data-end=\"742\">Couleur automnale :<\/strong> Rouge vif<\/li>\n<\/ul>\n","protected":false},"excerpt":{"rendered":"<p>Voir disponibilit\u00e9 en magasin Nom latin : Euonymus europaeus Red Cascade Petit arbre ornemental tr\u00e8s appr\u00e9ci\u00e9 pour son effet spectaculaire \u00e0 l\u2019automne, avec une abondance de fruits rose vif \u00e0 orang\u00e9 et un feuillage rouge \u00e9clatant. Son port l\u00e9ger et sa facilit\u00e9 de culture en font un excellent choix pour les jardins r\u00e9sidentiels, les am\u00e9nagements [&hellip;]<\/p>\n","protected":false},"featured_media":29537,"template":"","meta":[],"product_cat":[86],"product_tag":[],"acf":[],"_links":{"self":[{"href":"https:\/\/www.paysagesrossignol.com\/en\/wp-json\/wp\/v2\/product\/29695"}],"collection":[{"href":"https:\/\/www.paysagesrossignol.com\/en\/wp-json\/wp\/v2\/product"}],"about":[{"href":"https:\/\/www.paysagesrossignol.com\/en\/wp-json\/wp\/v2\/types\/product"}],"wp:featuredmedia":[{"embeddable":true,"href":"https:\/\/www.paysagesrossignol.com\/en\/wp-json\/wp\/v2\/media\/29537"}],"wp:attachment":[{"href":"https:\/\/www.paysagesrossignol.com\/en\/wp-json\/wp\/v2\/media?parent=29695"}],"wp:term":[{"taxonomy":"product_cat","embeddable":true,"href":"https:\/\/www.paysagesrossignol.com\/en\/wp-json\/wp\/v2\/product_cat?post=29695"},{"taxonomy":"product_tag","embeddable":true,"href":"https:\/\/www.paysagesrossignol.com\/en\/wp-json\/wp\/v2\/product_tag?post=29695"}],"curies":[{"name":"wp","href":"https:\/\/api.w.org\/{rel}","templated":true}]}}