{"id":29699,"date":"2026-03-27T13:50:53","date_gmt":"2026-03-27T17:50:53","guid":{"rendered":"https:\/\/www.paysagesrossignol.com\/?post_type=product&#038;p=29699"},"modified":"2026-04-17T15:01:18","modified_gmt":"2026-04-17T19:01:18","slug":"arbre-aux-quarante-ecus-prince-sentry","status":"publish","type":"product","link":"https:\/\/www.paysagesrossignol.com\/en\/produit\/arbre-aux-quarante-ecus-prince-sentry\/","title":{"rendered":"Arbre aux Quarante \u00c9cus Princeton Sentry"},"content":{"rendered":"<h1><strong>Voir disponibilit\u00e9 en magasin<\/strong><\/h1>\n<h3><strong>Nom latin : Ginkgo biloba Princeton Sentry<\/strong><\/h3>\n<p>Cultivar m\u00e2le tr\u00e8s populaire, \u2018Princeton Sentry\u2019 est reconnu pour son <strong data-start=\"215\" data-end=\"244\">port \u00e9troit et colonnaire<\/strong>, id\u00e9al pour les <strong data-start=\"261\" data-end=\"306\">alignements urbains et espaces restreints<\/strong>. Tr\u00e8s r\u00e9sistant \u00e0 la pollution, au sel et aux conditions difficiles, il est aussi appr\u00e9ci\u00e9 pour sa <strong data-start=\"406\" data-end=\"455\">spectaculaire coloration automnale jaune dor\u00e9<\/strong>.<\/p>\n<h3 data-section-id=\"fo4qqk\" data-start=\"463\" data-end=\"486\">Caract\u00e9ristiques<\/h3>\n<ul data-start=\"488\" data-end=\"770\">\n<li data-section-id=\"1ojpnfj\" data-start=\"488\" data-end=\"515\"><strong data-start=\"490\" data-end=\"503\">Hauteur :<\/strong> 12 \u00e0 18 m<\/li>\n<li data-section-id=\"zm9ohv\" data-start=\"516\" data-end=\"541\"><strong data-start=\"518\" data-end=\"531\">Largeur :<\/strong> 3 \u00e0 5 m<\/li>\n<li data-section-id=\"1fqa3rr\" data-start=\"542\" data-end=\"570\"><strong data-start=\"544\" data-end=\"560\">Croissance :<\/strong> Moyenne<\/li>\n<li data-section-id=\"1rtnc6\" data-start=\"572\" data-end=\"599\"><strong data-start=\"574\" data-end=\"590\">Exposition :<\/strong> Soleil<\/li>\n<li data-section-id=\"yvabbh\" data-start=\"600\" data-end=\"667\"><strong data-start=\"602\" data-end=\"611\">Sol :<\/strong> Tr\u00e8s adaptable, tol\u00e8re sols urbains, secs et compacts<\/li>\n<li data-section-id=\"13iifdf\" data-start=\"668\" data-end=\"686\"><strong data-start=\"670\" data-end=\"680\">Zone :<\/strong> 4\u20138<\/li>\n<li data-section-id=\"r9py5p\" data-start=\"688\" data-end=\"731\"><strong data-start=\"690\" data-end=\"705\">Feuillage :<\/strong> Vert clair, en \u00e9ventail<\/li>\n<li data-section-id=\"1g8c9dw\" data-start=\"732\" data-end=\"770\"><strong data-start=\"734\" data-end=\"757\">Couleur automnale :<\/strong> Jaune dor\u00e9<\/li>\n<\/ul>\n","protected":false},"excerpt":{"rendered":"<p>Voir disponibilit\u00e9 en magasin Nom latin : Ginkgo biloba Princeton Sentry Cultivar m\u00e2le tr\u00e8s populaire, \u2018Princeton Sentry\u2019 est reconnu pour son port \u00e9troit et colonnaire, id\u00e9al pour les alignements urbains et espaces restreints. Tr\u00e8s r\u00e9sistant \u00e0 la pollution, au sel et aux conditions difficiles, il est aussi appr\u00e9ci\u00e9 pour sa spectaculaire coloration automnale jaune dor\u00e9. [&hellip;]<\/p>\n","protected":false},"featured_media":29537,"template":"","meta":[],"product_cat":[86],"product_tag":[],"acf":[],"_links":{"self":[{"href":"https:\/\/www.paysagesrossignol.com\/en\/wp-json\/wp\/v2\/product\/29699"}],"collection":[{"href":"https:\/\/www.paysagesrossignol.com\/en\/wp-json\/wp\/v2\/product"}],"about":[{"href":"https:\/\/www.paysagesrossignol.com\/en\/wp-json\/wp\/v2\/types\/product"}],"wp:featuredmedia":[{"embeddable":true,"href":"https:\/\/www.paysagesrossignol.com\/en\/wp-json\/wp\/v2\/media\/29537"}],"wp:attachment":[{"href":"https:\/\/www.paysagesrossignol.com\/en\/wp-json\/wp\/v2\/media?parent=29699"}],"wp:term":[{"taxonomy":"product_cat","embeddable":true,"href":"https:\/\/www.paysagesrossignol.com\/en\/wp-json\/wp\/v2\/product_cat?post=29699"},{"taxonomy":"product_tag","embeddable":true,"href":"https:\/\/www.paysagesrossignol.com\/en\/wp-json\/wp\/v2\/product_tag?post=29699"}],"curies":[{"name":"wp","href":"https:\/\/api.w.org\/{rel}","templated":true}]}}