{"id":29706,"date":"2026-03-27T14:02:23","date_gmt":"2026-03-27T18:02:23","guid":{"rendered":"https:\/\/www.paysagesrossignol.com\/?post_type=product&#038;p=29706"},"modified":"2026-04-17T15:18:23","modified_gmt":"2026-04-17T19:18:23","slug":"noyer-cendre","status":"publish","type":"product","link":"https:\/\/www.paysagesrossignol.com\/en\/produit\/noyer-cendre\/","title":{"rendered":"Noyer cendr\u00e9"},"content":{"rendered":"<h1><strong>Voir disponibilit\u00e9 en magasin<\/strong><\/h1>\n<h3><strong>Nom latin : Juglans Cinerea<\/strong><\/h3>\n<p>Arbre indig\u00e8ne de grande taille, le noyer cendr\u00e9 est appr\u00e9ci\u00e9 pour son <strong data-start=\"192\" data-end=\"206\">port large<\/strong>, son <strong data-start=\"212\" data-end=\"241\">feuillage compos\u00e9 \u00e9l\u00e9gant<\/strong> et ses <strong data-start=\"249\" data-end=\"271\">fruits comestibles<\/strong>. Il est bien adapt\u00e9 aux <strong data-start=\"296\" data-end=\"339\">milieux naturels et aux grands terrains<\/strong>, mais il est aujourd\u2019hui <strong data-start=\"365\" data-end=\"424\">affect\u00e9 par une maladie grave (chancre du noyer cendr\u00e9)<\/strong>, ce qui limite son utilisation en plantation ornementale.<\/p>\n<h3 data-section-id=\"fo4qqk\" data-start=\"489\" data-end=\"512\">Caract\u00e9ristiques<\/h3>\n<ul data-start=\"514\" data-end=\"778\">\n<li data-section-id=\"11rz0wj\" data-start=\"514\" data-end=\"541\"><strong data-start=\"516\" data-end=\"529\">Hauteur :<\/strong> 15 \u00e0 20 m<\/li>\n<li data-section-id=\"1ufp7mo\" data-start=\"542\" data-end=\"569\"><strong data-start=\"544\" data-end=\"557\">Largeur :<\/strong> 10 \u00e0 15 m<\/li>\n<li data-section-id=\"1fqa3rr\" data-start=\"570\" data-end=\"598\"><strong data-start=\"572\" data-end=\"588\">Croissance :<\/strong> Moyenne<\/li>\n<li data-section-id=\"1rtnc6\" data-start=\"600\" data-end=\"627\"><strong data-start=\"602\" data-end=\"618\">Exposition :<\/strong> Soleil<\/li>\n<li data-section-id=\"1ux7q6o\" data-start=\"628\" data-end=\"668\"><strong data-start=\"630\" data-end=\"639\">Sol :<\/strong> Pr\u00e9f\u00e8re riche, bien drain\u00e9<\/li>\n<li data-section-id=\"13nbumx\" data-start=\"669\" data-end=\"687\"><strong data-start=\"671\" data-end=\"681\">Zone :<\/strong> 3\u20135<\/li>\n<li data-section-id=\"uphewd\" data-start=\"689\" data-end=\"744\"><strong data-start=\"691\" data-end=\"706\">Feuillage :<\/strong> Vert moyen, compos\u00e9, texture l\u00e9g\u00e8re<\/li>\n<li data-section-id=\"qhopv8\" data-start=\"745\" data-end=\"778\"><strong data-start=\"747\" data-end=\"770\">Couleur automnale :<\/strong> Jaune<\/li>\n<\/ul>\n","protected":false},"excerpt":{"rendered":"<p>Voir disponibilit\u00e9 en magasin Nom latin : Juglans Cinerea Arbre indig\u00e8ne de grande taille, le noyer cendr\u00e9 est appr\u00e9ci\u00e9 pour son port large, son feuillage compos\u00e9 \u00e9l\u00e9gant et ses fruits comestibles. Il est bien adapt\u00e9 aux milieux naturels et aux grands terrains, mais il est aujourd\u2019hui affect\u00e9 par une maladie grave (chancre du noyer cendr\u00e9), [&hellip;]<\/p>\n","protected":false},"featured_media":29537,"template":"","meta":[],"product_cat":[86],"product_tag":[],"acf":[],"_links":{"self":[{"href":"https:\/\/www.paysagesrossignol.com\/en\/wp-json\/wp\/v2\/product\/29706"}],"collection":[{"href":"https:\/\/www.paysagesrossignol.com\/en\/wp-json\/wp\/v2\/product"}],"about":[{"href":"https:\/\/www.paysagesrossignol.com\/en\/wp-json\/wp\/v2\/types\/product"}],"wp:featuredmedia":[{"embeddable":true,"href":"https:\/\/www.paysagesrossignol.com\/en\/wp-json\/wp\/v2\/media\/29537"}],"wp:attachment":[{"href":"https:\/\/www.paysagesrossignol.com\/en\/wp-json\/wp\/v2\/media?parent=29706"}],"wp:term":[{"taxonomy":"product_cat","embeddable":true,"href":"https:\/\/www.paysagesrossignol.com\/en\/wp-json\/wp\/v2\/product_cat?post=29706"},{"taxonomy":"product_tag","embeddable":true,"href":"https:\/\/www.paysagesrossignol.com\/en\/wp-json\/wp\/v2\/product_tag?post=29706"}],"curies":[{"name":"wp","href":"https:\/\/api.w.org\/{rel}","templated":true}]}}