{"id":29716,"date":"2026-03-27T14:30:42","date_gmt":"2026-03-27T18:30:42","guid":{"rendered":"https:\/\/www.paysagesrossignol.com\/?post_type=product&#038;p=29716"},"modified":"2026-03-27T14:30:43","modified_gmt":"2026-03-27T18:30:43","slug":"pommetier-jeff-green","status":"publish","type":"product","link":"https:\/\/www.paysagesrossignol.com\/en\/produit\/pommetier-jeff-green\/","title":{"rendered":"Pommetier Jeff Green"},"content":{"rendered":"<h1><strong>Voir disponibilit\u00e9 en magasin<\/strong><\/h1>\n<h3><strong>Nom latin : Malus Jeff Green<\/strong><\/h3>\n<p data-start=\"129\" data-end=\"468\">Pommetier ornemental hybride, \u2018Jeff Green\u2019 est reconnu pour sa <strong data-start=\"192\" data-end=\"236\">floraison blanche abondante au printemps<\/strong>, ses <strong data-start=\"242\" data-end=\"297\">petits fruits rouges d\u00e9coratifs en automne et hiver<\/strong>, et son <strong data-start=\"306\" data-end=\"334\">port r\u00e9gulier et arrondi<\/strong>. Tr\u00e8s tol\u00e9rant aux <strong data-start=\"354\" data-end=\"396\">conditions urbaines et aux sols vari\u00e9s<\/strong>, il est parfait pour les <strong data-start=\"422\" data-end=\"467\">jardins, rues ou plantations ornementales<\/strong>.<\/p>\n<h3 data-section-id=\"fo4qqk\" data-start=\"475\" data-end=\"498\">Caract\u00e9ristiques<\/h3>\n<ul data-start=\"500\" data-end=\"759\">\n<li data-section-id=\"xq448n\" data-start=\"500\" data-end=\"525\"><strong data-start=\"502\" data-end=\"515\">Hauteur :<\/strong> 4 \u00e0 6 m<\/li>\n<li data-section-id=\"zm9ohv\" data-start=\"526\" data-end=\"551\"><strong data-start=\"528\" data-end=\"541\">Largeur :<\/strong> 3 \u00e0 5 m<\/li>\n<li data-section-id=\"1fqa3rr\" data-start=\"552\" data-end=\"580\"><strong data-start=\"554\" data-end=\"570\">Croissance :<\/strong> Moyenne<\/li>\n<li data-section-id=\"1rtnc6\" data-start=\"582\" data-end=\"609\"><strong data-start=\"584\" data-end=\"600\">Exposition :<\/strong> Soleil<\/li>\n<li data-section-id=\"1a6apg3\" data-start=\"610\" data-end=\"665\"><strong data-start=\"612\" data-end=\"621\">Sol :<\/strong> Adaptable, tol\u00e8re sols pauvres ou urbains<\/li>\n<li data-section-id=\"13iiokc\" data-start=\"666\" data-end=\"684\"><strong data-start=\"668\" data-end=\"678\">Zone :<\/strong> 4\u20137<\/li>\n<li data-section-id=\"irk0qz\" data-start=\"686\" data-end=\"716\"><strong data-start=\"688\" data-end=\"703\">Feuillage :<\/strong> Vert moyen<\/li>\n<li data-section-id=\"1jfjilk\" data-start=\"717\" data-end=\"759\"><strong data-start=\"719\" data-end=\"742\">Couleur automnale :<\/strong> Jaune \u00e0 orang\u00e9<\/li>\n<\/ul>\n","protected":false},"excerpt":{"rendered":"<p>Voir disponibilit\u00e9 en magasin Nom latin : Malus Jeff Green Pommetier ornemental hybride, \u2018Jeff Green\u2019 est reconnu pour sa floraison blanche abondante au printemps, ses petits fruits rouges d\u00e9coratifs en automne et hiver, et son port r\u00e9gulier et arrondi. Tr\u00e8s tol\u00e9rant aux conditions urbaines et aux sols vari\u00e9s, il est parfait pour les jardins, rues [&hellip;]<\/p>\n","protected":false},"featured_media":29537,"template":"","meta":[],"product_cat":[86],"product_tag":[],"acf":[],"_links":{"self":[{"href":"https:\/\/www.paysagesrossignol.com\/en\/wp-json\/wp\/v2\/product\/29716"}],"collection":[{"href":"https:\/\/www.paysagesrossignol.com\/en\/wp-json\/wp\/v2\/product"}],"about":[{"href":"https:\/\/www.paysagesrossignol.com\/en\/wp-json\/wp\/v2\/types\/product"}],"wp:featuredmedia":[{"embeddable":true,"href":"https:\/\/www.paysagesrossignol.com\/en\/wp-json\/wp\/v2\/media\/29537"}],"wp:attachment":[{"href":"https:\/\/www.paysagesrossignol.com\/en\/wp-json\/wp\/v2\/media?parent=29716"}],"wp:term":[{"taxonomy":"product_cat","embeddable":true,"href":"https:\/\/www.paysagesrossignol.com\/en\/wp-json\/wp\/v2\/product_cat?post=29716"},{"taxonomy":"product_tag","embeddable":true,"href":"https:\/\/www.paysagesrossignol.com\/en\/wp-json\/wp\/v2\/product_tag?post=29716"}],"curies":[{"name":"wp","href":"https:\/\/api.w.org\/{rel}","templated":true}]}}