{"id":29720,"date":"2026-03-27T14:37:44","date_gmt":"2026-03-27T18:37:44","guid":{"rendered":"https:\/\/www.paysagesrossignol.com\/?post_type=product&#038;p=29720"},"modified":"2026-03-27T14:37:44","modified_gmt":"2026-03-27T18:37:44","slug":"pommetier-maypole","status":"publish","type":"product","link":"https:\/\/www.paysagesrossignol.com\/en\/produit\/pommetier-maypole\/","title":{"rendered":"Pommetier Maypole"},"content":{"rendered":"<h1><strong>Voir disponibilit\u00e9 en magasin<\/strong><\/h1>\n<h3><strong>Nom latin : Malus Maypole<\/strong><\/h3>\n<p data-start=\"139\" data-end=\"439\">Pommetier ornemental \u00e0 <strong data-start=\"162\" data-end=\"191\">port \u00e9troit et colonnaire<\/strong>, id\u00e9al pour les <strong data-start=\"208\" data-end=\"242\">rues, all\u00e9es et petits jardins<\/strong>. \u2018Maypole\u2019 offre une <strong data-start=\"264\" data-end=\"308\">floraison blanche abondante au printemps<\/strong> et des <strong data-start=\"316\" data-end=\"362\">petits fruits d\u00e9coratifs rouges en automne<\/strong>, tout en \u00e9tant tr\u00e8s tol\u00e9rant aux <strong data-start=\"396\" data-end=\"438\">conditions urbaines et aux sols vari\u00e9s<\/strong>.<\/p>\n<h3 data-section-id=\"fo4qqk\" data-start=\"446\" data-end=\"469\">Caract\u00e9ristiques<\/h3>\n<ul data-start=\"471\" data-end=\"716\">\n<li data-section-id=\"stfczf\" data-start=\"471\" data-end=\"496\"><strong data-start=\"473\" data-end=\"486\">Hauteur :<\/strong> 6 \u00e0 8 m<\/li>\n<li data-section-id=\"1d650sk\" data-start=\"497\" data-end=\"522\"><strong data-start=\"499\" data-end=\"512\">Largeur :<\/strong> 2 \u00e0 3 m<\/li>\n<li data-section-id=\"1fqa3rr\" data-start=\"523\" data-end=\"551\"><strong data-start=\"525\" data-end=\"541\">Croissance :<\/strong> Moyenne<\/li>\n<li data-section-id=\"1rtnc6\" data-start=\"553\" data-end=\"580\"><strong data-start=\"555\" data-end=\"571\">Exposition :<\/strong> Soleil<\/li>\n<li data-section-id=\"49kw2n\" data-start=\"581\" data-end=\"631\"><strong data-start=\"583\" data-end=\"592\">Sol :<\/strong> Adaptable, pr\u00e9f\u00e8re sols bien drain\u00e9s<\/li>\n<li data-section-id=\"13iiokc\" data-start=\"632\" data-end=\"650\"><strong data-start=\"634\" data-end=\"644\">Zone :<\/strong> 4\u20137<\/li>\n<li data-section-id=\"irk0qz\" data-start=\"652\" data-end=\"682\"><strong data-start=\"654\" data-end=\"669\">Feuillage :<\/strong> Vert moyen<\/li>\n<li data-section-id=\"qhopv8\" data-start=\"683\" data-end=\"716\"><strong data-start=\"685\" data-end=\"708\">Couleur automnale :<\/strong> Jaune<\/li>\n<\/ul>\n","protected":false},"excerpt":{"rendered":"<p>Voir disponibilit\u00e9 en magasin Nom latin : Malus Maypole Pommetier ornemental \u00e0 port \u00e9troit et colonnaire, id\u00e9al pour les rues, all\u00e9es et petits jardins. \u2018Maypole\u2019 offre une floraison blanche abondante au printemps et des petits fruits d\u00e9coratifs rouges en automne, tout en \u00e9tant tr\u00e8s tol\u00e9rant aux conditions urbaines et aux sols vari\u00e9s. Caract\u00e9ristiques Hauteur : [&hellip;]<\/p>\n","protected":false},"featured_media":29537,"template":"","meta":[],"product_cat":[86],"product_tag":[],"acf":[],"_links":{"self":[{"href":"https:\/\/www.paysagesrossignol.com\/en\/wp-json\/wp\/v2\/product\/29720"}],"collection":[{"href":"https:\/\/www.paysagesrossignol.com\/en\/wp-json\/wp\/v2\/product"}],"about":[{"href":"https:\/\/www.paysagesrossignol.com\/en\/wp-json\/wp\/v2\/types\/product"}],"wp:featuredmedia":[{"embeddable":true,"href":"https:\/\/www.paysagesrossignol.com\/en\/wp-json\/wp\/v2\/media\/29537"}],"wp:attachment":[{"href":"https:\/\/www.paysagesrossignol.com\/en\/wp-json\/wp\/v2\/media?parent=29720"}],"wp:term":[{"taxonomy":"product_cat","embeddable":true,"href":"https:\/\/www.paysagesrossignol.com\/en\/wp-json\/wp\/v2\/product_cat?post=29720"},{"taxonomy":"product_tag","embeddable":true,"href":"https:\/\/www.paysagesrossignol.com\/en\/wp-json\/wp\/v2\/product_tag?post=29720"}],"curies":[{"name":"wp","href":"https:\/\/api.w.org\/{rel}","templated":true}]}}