{"id":29733,"date":"2026-03-27T14:57:18","date_gmt":"2026-03-27T18:57:18","guid":{"rendered":"https:\/\/www.paysagesrossignol.com\/?post_type=product&#038;p=29733"},"modified":"2026-03-27T14:57:18","modified_gmt":"2026-03-27T18:57:18","slug":"pommetier-robinson","status":"publish","type":"product","link":"https:\/\/www.paysagesrossignol.com\/en\/produit\/pommetier-robinson\/","title":{"rendered":"Pommetier Robinson"},"content":{"rendered":"<h1><strong>Voir disponibilit\u00e9 en magasin<\/strong><\/h1>\n<h3><strong>Nom latin : Malus Robinson<\/strong><\/h3>\n<p>Pommetier ornemental tr\u00e8s appr\u00e9ci\u00e9 pour sa <strong data-start=\"174\" data-end=\"221\">floraison rose clair \u00e0 blanche au printemps<\/strong>, ses <strong data-start=\"227\" data-end=\"266\">fruits rouges d\u00e9coratifs en automne<\/strong>, et son <strong data-start=\"275\" data-end=\"303\">port arrondi et r\u00e9gulier<\/strong>. Tol\u00e9rant aux <strong data-start=\"318\" data-end=\"360\">conditions urbaines et aux sols vari\u00e9s<\/strong>, il est id\u00e9al pour les <strong data-start=\"384\" data-end=\"436\">jardins, rues, parcs et plantations ornementales<\/strong>.<\/p>\n<h3 data-section-id=\"fo4qqk\" data-start=\"446\" data-end=\"469\">Caract\u00e9ristiques<\/h3>\n<ul data-start=\"471\" data-end=\"711\">\n<li data-section-id=\"xq448n\" data-start=\"471\" data-end=\"496\"><strong data-start=\"473\" data-end=\"486\">Hauteur :<\/strong> 4 \u00e0 6 m<\/li>\n<li data-section-id=\"zm9ohv\" data-start=\"497\" data-end=\"522\"><strong data-start=\"499\" data-end=\"512\">Largeur :<\/strong> 3 \u00e0 5 m<\/li>\n<li data-section-id=\"1fqa3rr\" data-start=\"523\" data-end=\"551\"><strong data-start=\"525\" data-end=\"541\">Croissance :<\/strong> Moyenne<\/li>\n<li data-section-id=\"1rtnc6\" data-start=\"553\" data-end=\"580\"><strong data-start=\"555\" data-end=\"571\">Exposition :<\/strong> Soleil<\/li>\n<li data-section-id=\"q81925\" data-start=\"581\" data-end=\"617\"><strong data-start=\"583\" data-end=\"592\">Sol :<\/strong> Bien drain\u00e9, adaptable<\/li>\n<li data-section-id=\"13iiokc\" data-start=\"618\" data-end=\"636\"><strong data-start=\"620\" data-end=\"630\">Zone :<\/strong> 4\u20137<\/li>\n<li data-section-id=\"irk0qz\" data-start=\"638\" data-end=\"668\"><strong data-start=\"640\" data-end=\"655\">Feuillage :<\/strong> Vert moyen<\/li>\n<li data-section-id=\"1jfjilk\" data-start=\"669\" data-end=\"711\"><strong data-start=\"671\" data-end=\"694\">Couleur automnale :<\/strong> Jaune \u00e0 orang\u00e9<\/li>\n<\/ul>\n","protected":false},"excerpt":{"rendered":"<p>Voir disponibilit\u00e9 en magasin Nom latin : Malus Robinson Pommetier ornemental tr\u00e8s appr\u00e9ci\u00e9 pour sa floraison rose clair \u00e0 blanche au printemps, ses fruits rouges d\u00e9coratifs en automne, et son port arrondi et r\u00e9gulier. Tol\u00e9rant aux conditions urbaines et aux sols vari\u00e9s, il est id\u00e9al pour les jardins, rues, parcs et plantations ornementales. Caract\u00e9ristiques Hauteur [&hellip;]<\/p>\n","protected":false},"featured_media":29537,"template":"","meta":[],"product_cat":[86],"product_tag":[],"acf":[],"_links":{"self":[{"href":"https:\/\/www.paysagesrossignol.com\/en\/wp-json\/wp\/v2\/product\/29733"}],"collection":[{"href":"https:\/\/www.paysagesrossignol.com\/en\/wp-json\/wp\/v2\/product"}],"about":[{"href":"https:\/\/www.paysagesrossignol.com\/en\/wp-json\/wp\/v2\/types\/product"}],"wp:featuredmedia":[{"embeddable":true,"href":"https:\/\/www.paysagesrossignol.com\/en\/wp-json\/wp\/v2\/media\/29537"}],"wp:attachment":[{"href":"https:\/\/www.paysagesrossignol.com\/en\/wp-json\/wp\/v2\/media?parent=29733"}],"wp:term":[{"taxonomy":"product_cat","embeddable":true,"href":"https:\/\/www.paysagesrossignol.com\/en\/wp-json\/wp\/v2\/product_cat?post=29733"},{"taxonomy":"product_tag","embeddable":true,"href":"https:\/\/www.paysagesrossignol.com\/en\/wp-json\/wp\/v2\/product_tag?post=29733"}],"curies":[{"name":"wp","href":"https:\/\/api.w.org\/{rel}","templated":true}]}}