{"id":29736,"date":"2026-03-27T15:08:22","date_gmt":"2026-03-27T19:08:22","guid":{"rendered":"https:\/\/www.paysagesrossignol.com\/?post_type=product&#038;p=29736"},"modified":"2026-03-27T15:08:22","modified_gmt":"2026-03-27T19:08:22","slug":"pommetier-thunderchild","status":"publish","type":"product","link":"https:\/\/www.paysagesrossignol.com\/en\/produit\/pommetier-thunderchild\/","title":{"rendered":"Pommetier Thunderchild"},"content":{"rendered":"<h1><strong>Voir disponibilit\u00e9 en magasin<\/strong><\/h1>\n<h3><strong>Nom latin : Malus Thunderchild<\/strong><\/h3>\n<p>Pommetier ornemental tr\u00e8s appr\u00e9ci\u00e9 pour sa <strong data-start=\"184\" data-end=\"219\">floraison rose vif au printemps<\/strong>, son <strong data-start=\"225\" data-end=\"252\">port compact et arrondi<\/strong>, et ses <strong data-start=\"261\" data-end=\"300\">fruits rouges d\u00e9coratifs en automne<\/strong>. Il est id\u00e9al pour les <strong data-start=\"324\" data-end=\"366\">jardins, parcs et plantations urbaines<\/strong>, et tol\u00e8re tr\u00e8s bien les <strong data-start=\"392\" data-end=\"434\">conditions urbaines et les sols vari\u00e9s<\/strong>.<\/p>\n<h3 data-section-id=\"fo4qqk\" data-start=\"442\" data-end=\"465\">Caract\u00e9ristiques<\/h3>\n<ul data-start=\"467\" data-end=\"707\">\n<li data-section-id=\"xq448n\" data-start=\"467\" data-end=\"492\"><strong data-start=\"469\" data-end=\"482\">Hauteur :<\/strong> 4 \u00e0 6 m<\/li>\n<li data-section-id=\"zm9ohv\" data-start=\"493\" data-end=\"518\"><strong data-start=\"495\" data-end=\"508\">Largeur :<\/strong> 3 \u00e0 5 m<\/li>\n<li data-section-id=\"1fqa3rr\" data-start=\"519\" data-end=\"547\"><strong data-start=\"521\" data-end=\"537\">Croissance :<\/strong> Moyenne<\/li>\n<li data-section-id=\"1rtnc6\" data-start=\"549\" data-end=\"576\"><strong data-start=\"551\" data-end=\"567\">Exposition :<\/strong> Soleil<\/li>\n<li data-section-id=\"1fwpenx\" data-start=\"577\" data-end=\"613\"><strong data-start=\"579\" data-end=\"588\">Sol :<\/strong> Adaptable, bien drain\u00e9<\/li>\n<li data-section-id=\"13iiokc\" data-start=\"614\" data-end=\"632\"><strong data-start=\"616\" data-end=\"626\">Zone :<\/strong> 4\u20137<\/li>\n<li data-section-id=\"irk0qz\" data-start=\"634\" data-end=\"664\"><strong data-start=\"636\" data-end=\"651\">Feuillage :<\/strong> Vert moyen<\/li>\n<li data-section-id=\"1jfjilk\" data-start=\"665\" data-end=\"707\"><strong data-start=\"667\" data-end=\"690\">Couleur automnale :<\/strong> Jaune \u00e0 orang\u00e9<\/li>\n<\/ul>\n","protected":false},"excerpt":{"rendered":"<p>Voir disponibilit\u00e9 en magasin Nom latin : Malus Thunderchild Pommetier ornemental tr\u00e8s appr\u00e9ci\u00e9 pour sa floraison rose vif au printemps, son port compact et arrondi, et ses fruits rouges d\u00e9coratifs en automne. Il est id\u00e9al pour les jardins, parcs et plantations urbaines, et tol\u00e8re tr\u00e8s bien les conditions urbaines et les sols vari\u00e9s. Caract\u00e9ristiques Hauteur [&hellip;]<\/p>\n","protected":false},"featured_media":29537,"template":"","meta":[],"product_cat":[86],"product_tag":[],"acf":[],"_links":{"self":[{"href":"https:\/\/www.paysagesrossignol.com\/en\/wp-json\/wp\/v2\/product\/29736"}],"collection":[{"href":"https:\/\/www.paysagesrossignol.com\/en\/wp-json\/wp\/v2\/product"}],"about":[{"href":"https:\/\/www.paysagesrossignol.com\/en\/wp-json\/wp\/v2\/types\/product"}],"wp:featuredmedia":[{"embeddable":true,"href":"https:\/\/www.paysagesrossignol.com\/en\/wp-json\/wp\/v2\/media\/29537"}],"wp:attachment":[{"href":"https:\/\/www.paysagesrossignol.com\/en\/wp-json\/wp\/v2\/media?parent=29736"}],"wp:term":[{"taxonomy":"product_cat","embeddable":true,"href":"https:\/\/www.paysagesrossignol.com\/en\/wp-json\/wp\/v2\/product_cat?post=29736"},{"taxonomy":"product_tag","embeddable":true,"href":"https:\/\/www.paysagesrossignol.com\/en\/wp-json\/wp\/v2\/product_tag?post=29736"}],"curies":[{"name":"wp","href":"https:\/\/api.w.org\/{rel}","templated":true}]}}