{"id":29738,"date":"2026-03-27T15:11:52","date_gmt":"2026-03-27T19:11:52","guid":{"rendered":"https:\/\/www.paysagesrossignol.com\/?post_type=product&#038;p=29738"},"modified":"2026-03-30T08:41:12","modified_gmt":"2026-03-30T12:41:12","slug":"murier-pleureur","status":"publish","type":"product","link":"https:\/\/www.paysagesrossignol.com\/en\/produit\/murier-pleureur\/","title":{"rendered":"Murier Pleureur"},"content":{"rendered":"<h1><strong>Voir disponibilit\u00e9 en magasin<\/strong><\/h1>\n<h3><strong>Nom latin : Morus Alba Pendula<\/strong><\/h3>\n<p>Petit arbre ornemental \u00e0 <strong data-start=\"189\" data-end=\"215\">port pleureur gracieux<\/strong>, le m\u00fbrier blanc pleureur est appr\u00e9ci\u00e9 pour son <strong data-start=\"264\" data-end=\"288\">feuillage vert clair<\/strong>, sa <strong data-start=\"293\" data-end=\"322\">texture \u00e9l\u00e9gante et a\u00e9r\u00e9e<\/strong>, et ses <strong data-start=\"331\" data-end=\"370\">fruits comestibles (m\u00fbres blanches)<\/strong>. Il est tol\u00e9rant \u00e0 diverses conditions et convient aux <strong data-start=\"426\" data-end=\"486\">jardins, bords de cours d\u2019eau et am\u00e9nagements d\u00e9coratifs<\/strong>.<\/p>\n<h3 data-section-id=\"fo4qqk\" data-start=\"494\" data-end=\"517\">Caract\u00e9ristiques<\/h3>\n<ul data-start=\"519\" data-end=\"793\">\n<li data-section-id=\"xq448n\" data-start=\"519\" data-end=\"544\"><strong data-start=\"521\" data-end=\"534\">Hauteur :<\/strong> 4 \u00e0 6 m<\/li>\n<li data-section-id=\"zm9ohv\" data-start=\"545\" data-end=\"570\"><strong data-start=\"547\" data-end=\"560\">Largeur :<\/strong> 3 \u00e0 5 m<\/li>\n<li data-section-id=\"11qi670\" data-start=\"571\" data-end=\"608\"><strong data-start=\"573\" data-end=\"589\">Croissance :<\/strong> Moyenne \u00e0 rapide<\/li>\n<li data-section-id=\"17dp8qg\" data-start=\"610\" data-end=\"648\"><strong data-start=\"612\" data-end=\"628\">Exposition :<\/strong> Soleil \u00e0 mi-ombre<\/li>\n<li data-section-id=\"1y1jzaz\" data-start=\"649\" data-end=\"703\"><strong data-start=\"651\" data-end=\"660\">Sol :<\/strong> Bien drain\u00e9, tol\u00e8re sols urbains et secs<\/li>\n<li data-section-id=\"13iiokc\" data-start=\"704\" data-end=\"722\"><strong data-start=\"706\" data-end=\"716\">Zone :<\/strong> 4\u20137<\/li>\n<li data-section-id=\"18e71im\" data-start=\"724\" data-end=\"754\"><strong data-start=\"726\" data-end=\"741\">Feuillage :<\/strong> Vert clair<\/li>\n<li data-section-id=\"1ars7nz\" data-start=\"755\" data-end=\"793\"><strong data-start=\"757\" data-end=\"780\">Couleur automnale :<\/strong> Jaune p\u00e2le<\/li>\n<\/ul>\n","protected":false},"excerpt":{"rendered":"<p>Voir disponibilit\u00e9 en magasin Nom latin : Morus Alba Pendula Petit arbre ornemental \u00e0 port pleureur gracieux, le m\u00fbrier blanc pleureur est appr\u00e9ci\u00e9 pour son feuillage vert clair, sa texture \u00e9l\u00e9gante et a\u00e9r\u00e9e, et ses fruits comestibles (m\u00fbres blanches). Il est tol\u00e9rant \u00e0 diverses conditions et convient aux jardins, bords de cours d\u2019eau et am\u00e9nagements [&hellip;]<\/p>\n","protected":false},"featured_media":29537,"template":"","meta":[],"product_cat":[86],"product_tag":[],"acf":[],"_links":{"self":[{"href":"https:\/\/www.paysagesrossignol.com\/en\/wp-json\/wp\/v2\/product\/29738"}],"collection":[{"href":"https:\/\/www.paysagesrossignol.com\/en\/wp-json\/wp\/v2\/product"}],"about":[{"href":"https:\/\/www.paysagesrossignol.com\/en\/wp-json\/wp\/v2\/types\/product"}],"wp:featuredmedia":[{"embeddable":true,"href":"https:\/\/www.paysagesrossignol.com\/en\/wp-json\/wp\/v2\/media\/29537"}],"wp:attachment":[{"href":"https:\/\/www.paysagesrossignol.com\/en\/wp-json\/wp\/v2\/media?parent=29738"}],"wp:term":[{"taxonomy":"product_cat","embeddable":true,"href":"https:\/\/www.paysagesrossignol.com\/en\/wp-json\/wp\/v2\/product_cat?post=29738"},{"taxonomy":"product_tag","embeddable":true,"href":"https:\/\/www.paysagesrossignol.com\/en\/wp-json\/wp\/v2\/product_tag?post=29738"}],"curies":[{"name":"wp","href":"https:\/\/api.w.org\/{rel}","templated":true}]}}