{"id":29875,"date":"2026-04-17T11:25:37","date_gmt":"2026-04-17T15:25:37","guid":{"rendered":"https:\/\/www.paysagesrossignol.com\/?post_type=product&#038;p=29875"},"modified":"2026-04-17T11:25:37","modified_gmt":"2026-04-17T15:25:37","slug":"terreau-reparateur-pour-pelouse","status":"publish","type":"product","link":"https:\/\/www.paysagesrossignol.com\/en\/produit\/terreau-reparateur-pour-pelouse\/","title":{"rendered":"Terreau R\u00e9parateur pour Pelouse"},"content":{"rendered":"<p>Id\u00e9al pour r\u00e9paration de plaques.<\/p>\n<ul>\n<li>Retient l&#8217;humidit\u00e9 pour aider la germination.<\/li>\n<li>Enrichi d&#8217;engrais pour favoriser un \u00e9tablissement plus rapide des semis<\/li>\n<\/ul>\n<p>Formulation :<\/p>\n<p class=\"title title20\">0,12-0,02-0,01<\/p>\n","protected":false},"excerpt":{"rendered":"<p>Id\u00e9al pour r\u00e9paration de plaques. Retient l&#8217;humidit\u00e9 pour aider la germination. Enrichi d&#8217;engrais pour favoriser un \u00e9tablissement plus rapide des semis Formulation : 0,12-0,02-0,01<\/p>\n","protected":false},"featured_media":29876,"template":"","meta":[],"product_cat":[126],"product_tag":[],"acf":[],"_links":{"self":[{"href":"https:\/\/www.paysagesrossignol.com\/en\/wp-json\/wp\/v2\/product\/29875"}],"collection":[{"href":"https:\/\/www.paysagesrossignol.com\/en\/wp-json\/wp\/v2\/product"}],"about":[{"href":"https:\/\/www.paysagesrossignol.com\/en\/wp-json\/wp\/v2\/types\/product"}],"wp:featuredmedia":[{"embeddable":true,"href":"https:\/\/www.paysagesrossignol.com\/en\/wp-json\/wp\/v2\/media\/29876"}],"wp:attachment":[{"href":"https:\/\/www.paysagesrossignol.com\/en\/wp-json\/wp\/v2\/media?parent=29875"}],"wp:term":[{"taxonomy":"product_cat","embeddable":true,"href":"https:\/\/www.paysagesrossignol.com\/en\/wp-json\/wp\/v2\/product_cat?post=29875"},{"taxonomy":"product_tag","embeddable":true,"href":"https:\/\/www.paysagesrossignol.com\/en\/wp-json\/wp\/v2\/product_tag?post=29875"}],"curies":[{"name":"wp","href":"https:\/\/api.w.org\/{rel}","templated":true}]}}