{"id":3051,"date":"2026-03-11T04:00:47","date_gmt":"2026-03-11T08:00:47","guid":{"rendered":"https:\/\/www.paysagesrossignol.com\/product\/amelanchier-canadensis-en-talle\/"},"modified":"2026-05-04T11:02:56","modified_gmt":"2026-05-04T15:02:56","slug":"amelanchier-canadensis-en-talle","status":"publish","type":"product","link":"https:\/\/www.paysagesrossignol.com\/en\/product\/amelanchier-canadensis-en-talle\/","title":{"rendered":"Amelanchier du Canada"},"content":{"rendered":"<h1><strong>Voir disponibilit\u00e9 en magasin<\/strong><\/h1>\n<h3><strong>Nom latin : Amelanchier canadensis<\/strong><\/h3>\n<p data-start=\"126\" data-end=\"425\">Petit arbre indig\u00e8ne tr\u00e8s appr\u00e9ci\u00e9 pour sa <strong data-start=\"169\" data-end=\"198\">floraison blanche pr\u00e9coce<\/strong>, ses <strong data-start=\"204\" data-end=\"233\">petits fruits comestibles<\/strong> et sa <strong data-start=\"240\" data-end=\"277\">coloration automnale rouge orang\u00e9<\/strong>. Tr\u00e8s rustique et bien adapt\u00e9 aux conditions du Qu\u00e9bec, il est id\u00e9al pour les <strong data-start=\"356\" data-end=\"424\">jardins naturels, les am\u00e9nagements urbains et les petits espaces<\/strong>.<\/p>\n<h3 data-section-id=\"fo4qqk\" data-start=\"432\" data-end=\"455\">Caract\u00e9ristiques<\/h3>\n<ul data-start=\"457\" data-end=\"748\">\n<li data-section-id=\"yarjaa\" data-start=\"457\" data-end=\"483\"><strong data-start=\"459\" data-end=\"472\">Hauteur :<\/strong> 6 \u00e0 10 m<\/li>\n<li data-section-id=\"18dol6u\" data-start=\"484\" data-end=\"509\"><strong data-start=\"486\" data-end=\"499\">Largeur :<\/strong> 4 \u00e0 7 m<\/li>\n<li data-section-id=\"1fqa3rr\" data-start=\"510\" data-end=\"538\"><strong data-start=\"512\" data-end=\"528\">Croissance :<\/strong> Moyenne<\/li>\n<li data-section-id=\"17dp8qg\" data-start=\"540\" data-end=\"578\"><strong data-start=\"542\" data-end=\"558\">Exposition :<\/strong> Soleil \u00e0 mi-ombre<\/li>\n<li data-section-id=\"1b69ac6\" data-start=\"579\" data-end=\"635\"><strong data-start=\"581\" data-end=\"590\">Sol :<\/strong> Pr\u00e9f\u00e8re frais \u00e0 humide, tol\u00e8re sols vari\u00e9s<\/li>\n<li data-section-id=\"13mny6x\" data-start=\"636\" data-end=\"654\"><strong data-start=\"638\" data-end=\"648\">Zone :<\/strong> 2\u20134<\/li>\n<li data-section-id=\"1lqp2q3\" data-start=\"656\" data-end=\"705\"><strong data-start=\"658\" data-end=\"673\">Feuillage :<\/strong> Vert moyen, l\u00e9g\u00e8rement bleut\u00e9<\/li>\n<li data-section-id=\"19q2bnf\" data-start=\"706\" data-end=\"748\"><strong data-start=\"708\" data-end=\"731\">Couleur automnale :<\/strong> Rouge \u00e0 orange<\/li>\n<\/ul>\n","protected":false},"excerpt":{"rendered":"<p>Voir disponibilit\u00e9 en magasin Nom latin : Amelanchier canadensis Petit arbre indig\u00e8ne tr\u00e8s appr\u00e9ci\u00e9 pour sa floraison blanche pr\u00e9coce, ses petits fruits comestibles et sa coloration automnale rouge orang\u00e9. Tr\u00e8s rustique et bien adapt\u00e9 aux conditions du Qu\u00e9bec, il est id\u00e9al pour les jardins naturels, les am\u00e9nagements urbains et les petits espaces. Caract\u00e9ristiques Hauteur : [&hellip;]<\/p>\n","protected":false},"featured_media":2634,"comment_status":"closed","ping_status":"open","template":"","meta":{"_acf_changed":false,"_seopress_robots_primary_cat":"","_seopress_titles_title":"","_seopress_titles_desc":"","_seopress_robots_index":"","_seopress_analysis_target_kw":""},"product_brand":[],"product_cat":[44,43],"product_tag":[53],"class_list":{"0":"post-3051","1":"product","2":"type-product","3":"status-publish","4":"has-post-thumbnail","6":"product_cat-arbres","7":"product_cat-vegetaux","8":"product_tag-vegetaux-sur-mesure","9":"pa_format-30-mm","11":"first","12":"instock","13":"taxable","14":"shipping-taxable","15":"purchasable","16":"product-type-variable"},"acf":[],"_links":{"self":[{"href":"https:\/\/www.paysagesrossignol.com\/en\/wp-json\/wp\/v2\/product\/3051","targetHints":{"allow":["GET"]}}],"collection":[{"href":"https:\/\/www.paysagesrossignol.com\/en\/wp-json\/wp\/v2\/product"}],"about":[{"href":"https:\/\/www.paysagesrossignol.com\/en\/wp-json\/wp\/v2\/types\/product"}],"replies":[{"embeddable":true,"href":"https:\/\/www.paysagesrossignol.com\/en\/wp-json\/wp\/v2\/comments?post=3051"}],"wp:featuredmedia":[{"embeddable":true,"href":"https:\/\/www.paysagesrossignol.com\/en\/wp-json\/wp\/v2\/media\/2634"}],"wp:attachment":[{"href":"https:\/\/www.paysagesrossignol.com\/en\/wp-json\/wp\/v2\/media?parent=3051"}],"wp:term":[{"taxonomy":"product_brand","embeddable":true,"href":"https:\/\/www.paysagesrossignol.com\/en\/wp-json\/wp\/v2\/product_brand?post=3051"},{"taxonomy":"product_cat","embeddable":true,"href":"https:\/\/www.paysagesrossignol.com\/en\/wp-json\/wp\/v2\/product_cat?post=3051"},{"taxonomy":"product_tag","embeddable":true,"href":"https:\/\/www.paysagesrossignol.com\/en\/wp-json\/wp\/v2\/product_tag?post=3051"}],"curies":[{"name":"wp","href":"https:\/\/api.w.org\/{rel}","templated":true}]}}