{"id":3812,"date":"2026-03-11T04:00:20","date_gmt":"2026-03-11T08:00:20","guid":{"rendered":"https:\/\/www.paysagesrossignol.com\/product\/erable-autumn-blaze\/"},"modified":"2026-05-04T11:16:17","modified_gmt":"2026-05-04T15:16:17","slug":"erable-autumn-blaze","status":"publish","type":"product","link":"https:\/\/www.paysagesrossignol.com\/en\/product\/erable-autumn-blaze\/","title":{"rendered":"\u00c9rable Autumn Blaze"},"content":{"rendered":"<h1><strong>Voir disponibilit\u00e9 en magasin<\/strong><\/h1>\n<h3>Nom latin : Acer Freemanii Autumn Blaze<\/h3>\n<p>Arbre \u00e0 croissance rapide tr\u00e8s populaire pour les am\u00e9nagements urbains, &#8216;Autumn Blaze&#8217; combine la vigueur de l&#8217;\u00e9rable argent\u00e9 et la coloration spectaculaire de l&#8217;\u00e9rable rouge. Il est appr\u00e9ci\u00e9 pour sa structure solide, sa bonne tol\u00e9rance aux conditions difficiles et son rouge automnal \u00e9clatant.<\/p>\n<p>Caract\u00e9ristiques<\/p>\n<ul>\n<li>Hauteur : 15 \u00e0 18 m<\/li>\n<li>Largeur : 10 \u00e0 12 m<\/li>\n<li>Croissance : rapide<\/li>\n<li>Exposition : soleil \u00e0 mi-ombre<\/li>\n<li>Sol : adaptable, tol\u00e8re argile et sols vari\u00e9s<\/li>\n<li>Zone : 3<\/li>\n<li>Feuillage : vert moyen, feuilles profond\u00e9ment d\u00e9coup\u00e9es<\/li>\n<li>Couleur automnale : rouge vif \u00e0 rouge orang\u00e9<\/li>\n<\/ul>\n<p>&nbsp;<\/p>\n","protected":false},"excerpt":{"rendered":"<p>Voir disponibilit\u00e9 en magasin Nom latin : Acer Freemanii Autumn Blaze Arbre \u00e0 croissance rapide tr\u00e8s populaire pour les am\u00e9nagements urbains, &#8216;Autumn Blaze&#8217; combine la vigueur de l&#8217;\u00e9rable argent\u00e9 et la coloration spectaculaire de l&#8217;\u00e9rable rouge. Il est appr\u00e9ci\u00e9 pour sa structure solide, sa bonne tol\u00e9rance aux conditions difficiles et son rouge automnal \u00e9clatant. Caract\u00e9ristiques [&hellip;]<\/p>\n","protected":false},"featured_media":3813,"comment_status":"closed","ping_status":"open","template":"","meta":{"_acf_changed":false,"_seopress_robots_primary_cat":"","_seopress_titles_title":"","_seopress_titles_desc":"","_seopress_robots_index":"","_seopress_analysis_target_kw":""},"product_brand":[],"product_cat":[44,43],"product_tag":[],"class_list":{"0":"post-3812","1":"product","2":"type-product","3":"status-publish","4":"has-post-thumbnail","6":"product_cat-arbres","7":"product_cat-vegetaux","8":"pa_format-150-cm","9":"pa_format-175-cm","10":"pa_format-200-cm","11":"pa_format-225-cm","12":"pa_format-25-mm","13":"pa_format-250-cm","14":"pa_format-30-mm","15":"pa_format-35-mm","16":"pa_format-40-mm","17":"pa_format-45-mm","18":"pa_format-50-mm","19":"pa_format-55-mm","20":"pa_format-60-mm","21":"pa_format-65-mm","22":"pa_format-70-mm","23":"pa_format-75-mm","24":"pa_format-80-mm","26":"first","27":"instock","28":"taxable","29":"shipping-taxable","30":"purchasable","31":"product-type-variable"},"acf":[],"_links":{"self":[{"href":"https:\/\/www.paysagesrossignol.com\/en\/wp-json\/wp\/v2\/product\/3812","targetHints":{"allow":["GET"]}}],"collection":[{"href":"https:\/\/www.paysagesrossignol.com\/en\/wp-json\/wp\/v2\/product"}],"about":[{"href":"https:\/\/www.paysagesrossignol.com\/en\/wp-json\/wp\/v2\/types\/product"}],"replies":[{"embeddable":true,"href":"https:\/\/www.paysagesrossignol.com\/en\/wp-json\/wp\/v2\/comments?post=3812"}],"wp:featuredmedia":[{"embeddable":true,"href":"https:\/\/www.paysagesrossignol.com\/en\/wp-json\/wp\/v2\/media\/3813"}],"wp:attachment":[{"href":"https:\/\/www.paysagesrossignol.com\/en\/wp-json\/wp\/v2\/media?parent=3812"}],"wp:term":[{"taxonomy":"product_brand","embeddable":true,"href":"https:\/\/www.paysagesrossignol.com\/en\/wp-json\/wp\/v2\/product_brand?post=3812"},{"taxonomy":"product_cat","embeddable":true,"href":"https:\/\/www.paysagesrossignol.com\/en\/wp-json\/wp\/v2\/product_cat?post=3812"},{"taxonomy":"product_tag","embeddable":true,"href":"https:\/\/www.paysagesrossignol.com\/en\/wp-json\/wp\/v2\/product_tag?post=3812"}],"curies":[{"name":"wp","href":"https:\/\/api.w.org\/{rel}","templated":true}]}}