{"id":3824,"date":"2026-03-11T04:00:20","date_gmt":"2026-03-11T08:00:20","guid":{"rendered":"https:\/\/www.paysagesrossignol.com\/product\/erable-celebration\/"},"modified":"2026-05-04T11:16:38","modified_gmt":"2026-05-04T15:16:38","slug":"erable-celebration","status":"publish","type":"product","link":"https:\/\/www.paysagesrossignol.com\/en\/product\/erable-celebration\/","title":{"rendered":"\u00c9rable C\u00e9l\u00e9bration"},"content":{"rendered":"<h1>Voir disponibilit\u00e9 en magasin<\/h1>\n<h3>Nom latin : Acer Freemanii Celebration<\/h3>\n<p>Arbre \u00e0 croissance rapide appr\u00e9ci\u00e9 pour sa structure solide et sa bonne tol\u00e9rance aux conditions urbaines. &#8216;Celebration&#8217; est un choix fiable pour les plantations d&#8217;alignement gr\u00e2ce \u00e0 son port r\u00e9gulier et sa r\u00e9sistance au vent et au verglas, avec une coloration automnale dans les tons de jaunes \u00e0 orang\u00e9s.<\/p>\n<p>Caract\u00e9ristiques<\/p>\n<ul>\n<li>Hauteur : 15 \u00e0 18 m<\/li>\n<li>Largeur : 10 \u00e0 12 m<\/li>\n<li>Croissance : Rapide<\/li>\n<li>Exposition : Soleil<\/li>\n<li>Sol : Adaptable, tol\u00e8re argile et sols vari\u00e9s<\/li>\n<li>Zone : 4<\/li>\n<li>Feuillage : Vert, feuilles d\u00e9coup\u00e9es type \u00e9rable argent\u00e9<\/li>\n<li>Couleur automnale : Jaune \u00e0 orang\u00e9<\/li>\n<\/ul>\n","protected":false},"excerpt":{"rendered":"<p>Voir disponibilit\u00e9 en magasin Nom latin : Acer Freemanii Celebration Arbre \u00e0 croissance rapide appr\u00e9ci\u00e9 pour sa structure solide et sa bonne tol\u00e9rance aux conditions urbaines. &#8216;Celebration&#8217; est un choix fiable pour les plantations d&#8217;alignement gr\u00e2ce \u00e0 son port r\u00e9gulier et sa r\u00e9sistance au vent et au verglas, avec une coloration automnale dans les tons [&hellip;]<\/p>\n","protected":false},"featured_media":3825,"comment_status":"closed","ping_status":"open","template":"","meta":{"_acf_changed":false,"_seopress_robots_primary_cat":"","_seopress_titles_title":"","_seopress_titles_desc":"","_seopress_robots_index":"","_seopress_analysis_target_kw":""},"product_brand":[],"product_cat":[44,43],"product_tag":[],"class_list":{"0":"post-3824","1":"product","2":"type-product","3":"status-publish","4":"has-post-thumbnail","6":"product_cat-arbres","7":"product_cat-vegetaux","8":"pa_format-150-cm","9":"pa_format-175-cm","10":"pa_format-200-cm","11":"pa_format-225-cm","12":"pa_format-25-mm","13":"pa_format-250-cm","14":"pa_format-30-mm","15":"pa_format-35-mm","16":"pa_format-40-mm","17":"pa_format-45-mm","18":"pa_format-50-mm","19":"pa_format-55-mm","20":"pa_format-60-mm","21":"pa_format-65-mm","22":"pa_format-70-mm","23":"pa_format-75-mm","24":"pa_format-80-mm","26":"first","27":"instock","28":"taxable","29":"shipping-taxable","30":"purchasable","31":"product-type-variable"},"acf":[],"_links":{"self":[{"href":"https:\/\/www.paysagesrossignol.com\/en\/wp-json\/wp\/v2\/product\/3824","targetHints":{"allow":["GET"]}}],"collection":[{"href":"https:\/\/www.paysagesrossignol.com\/en\/wp-json\/wp\/v2\/product"}],"about":[{"href":"https:\/\/www.paysagesrossignol.com\/en\/wp-json\/wp\/v2\/types\/product"}],"replies":[{"embeddable":true,"href":"https:\/\/www.paysagesrossignol.com\/en\/wp-json\/wp\/v2\/comments?post=3824"}],"wp:featuredmedia":[{"embeddable":true,"href":"https:\/\/www.paysagesrossignol.com\/en\/wp-json\/wp\/v2\/media\/3825"}],"wp:attachment":[{"href":"https:\/\/www.paysagesrossignol.com\/en\/wp-json\/wp\/v2\/media?parent=3824"}],"wp:term":[{"taxonomy":"product_brand","embeddable":true,"href":"https:\/\/www.paysagesrossignol.com\/en\/wp-json\/wp\/v2\/product_brand?post=3824"},{"taxonomy":"product_cat","embeddable":true,"href":"https:\/\/www.paysagesrossignol.com\/en\/wp-json\/wp\/v2\/product_cat?post=3824"},{"taxonomy":"product_tag","embeddable":true,"href":"https:\/\/www.paysagesrossignol.com\/en\/wp-json\/wp\/v2\/product_tag?post=3824"}],"curies":[{"name":"wp","href":"https:\/\/api.w.org\/{rel}","templated":true}]}}