{"id":3851,"date":"2026-03-11T04:00:30","date_gmt":"2026-03-11T08:00:30","guid":{"rendered":"https:\/\/www.paysagesrossignol.com\/product\/erable-emerald-queen\/"},"modified":"2026-05-04T11:10:06","modified_gmt":"2026-05-04T15:10:06","slug":"erable-emerald-queen","status":"publish","type":"product","link":"https:\/\/www.paysagesrossignol.com\/en\/product\/erable-emerald-queen\/","title":{"rendered":"\u00c9rable de Norv\u00e8ge Emerald Queen"},"content":{"rendered":"<h1>Voir disponibilit\u00e9 en magasin<\/h1>\n<h3>Nom latin : Acer Platanoides Emerald Queen<\/h3>\n<p>Arbre \u00e0 croissance rapide reconnu pour son port ovale r\u00e9gulier et son feuillage dense vert fonc\u00e9. &#8216;Emerald Queen&#8217; est tr\u00e8s appr\u00e9ci\u00e9 pour les plantaitons d&#8217;alignement gr\u00e2ce \u00e0 sa bonne tol\u00e9rance aux conditions urbaines et sa capacit\u00e9 \u00e0 cr\u00e9er une ombre dense et uniforme.<\/p>\n<p data-section-id=\"fo4qqk\" data-start=\"464\" data-end=\"487\">Caract\u00e9ristiques<\/p>\n<ul data-start=\"489\" data-end=\"762\">\n<li data-section-id=\"1289gxk\" data-start=\"489\" data-end=\"516\">Hauteur : 15 \u00e0 18 m<\/li>\n<li data-section-id=\"1uc7xt3\" data-start=\"517\" data-end=\"544\">Largeur : 10 \u00e0 12 m<\/li>\n<li data-section-id=\"11my5pj\" data-start=\"545\" data-end=\"572\">Croissance : Rapide<\/li>\n<li data-section-id=\"17dp8qg\" data-start=\"574\" data-end=\"612\">Exposition : Soleil \u00e0 mi-ombre<\/li>\n<li data-section-id=\"j4kk87\" data-start=\"613\" data-end=\"672\">Sol : Tr\u00e8s adaptable, tol\u00e8re argile, compaction et pollution<\/li>\n<li data-section-id=\"13fqotb\" data-start=\"673\" data-end=\"689\">Zone : 3<\/li>\n<li data-section-id=\"1u21voj\" data-start=\"691\" data-end=\"728\">Feuillage : Vert fonc\u00e9, dense<\/li>\n<li data-section-id=\"qhopv8\" data-start=\"729\" data-end=\"762\">Couleur automnale : Jaune<\/li>\n<\/ul>\n","protected":false},"excerpt":{"rendered":"<p>Voir disponibilit\u00e9 en magasin Nom latin : Acer Platanoides Emerald Queen Arbre \u00e0 croissance rapide reconnu pour son port ovale r\u00e9gulier et son feuillage dense vert fonc\u00e9. &#8216;Emerald Queen&#8217; est tr\u00e8s appr\u00e9ci\u00e9 pour les plantaitons d&#8217;alignement gr\u00e2ce \u00e0 sa bonne tol\u00e9rance aux conditions urbaines et sa capacit\u00e9 \u00e0 cr\u00e9er une ombre dense et uniforme. Caract\u00e9ristiques [&hellip;]<\/p>\n","protected":false},"featured_media":3852,"comment_status":"closed","ping_status":"open","template":"","meta":{"_acf_changed":false,"_seopress_robots_primary_cat":"","_seopress_titles_title":"","_seopress_titles_desc":"","_seopress_robots_index":"","_seopress_analysis_target_kw":""},"product_brand":[],"product_cat":[44,43],"product_tag":[],"class_list":{"0":"post-3851","1":"product","2":"type-product","3":"status-publish","4":"has-post-thumbnail","6":"product_cat-arbres","7":"product_cat-vegetaux","8":"pa_format-150-cm","9":"pa_format-175-cm","10":"pa_format-200-cm","11":"pa_format-225-cm","12":"pa_format-25-mm","13":"pa_format-250-cm","14":"pa_format-30-mm","15":"pa_format-35-mm","16":"pa_format-40-mm","17":"pa_format-45-mm","18":"pa_format-50-mm","19":"pa_format-55-mm","20":"pa_format-60-mm","21":"pa_format-65-mm","22":"pa_format-70-mm","23":"pa_format-75-mm","24":"pa_format-80-mm","25":"pa_format-85-mm","26":"pa_format-90-mm","28":"first","29":"instock","30":"taxable","31":"shipping-taxable","32":"purchasable","33":"product-type-variable"},"acf":[],"_links":{"self":[{"href":"https:\/\/www.paysagesrossignol.com\/en\/wp-json\/wp\/v2\/product\/3851","targetHints":{"allow":["GET"]}}],"collection":[{"href":"https:\/\/www.paysagesrossignol.com\/en\/wp-json\/wp\/v2\/product"}],"about":[{"href":"https:\/\/www.paysagesrossignol.com\/en\/wp-json\/wp\/v2\/types\/product"}],"replies":[{"embeddable":true,"href":"https:\/\/www.paysagesrossignol.com\/en\/wp-json\/wp\/v2\/comments?post=3851"}],"wp:featuredmedia":[{"embeddable":true,"href":"https:\/\/www.paysagesrossignol.com\/en\/wp-json\/wp\/v2\/media\/3852"}],"wp:attachment":[{"href":"https:\/\/www.paysagesrossignol.com\/en\/wp-json\/wp\/v2\/media?parent=3851"}],"wp:term":[{"taxonomy":"product_brand","embeddable":true,"href":"https:\/\/www.paysagesrossignol.com\/en\/wp-json\/wp\/v2\/product_brand?post=3851"},{"taxonomy":"product_cat","embeddable":true,"href":"https:\/\/www.paysagesrossignol.com\/en\/wp-json\/wp\/v2\/product_cat?post=3851"},{"taxonomy":"product_tag","embeddable":true,"href":"https:\/\/www.paysagesrossignol.com\/en\/wp-json\/wp\/v2\/product_tag?post=3851"}],"curies":[{"name":"wp","href":"https:\/\/api.w.org\/{rel}","templated":true}]}}