{"id":3872,"date":"2026-03-11T04:00:34","date_gmt":"2026-03-11T08:00:34","guid":{"rendered":"https:\/\/www.paysagesrossignol.com\/product\/erable-princeton-gold\/"},"modified":"2026-05-04T11:16:42","modified_gmt":"2026-05-04T15:16:42","slug":"erable-princeton-gold","status":"publish","type":"product","link":"https:\/\/www.paysagesrossignol.com\/en\/product\/erable-princeton-gold\/","title":{"rendered":"\u00c9rable de Norv\u00e8ge Princeton Gold"},"content":{"rendered":"<h1>Voir disponibilit\u00e9 en magasin<\/h1>\n<h3>Nom latin : Acer Platanoides Princeton Gold<\/h3>\n<p>Arbre ornemental remarquable pour son feuillage jaune dor\u00e9 lumineux tout au long de la saison. &#8216;Princeton Gold&#8217; offre une couronne large et dense et constitue une excellente alternative aux \u00e9rables pourpres, tout en \u00e9tant tr\u00e8s tol\u00e9rant aux conditions urbaines.<\/p>\n<p data-section-id=\"fo4qqk\" data-start=\"462\" data-end=\"485\">Caract\u00e9ristiques<\/p>\n<ul data-start=\"487\" data-end=\"772\">\n<li data-section-id=\"1ori8cy\" data-start=\"487\" data-end=\"514\">Hauteur : 12 \u00e0 15 m<\/li>\n<li data-section-id=\"1uc7xt3\" data-start=\"515\" data-end=\"542\">Largeur : 10 \u00e0 12 m<\/li>\n<li data-section-id=\"1fqa3rr\" data-start=\"543\" data-end=\"571\">Croissance : Moyenne<\/li>\n<li data-section-id=\"17dp8qg\" data-start=\"573\" data-end=\"611\">Exposition : Soleil \u00e0 mi-ombre<\/li>\n<li data-section-id=\"7ob7ne\" data-start=\"612\" data-end=\"666\">Sol : Tr\u00e8s adaptable, tol\u00e8re argile, compaction et pollution<\/li>\n<li data-section-id=\"13fqkk8\" data-start=\"667\" data-end=\"683\">Zone : 4<\/li>\n<li data-section-id=\"z3jpcs\" data-start=\"685\" data-end=\"725\">Feuillage : Jaune dor\u00e9 lumineux<\/li>\n<li data-section-id=\"wsn429\" data-start=\"726\" data-end=\"772\">Couleur automnale : Jaune<\/li>\n<\/ul>\n<p>&nbsp;<\/p>\n","protected":false},"excerpt":{"rendered":"<p>Voir disponibilit\u00e9 en magasin Nom latin : Acer Platanoides Princeton Gold Arbre ornemental remarquable pour son feuillage jaune dor\u00e9 lumineux tout au long de la saison. &#8216;Princeton Gold&#8217; offre une couronne large et dense et constitue une excellente alternative aux \u00e9rables pourpres, tout en \u00e9tant tr\u00e8s tol\u00e9rant aux conditions urbaines. Caract\u00e9ristiques Hauteur : 12 \u00e0 [&hellip;]<\/p>\n","protected":false},"featured_media":2634,"comment_status":"closed","ping_status":"open","template":"","meta":{"_acf_changed":false,"_seopress_robots_primary_cat":"","_seopress_titles_title":"","_seopress_titles_desc":"","_seopress_robots_index":"","_seopress_analysis_target_kw":""},"product_brand":[],"product_cat":[44,43],"product_tag":[],"class_list":{"0":"post-3872","1":"product","2":"type-product","3":"status-publish","4":"has-post-thumbnail","6":"product_cat-arbres","7":"product_cat-vegetaux","8":"pa_format-150-cm","9":"pa_format-175-cm","10":"pa_format-200-cm","11":"pa_format-225-cm","12":"pa_format-25-mm","13":"pa_format-250-cm","14":"pa_format-30-mm","15":"pa_format-35-mm","16":"pa_format-40-mm","17":"pa_format-45-mm","18":"pa_format-50-mm","19":"pa_format-55-mm","20":"pa_format-60-mm","21":"pa_format-65-mm","22":"pa_format-70-mm","23":"pa_format-75-mm","24":"pa_format-80-mm","26":"first","27":"instock","28":"taxable","29":"shipping-taxable","30":"purchasable","31":"product-type-variable"},"acf":[],"_links":{"self":[{"href":"https:\/\/www.paysagesrossignol.com\/en\/wp-json\/wp\/v2\/product\/3872","targetHints":{"allow":["GET"]}}],"collection":[{"href":"https:\/\/www.paysagesrossignol.com\/en\/wp-json\/wp\/v2\/product"}],"about":[{"href":"https:\/\/www.paysagesrossignol.com\/en\/wp-json\/wp\/v2\/types\/product"}],"replies":[{"embeddable":true,"href":"https:\/\/www.paysagesrossignol.com\/en\/wp-json\/wp\/v2\/comments?post=3872"}],"wp:featuredmedia":[{"embeddable":true,"href":"https:\/\/www.paysagesrossignol.com\/en\/wp-json\/wp\/v2\/media\/2634"}],"wp:attachment":[{"href":"https:\/\/www.paysagesrossignol.com\/en\/wp-json\/wp\/v2\/media?parent=3872"}],"wp:term":[{"taxonomy":"product_brand","embeddable":true,"href":"https:\/\/www.paysagesrossignol.com\/en\/wp-json\/wp\/v2\/product_brand?post=3872"},{"taxonomy":"product_cat","embeddable":true,"href":"https:\/\/www.paysagesrossignol.com\/en\/wp-json\/wp\/v2\/product_cat?post=3872"},{"taxonomy":"product_tag","embeddable":true,"href":"https:\/\/www.paysagesrossignol.com\/en\/wp-json\/wp\/v2\/product_tag?post=3872"}],"curies":[{"name":"wp","href":"https:\/\/api.w.org\/{rel}","templated":true}]}}