{"id":3980,"date":"2026-03-11T04:00:07","date_gmt":"2026-03-11T08:00:07","guid":{"rendered":"https:\/\/www.paysagesrossignol.com\/product\/noyer-noir\/"},"modified":"2026-05-04T11:17:26","modified_gmt":"2026-05-04T15:17:26","slug":"noyer-noir","status":"publish","type":"product","link":"https:\/\/www.paysagesrossignol.com\/en\/product\/noyer-noir\/","title":{"rendered":"Noyer noir"},"content":{"rendered":"<h1>Voir disponibilit\u00e9 en magasin<\/h1>\n<h3>Nom Latin : Juglans Nigra<\/h3>\n<p>Arbre indig\u00e8ne de grande taille, le noyer noir est reconnu pour sa <strong data-start=\"179\" data-end=\"204\">croissance vigoureuse<\/strong>, son <strong data-start=\"210\" data-end=\"235\">bois de grande valeur<\/strong> et ses <strong data-start=\"243\" data-end=\"263\">noix comestibles<\/strong>. Il produit une substance appel\u00e9e <strong data-start=\"298\" data-end=\"309\">juglone<\/strong>, qui peut limiter la croissance de certaines plantes \u00e0 proximit\u00e9. Id\u00e9al pour les <strong data-start=\"391\" data-end=\"443\">grands terrains, parcs et plantations naturelles<\/strong>.<\/p>\n<h3 data-section-id=\"fo4qqk\" data-start=\"451\" data-end=\"474\">Caract\u00e9ristiques<\/h3>\n<ul data-start=\"476\" data-end=\"758\">\n<li data-section-id=\"1uyuz9w\" data-start=\"476\" data-end=\"503\"><strong data-start=\"478\" data-end=\"491\">Hauteur :<\/strong> 20 \u00e0 30 m<\/li>\n<li data-section-id=\"qk906b\" data-start=\"504\" data-end=\"531\"><strong data-start=\"506\" data-end=\"519\">Largeur :<\/strong> 15 \u00e0 20 m<\/li>\n<li data-section-id=\"11qi670\" data-start=\"532\" data-end=\"569\"><strong data-start=\"534\" data-end=\"550\">Croissance :<\/strong> Moyenne \u00e0 rapide<\/li>\n<li data-section-id=\"1rtnc6\" data-start=\"571\" data-end=\"598\"><strong data-start=\"573\" data-end=\"589\">Exposition :<\/strong> Soleil<\/li>\n<li data-section-id=\"14p9c0f\" data-start=\"599\" data-end=\"650\"><strong data-start=\"601\" data-end=\"610\">Sol :<\/strong> Pr\u00e9f\u00e8re profond, riche et bien drain\u00e9<\/li>\n<li data-section-id=\"13iiq8u\" data-start=\"651\" data-end=\"669\"><strong data-start=\"653\" data-end=\"663\">Zone :<\/strong> 4\u20135<\/li>\n<li data-section-id=\"15z6y7d\" data-start=\"671\" data-end=\"724\"><strong data-start=\"673\" data-end=\"688\">Feuillage :<\/strong> Vert fonc\u00e9, compos\u00e9, texture fine<\/li>\n<li data-section-id=\"qhopv8\" data-start=\"725\" data-end=\"758\"><strong data-start=\"727\" data-end=\"750\">Couleur automnale :<\/strong> Jaune<\/li>\n<\/ul>\n<h1><\/h1>\n","protected":false},"excerpt":{"rendered":"<p>Voir disponibilit\u00e9 en magasin Nom Latin : Juglans Nigra Arbre indig\u00e8ne de grande taille, le noyer noir est reconnu pour sa croissance vigoureuse, son bois de grande valeur et ses noix comestibles. Il produit une substance appel\u00e9e juglone, qui peut limiter la croissance de certaines plantes \u00e0 proximit\u00e9. Id\u00e9al pour les grands terrains, parcs et [&hellip;]<\/p>\n","protected":false},"featured_media":2631,"comment_status":"closed","ping_status":"open","template":"","meta":{"_acf_changed":false,"_seopress_robots_primary_cat":"","_seopress_titles_title":"","_seopress_titles_desc":"","_seopress_robots_index":"","_seopress_analysis_target_kw":""},"product_brand":[],"product_cat":[44,43],"product_tag":[],"class_list":{"0":"post-3980","1":"product","2":"type-product","3":"status-publish","4":"has-post-thumbnail","6":"product_cat-arbres","7":"product_cat-vegetaux","8":"pa_format-175-cm","9":"pa_format-200-cm","10":"pa_format-35-mm","11":"pa_format-40-mm","12":"pa_format-45-mm","13":"pa_format-50-mm","14":"pa_format-75-cm","16":"first","17":"instock","18":"taxable","19":"shipping-taxable","20":"purchasable","21":"product-type-variable"},"acf":[],"_links":{"self":[{"href":"https:\/\/www.paysagesrossignol.com\/en\/wp-json\/wp\/v2\/product\/3980","targetHints":{"allow":["GET"]}}],"collection":[{"href":"https:\/\/www.paysagesrossignol.com\/en\/wp-json\/wp\/v2\/product"}],"about":[{"href":"https:\/\/www.paysagesrossignol.com\/en\/wp-json\/wp\/v2\/types\/product"}],"replies":[{"embeddable":true,"href":"https:\/\/www.paysagesrossignol.com\/en\/wp-json\/wp\/v2\/comments?post=3980"}],"wp:featuredmedia":[{"embeddable":true,"href":"https:\/\/www.paysagesrossignol.com\/en\/wp-json\/wp\/v2\/media\/2631"}],"wp:attachment":[{"href":"https:\/\/www.paysagesrossignol.com\/en\/wp-json\/wp\/v2\/media?parent=3980"}],"wp:term":[{"taxonomy":"product_brand","embeddable":true,"href":"https:\/\/www.paysagesrossignol.com\/en\/wp-json\/wp\/v2\/product_brand?post=3980"},{"taxonomy":"product_cat","embeddable":true,"href":"https:\/\/www.paysagesrossignol.com\/en\/wp-json\/wp\/v2\/product_cat?post=3980"},{"taxonomy":"product_tag","embeddable":true,"href":"https:\/\/www.paysagesrossignol.com\/en\/wp-json\/wp\/v2\/product_tag?post=3980"}],"curies":[{"name":"wp","href":"https:\/\/api.w.org\/{rel}","templated":true}]}}