{"id":4148,"date":"2026-03-11T04:00:18","date_gmt":"2026-03-11T08:00:18","guid":{"rendered":"https:\/\/www.paysagesrossignol.com\/product\/fevier-skyline\/"},"modified":"2026-05-04T11:04:10","modified_gmt":"2026-05-04T15:04:10","slug":"fevier-skyline","status":"publish","type":"product","link":"https:\/\/www.paysagesrossignol.com\/en\/product\/fevier-skyline\/","title":{"rendered":"F\u00e9vier d&#8217;Am\u00e9rique Skyline"},"content":{"rendered":"<h1>Voir disponibilit\u00e9 en magasin<\/h1>\n<h3>Nom Latin : Gleditsia Triacanthos Skyline<\/h3>\n<p>Arbre sans \u00e9pines reconnu pour son port pyramidale r\u00e9gulier et sa structure solide, &#8216;Skyline&#8217; est tr\u00e8s appr\u00e9ci\u00e9 pour les plantations d&#8217;alignement. Il combine une bonne tol\u00e9rance aux conditions urbaines avec un feuillage l\u00e9ger qui procure une ombre filtr\u00e9e uniforme, id\u00e9ale pour les rues et les stationnements.<\/p>\n<p>Caract\u00e9ristiques<\/p>\n<ul>\n<li>Hauteur : 15 \u00e0 18 m<\/li>\n<li>Largeur : 10 \u00e0 12 m<\/li>\n<li>Croissance : Rapide<\/li>\n<li>Exposition : Soleil<\/li>\n<li>Sol : Tr\u00e8s adaptable, tol\u00e8re sols pauvres, secs, compaction et sel (mod\u00e9r\u00e9)<\/li>\n<li>Zone : 4<\/li>\n<li>Feuillage : Vert, fin et l\u00e9ger (aspect a\u00e9rien)<\/li>\n<li>Couleur automnale : Jaune<\/li>\n<\/ul>\n","protected":false},"excerpt":{"rendered":"<p>Voir disponibilit\u00e9 en magasin Nom Latin : Gleditsia Triacanthos Skyline Arbre sans \u00e9pines reconnu pour son port pyramidale r\u00e9gulier et sa structure solide, &#8216;Skyline&#8217; est tr\u00e8s appr\u00e9ci\u00e9 pour les plantations d&#8217;alignement. Il combine une bonne tol\u00e9rance aux conditions urbaines avec un feuillage l\u00e9ger qui procure une ombre filtr\u00e9e uniforme, id\u00e9ale pour les rues et les [&hellip;]<\/p>\n","protected":false},"featured_media":4149,"comment_status":"closed","ping_status":"open","template":"","meta":{"_acf_changed":false,"_seopress_robots_primary_cat":"","_seopress_titles_title":"","_seopress_titles_desc":"","_seopress_robots_index":"","_seopress_analysis_target_kw":""},"product_brand":[],"product_cat":[44,43],"product_tag":[],"class_list":{"0":"post-4148","1":"product","2":"type-product","3":"status-publish","4":"has-post-thumbnail","6":"product_cat-arbres","7":"product_cat-vegetaux","8":"pa_format-150-cm","9":"pa_format-175-cm","10":"pa_format-200-cm","11":"pa_format-225-cm","12":"pa_format-25-mm","13":"pa_format-250-cm","14":"pa_format-30-mm","15":"pa_format-35-mm","16":"pa_format-40-mm","17":"pa_format-45-mm","18":"pa_format-50-mm","19":"pa_format-55-mm","20":"pa_format-60-mm","21":"pa_format-65-mm","22":"pa_format-70-mm","23":"pa_format-75-mm","24":"pa_format-80-mm","26":"first","27":"instock","28":"taxable","29":"shipping-taxable","30":"purchasable","31":"product-type-variable"},"acf":[],"_links":{"self":[{"href":"https:\/\/www.paysagesrossignol.com\/en\/wp-json\/wp\/v2\/product\/4148","targetHints":{"allow":["GET"]}}],"collection":[{"href":"https:\/\/www.paysagesrossignol.com\/en\/wp-json\/wp\/v2\/product"}],"about":[{"href":"https:\/\/www.paysagesrossignol.com\/en\/wp-json\/wp\/v2\/types\/product"}],"replies":[{"embeddable":true,"href":"https:\/\/www.paysagesrossignol.com\/en\/wp-json\/wp\/v2\/comments?post=4148"}],"wp:featuredmedia":[{"embeddable":true,"href":"https:\/\/www.paysagesrossignol.com\/en\/wp-json\/wp\/v2\/media\/4149"}],"wp:attachment":[{"href":"https:\/\/www.paysagesrossignol.com\/en\/wp-json\/wp\/v2\/media?parent=4148"}],"wp:term":[{"taxonomy":"product_brand","embeddable":true,"href":"https:\/\/www.paysagesrossignol.com\/en\/wp-json\/wp\/v2\/product_brand?post=4148"},{"taxonomy":"product_cat","embeddable":true,"href":"https:\/\/www.paysagesrossignol.com\/en\/wp-json\/wp\/v2\/product_cat?post=4148"},{"taxonomy":"product_tag","embeddable":true,"href":"https:\/\/www.paysagesrossignol.com\/en\/wp-json\/wp\/v2\/product_tag?post=4148"}],"curies":[{"name":"wp","href":"https:\/\/api.w.org\/{rel}","templated":true}]}}