{"id":4979,"date":"2024-02-28T05:00:02","date_gmt":"2024-02-28T10:00:02","guid":{"rendered":"https:\/\/www.paysagesrossignol.com\/product\/cedre-pour-haie-2\/"},"modified":"2026-05-04T11:16:10","modified_gmt":"2026-05-04T15:16:10","slug":"cedre-pour-haie-2","status":"publish","type":"product","link":"https:\/\/www.paysagesrossignol.com\/en\/product\/cedre-pour-haie-2\/","title":{"rendered":"C\u00e8dres \u00e0 Haie"},"content":{"rendered":"<h1>Voir disponibilit\u00e9 en magasin<\/h1>\n<h3>Nom Latin : Thuya Occidentalis Nigra<\/h3>\n<p>C\u00e8dres \u00e0 haie cultiv\u00e9s en pot<br \/>\nPlantez les c\u00e8dres tous les 60 cm (2 pieds)<\/p>\n<p>&nbsp;<\/p>\n","protected":false},"excerpt":{"rendered":"<p>Voir disponibilit\u00e9 en magasin Nom Latin : Thuya Occidentalis Nigra C\u00e8dres \u00e0 haie cultiv\u00e9s en pot Plantez les c\u00e8dres tous les 60 cm (2 pieds) &nbsp;<\/p>\n","protected":false},"featured_media":4980,"comment_status":"closed","ping_status":"open","template":"","meta":{"_acf_changed":false,"_seopress_robots_primary_cat":"","_seopress_titles_title":"","_seopress_titles_desc":"","_seopress_robots_index":"","_seopress_analysis_target_kw":""},"product_brand":[],"product_cat":[45,43],"product_tag":[],"class_list":{"0":"post-4979","1":"product","2":"type-product","3":"status-publish","4":"has-post-thumbnail","6":"product_cat-coniferes","7":"product_cat-vegetaux","8":"pa_format-101-120-cm","9":"pa_format-121-140-cm","10":"pa_format-141-160-cm","11":"pa_format-161-180-cm","12":"pa_format-181-200-cm","13":"pa_format-201-220-cm","14":"pa_format-221-240-cm","15":"pa_format-41-60-cm","16":"pa_format-61-80-cm","17":"pa_format-81-100-cm","19":"first","20":"instock","21":"taxable","22":"shipping-taxable","23":"purchasable","24":"product-type-variable"},"acf":[],"_links":{"self":[{"href":"https:\/\/www.paysagesrossignol.com\/en\/wp-json\/wp\/v2\/product\/4979","targetHints":{"allow":["GET"]}}],"collection":[{"href":"https:\/\/www.paysagesrossignol.com\/en\/wp-json\/wp\/v2\/product"}],"about":[{"href":"https:\/\/www.paysagesrossignol.com\/en\/wp-json\/wp\/v2\/types\/product"}],"replies":[{"embeddable":true,"href":"https:\/\/www.paysagesrossignol.com\/en\/wp-json\/wp\/v2\/comments?post=4979"}],"wp:featuredmedia":[{"embeddable":true,"href":"https:\/\/www.paysagesrossignol.com\/en\/wp-json\/wp\/v2\/media\/4980"}],"wp:attachment":[{"href":"https:\/\/www.paysagesrossignol.com\/en\/wp-json\/wp\/v2\/media?parent=4979"}],"wp:term":[{"taxonomy":"product_brand","embeddable":true,"href":"https:\/\/www.paysagesrossignol.com\/en\/wp-json\/wp\/v2\/product_brand?post=4979"},{"taxonomy":"product_cat","embeddable":true,"href":"https:\/\/www.paysagesrossignol.com\/en\/wp-json\/wp\/v2\/product_cat?post=4979"},{"taxonomy":"product_tag","embeddable":true,"href":"https:\/\/www.paysagesrossignol.com\/en\/wp-json\/wp\/v2\/product_tag?post=4979"}],"curies":[{"name":"wp","href":"https:\/\/api.w.org\/{rel}","templated":true}]}}