{"id":5027,"date":"2026-03-30T04:00:31","date_gmt":"2026-03-30T08:00:31","guid":{"rendered":"https:\/\/www.paysagesrossignol.com\/product\/viva-pelouse\/"},"modified":"2026-05-04T09:58:54","modified_gmt":"2026-05-04T13:58:54","slug":"viva-pelouse","status":"publish","type":"product","link":"https:\/\/www.paysagesrossignol.com\/en\/product\/viva-pelouse\/","title":{"rendered":"Terreau r\u00e9parateur Viva Pelouse 42L"},"content":{"rendered":"<h1>Voir disponibilit\u00e9 en magasin<\/h1>\n<p>Sac de 42 litres<\/p>\n<p>Le terreau r\u00e9parateur VIVA PELOUSE\u00ae est sp\u00e9cialement con\u00e7u pour la r\u00e9paration des surfaces de la pelouse ab\u00eem\u00e9es par l\u2019urine de chiens, les vers blancs ou d\u2019autres insectes ravageurs. Ce terreau \u00e0 base de tourbe de sphaigne est enrichi de compost et d\u2019agent mouillant pour des r\u00e9sultats exceptionnels.<\/p>\n<p>&nbsp;<\/p>\n<p>CARACT\u00c9RISTIQUES<br \/>\nProcure une pelouse jusqu\u2019\u00e0 2X plus dense*<br \/>\nAide \u00e0 retenir l\u2019humidit\u00e9 pour une germination en 5 jours**<br \/>\nAide \u00e0 pr\u00e9venir l\u2019invasion des mauvaises herbes<br \/>\n*Compar\u00e9 \u00e0 une terre conventionnelle<br \/>\n** Les semences ne se sont pas incluses dans le terreau<\/p>\n","protected":false},"excerpt":{"rendered":"<p>Voir disponibilit\u00e9 en magasin Sac de 42 litres Le terreau r\u00e9parateur VIVA PELOUSE\u00ae est sp\u00e9cialement con\u00e7u pour la r\u00e9paration des surfaces de la pelouse ab\u00eem\u00e9es par l\u2019urine de chiens, les vers blancs ou d\u2019autres insectes ravageurs. Ce terreau \u00e0 base de tourbe de sphaigne est enrichi de compost et d\u2019agent mouillant pour des r\u00e9sultats exceptionnels. [&hellip;]<\/p>\n","protected":false},"featured_media":5028,"comment_status":"closed","ping_status":"open","template":"","meta":{"_acf_changed":false,"_seopress_robots_primary_cat":"","_seopress_titles_title":"","_seopress_titles_desc":"","_seopress_robots_index":"","_seopress_analysis_target_kw":""},"product_brand":[],"product_cat":[31,32],"product_tag":[],"class_list":{"0":"post-5027","1":"product","2":"type-product","3":"status-publish","4":"has-post-thumbnail","6":"product_cat-amenagement-jardin","7":"product_cat-paillis-et-terreau-en-sac","9":"first","10":"instock","11":"taxable","12":"shipping-taxable","13":"purchasable","14":"product-type-simple"},"acf":[],"_links":{"self":[{"href":"https:\/\/www.paysagesrossignol.com\/en\/wp-json\/wp\/v2\/product\/5027","targetHints":{"allow":["GET"]}}],"collection":[{"href":"https:\/\/www.paysagesrossignol.com\/en\/wp-json\/wp\/v2\/product"}],"about":[{"href":"https:\/\/www.paysagesrossignol.com\/en\/wp-json\/wp\/v2\/types\/product"}],"replies":[{"embeddable":true,"href":"https:\/\/www.paysagesrossignol.com\/en\/wp-json\/wp\/v2\/comments?post=5027"}],"wp:featuredmedia":[{"embeddable":true,"href":"https:\/\/www.paysagesrossignol.com\/en\/wp-json\/wp\/v2\/media\/5028"}],"wp:attachment":[{"href":"https:\/\/www.paysagesrossignol.com\/en\/wp-json\/wp\/v2\/media?parent=5027"}],"wp:term":[{"taxonomy":"product_brand","embeddable":true,"href":"https:\/\/www.paysagesrossignol.com\/en\/wp-json\/wp\/v2\/product_brand?post=5027"},{"taxonomy":"product_cat","embeddable":true,"href":"https:\/\/www.paysagesrossignol.com\/en\/wp-json\/wp\/v2\/product_cat?post=5027"},{"taxonomy":"product_tag","embeddable":true,"href":"https:\/\/www.paysagesrossignol.com\/en\/wp-json\/wp\/v2\/product_tag?post=5027"}],"curies":[{"name":"wp","href":"https:\/\/api.w.org\/{rel}","templated":true}]}}