{"id":5031,"date":"2026-03-30T04:00:31","date_gmt":"2026-03-30T08:00:31","guid":{"rendered":"https:\/\/www.paysagesrossignol.com\/product\/terreau-connaisseur\/"},"modified":"2026-05-04T11:01:26","modified_gmt":"2026-05-04T15:01:26","slug":"terreau-connaisseur","status":"publish","type":"product","link":"https:\/\/www.paysagesrossignol.com\/en\/product\/terreau-connaisseur\/","title":{"rendered":"Terreau d&#8217;empotage pour plante d&#8217;int\u00e9rieur"},"content":{"rendered":"<h1>Voir disponibilit\u00e9 en magasin<\/h1>\n<p>CARACT\u00c9RISTIQUES<br \/>\nApprouv\u00e9 pour la culture biologique<br \/>\nArrosage moins fr\u00e9quent gr\u00e2ce \u00e0 la fibre de noix de coco qui retient l\u2019eau*<br \/>\nEnrichi d\u2019engrais naturel<br \/>\n*Compar\u00e9 \u00e0 une terre conventionnelle.<\/p>\n<p>UTILISATIONS<br \/>\nTerreau sp\u00e9cialement con\u00e7u pour l\u2019empotage de plantes d\u2019int\u00e9rieur. Il convient \u00e0 un vaste \u00e9ventail d\u2019esp\u00e8ces v\u00e9g\u00e9tales telles que : caladium, cam\u00e9lia, croton, dieffenbachia, dracaena, ficus, foug\u00e8re, hibiscus, laurier, lierre, palmier, peperomia, philodendron, plante araign\u00e9e, pothos, sansevi\u00e8re, schefflera, spathiphyllum, syngonium et plusieurs autres.<br \/>\nIl est \u00e9galement recommand\u00e9 pour la culture des fines herbes en contenants \u00e0 l\u2019int\u00e9rieur.<\/p>\n","protected":false},"excerpt":{"rendered":"<p>Voir disponibilit\u00e9 en magasin CARACT\u00c9RISTIQUES Approuv\u00e9 pour la culture biologique Arrosage moins fr\u00e9quent gr\u00e2ce \u00e0 la fibre de noix de coco qui retient l\u2019eau* Enrichi d\u2019engrais naturel *Compar\u00e9 \u00e0 une terre conventionnelle. UTILISATIONS Terreau sp\u00e9cialement con\u00e7u pour l\u2019empotage de plantes d\u2019int\u00e9rieur. Il convient \u00e0 un vaste \u00e9ventail d\u2019esp\u00e8ces v\u00e9g\u00e9tales telles que : caladium, cam\u00e9lia, croton, [&hellip;]<\/p>\n","protected":false},"featured_media":5032,"comment_status":"closed","ping_status":"open","template":"","meta":{"_acf_changed":false,"_seopress_robots_primary_cat":"","_seopress_titles_title":"","_seopress_titles_desc":"","_seopress_robots_index":"","_seopress_analysis_target_kw":""},"product_brand":[],"product_cat":[31,32],"product_tag":[],"class_list":{"0":"post-5031","1":"product","2":"type-product","3":"status-publish","4":"has-post-thumbnail","6":"product_cat-amenagement-jardin","7":"product_cat-paillis-et-terreau-en-sac","8":"pa_format-25l","9":"pa_format-8-8l","11":"first","12":"instock","13":"taxable","14":"shipping-taxable","15":"purchasable","16":"product-type-variable"},"acf":[],"_links":{"self":[{"href":"https:\/\/www.paysagesrossignol.com\/en\/wp-json\/wp\/v2\/product\/5031","targetHints":{"allow":["GET"]}}],"collection":[{"href":"https:\/\/www.paysagesrossignol.com\/en\/wp-json\/wp\/v2\/product"}],"about":[{"href":"https:\/\/www.paysagesrossignol.com\/en\/wp-json\/wp\/v2\/types\/product"}],"replies":[{"embeddable":true,"href":"https:\/\/www.paysagesrossignol.com\/en\/wp-json\/wp\/v2\/comments?post=5031"}],"wp:featuredmedia":[{"embeddable":true,"href":"https:\/\/www.paysagesrossignol.com\/en\/wp-json\/wp\/v2\/media\/5032"}],"wp:attachment":[{"href":"https:\/\/www.paysagesrossignol.com\/en\/wp-json\/wp\/v2\/media?parent=5031"}],"wp:term":[{"taxonomy":"product_brand","embeddable":true,"href":"https:\/\/www.paysagesrossignol.com\/en\/wp-json\/wp\/v2\/product_brand?post=5031"},{"taxonomy":"product_cat","embeddable":true,"href":"https:\/\/www.paysagesrossignol.com\/en\/wp-json\/wp\/v2\/product_cat?post=5031"},{"taxonomy":"product_tag","embeddable":true,"href":"https:\/\/www.paysagesrossignol.com\/en\/wp-json\/wp\/v2\/product_tag?post=5031"}],"curies":[{"name":"wp","href":"https:\/\/api.w.org\/{rel}","templated":true}]}}