{"id":5039,"date":"2026-03-30T04:00:31","date_gmt":"2026-03-30T08:00:31","guid":{"rendered":"https:\/\/www.paysagesrossignol.com\/product\/terreau-pour-cactus-et-plantes-grasses-5-litres\/"},"modified":"2026-05-04T09:59:04","modified_gmt":"2026-05-04T13:59:04","slug":"terreau-pour-cactus-et-plantes-grasses-5-litres","status":"publish","type":"product","link":"https:\/\/www.paysagesrossignol.com\/en\/product\/terreau-pour-cactus-et-plantes-grasses-5-litres\/","title":{"rendered":"Terreau d&#8217;empotage pour Cactus + Succulente 8.8L"},"content":{"rendered":"<h1>Voir disponibilit\u00e9 en magasin<\/h1>\n<div class=\"col-12 col-lg-7 \">\n<div class=\"row overview-section mt-4\">\n<div class=\"col-12\">\n<p>Le terreau d&#8217;empotage pour CACTUS + SUCCULENTE est sp\u00e9cialement con\u00e7u pour l&#8217;empotage des plantes de type succulente. Ces plantes, aussi appel\u00e9es plantes grasses, sont particuli\u00e8rement adapt\u00e9es \u00e0 la s\u00e9cheresse. Ce terreau \u00e0 base de tourbe de sphaigne et de sable favorise le drainage rapide de l&#8217;eau tout en conservant le niveau d&#8217;humidit\u00e9 id\u00e9al pour ce type de plantes.<\/p>\n<p>Sp\u00e9cialement con\u00e7u pour les plantes d\u00e9sertiques telles que les cactus, les succulentes (langues de belle-m\u00e8re, dracaena, plantes ZZ, hoya), les palmiers, ainsi que les agrumes.<\/p>\n<p>Contient de la tourbe de sphaigne qui retient l\u2019eau et la lib\u00e8re selon les besoins.<\/p>\n<p>Contient de la perlite et du sable qui am\u00e9liorent le drainage afin de favoriser une croissance vigoureuse des racines.<\/p>\n<p>Les ingr\u00e9dients actifs sont d\u00e9riv\u00e9s de nitrate d\u2019ammonium, de sulfate de potassium, de monophosphate d\u2019ammonium, de phosphate diammonique, de phosphate de calcium, de tourbe et de 2022700S ou 2021923S de la Loi sur les engrais &#8211;<\/p>\n<p>ANALYSE MINIMALE GARANTIE<br \/>\nAzote total (N) &#8211; 0,01 %<br \/>\nAcide phosphorique assimilable (P<sub>2<\/sub>O<sub>5<\/sub>) &#8211; 0,01 %<br \/>\nAcide phosphorique total 0,01 %<br \/>\nPotasse soluble (K<sub>2<\/sub>O) &#8211; 0,01 %<br \/>\nCalcium (Ca) &#8211; 0,001 %<br \/>\nSoufre (S) &#8211; 0,005 %<br \/>\nHuile de lin, polym\u00e8re avec dicyclopentadi\u00e8ne &#8211; 0,003 %<br \/>\nPolyol &#8211; 0,002 %<br \/>\nDiph\u00e9nylm\u00e9thanediisocyanate &#8211; 0,003 %<br \/>\nMati\u00e8re organique &#8211; 15 %<br \/>\nHumidit\u00e9 maximale &#8211; 55 %<\/p>\n<\/div>\n<\/div>\n<\/div>\n","protected":false},"excerpt":{"rendered":"<p>Voir disponibilit\u00e9 en magasin Le terreau d&#8217;empotage pour CACTUS + SUCCULENTE est sp\u00e9cialement con\u00e7u pour l&#8217;empotage des plantes de type succulente. Ces plantes, aussi appel\u00e9es plantes grasses, sont particuli\u00e8rement adapt\u00e9es \u00e0 la s\u00e9cheresse. Ce terreau \u00e0 base de tourbe de sphaigne et de sable favorise le drainage rapide de l&#8217;eau tout en conservant le niveau [&hellip;]<\/p>\n","protected":false},"featured_media":5040,"comment_status":"closed","ping_status":"open","template":"","meta":{"_acf_changed":false,"_seopress_robots_primary_cat":"","_seopress_titles_title":"","_seopress_titles_desc":"","_seopress_robots_index":"","_seopress_analysis_target_kw":""},"product_brand":[],"product_cat":[31,32],"product_tag":[],"class_list":{"0":"post-5039","1":"product","2":"type-product","3":"status-publish","4":"has-post-thumbnail","6":"product_cat-amenagement-jardin","7":"product_cat-paillis-et-terreau-en-sac","9":"first","10":"instock","11":"taxable","12":"shipping-taxable","13":"purchasable","14":"product-type-simple"},"acf":[],"_links":{"self":[{"href":"https:\/\/www.paysagesrossignol.com\/en\/wp-json\/wp\/v2\/product\/5039","targetHints":{"allow":["GET"]}}],"collection":[{"href":"https:\/\/www.paysagesrossignol.com\/en\/wp-json\/wp\/v2\/product"}],"about":[{"href":"https:\/\/www.paysagesrossignol.com\/en\/wp-json\/wp\/v2\/types\/product"}],"replies":[{"embeddable":true,"href":"https:\/\/www.paysagesrossignol.com\/en\/wp-json\/wp\/v2\/comments?post=5039"}],"wp:featuredmedia":[{"embeddable":true,"href":"https:\/\/www.paysagesrossignol.com\/en\/wp-json\/wp\/v2\/media\/5040"}],"wp:attachment":[{"href":"https:\/\/www.paysagesrossignol.com\/en\/wp-json\/wp\/v2\/media?parent=5039"}],"wp:term":[{"taxonomy":"product_brand","embeddable":true,"href":"https:\/\/www.paysagesrossignol.com\/en\/wp-json\/wp\/v2\/product_brand?post=5039"},{"taxonomy":"product_cat","embeddable":true,"href":"https:\/\/www.paysagesrossignol.com\/en\/wp-json\/wp\/v2\/product_cat?post=5039"},{"taxonomy":"product_tag","embeddable":true,"href":"https:\/\/www.paysagesrossignol.com\/en\/wp-json\/wp\/v2\/product_tag?post=5039"}],"curies":[{"name":"wp","href":"https:\/\/api.w.org\/{rel}","templated":true}]}}